{"id":736934,"date":"2025-08-27T23:18:07","date_gmt":"2025-08-27T20:18:07","guid":{"rendered":"https:\/\/roveyayinevi.com.tr\/index.php\/urun\/gorme-engelli-bir-bebek-ebeveynlerine-sesleniyor\/"},"modified":"2026-04-16T02:45:57","modified_gmt":"2026-04-15T23:45:57","slug":"gorme-engelli-bir-bebek-ebeveynlerine-sesleniyor","status":"publish","type":"product","link":"https:\/\/roveyayinevi.com.tr\/index.php\/urun\/gorme-engelli-bir-bebek-ebeveynlerine-sesleniyor\/","title":{"rendered":"G\u00f6rme Engelli Bir Bebek, Ebeveynlerine Sesleniyor"},"content":{"rendered":"<p>Bu kitapta g\u00f6rme engelli bir bebe\u011fin d\u00fcnyaya geli\u015f an\u0131ndan itibaren anne babas\u0131ndan neler bekledi\u011fini, onun a\u011fz\u0131ndan dile getirmek istiyorum. Bebe\u011fin do\u011fu\u015fu,  anne baba ve di\u011fer aile bireyleri taraf\u0131ndan kar\u015f\u0131lan\u0131\u015f\u0131, b\u00fcy\u00fcme evreleri ve geli\u015fim alanlar\u0131n\u0131n desteklenmesi i\u00e7in anne babalar\u0131n dikkate almalar\u0131 gereken \u00f6nemli noktalar gibi konular\u0131 kaleme ald\u0131m. Kitab\u0131n size iyi bir k\u0131lavuz olmas\u0131 temennimle\u2026 <\/p>\n","protected":false},"excerpt":{"rendered":"<p>Bu kitapta g\u00f6rme engelli bir bebe\u011fin d\u00fcnyaya geli\u015f an\u0131ndan itibaren anne babas\u0131ndan neler bekledi\u011fini, onun a\u011fz\u0131ndan dile getirmek istiyorum. Bebe\u011fin do\u011fu\u015fu, anne baba ve di\u011fer aile<span class=\"excerpt-hellip\"> [\u2026]<\/span><\/p>\n","protected":false},"featured_media":0,"template":"","meta":{"_monsterinsights_skip_tracking":false,"_monsterinsights_sitenote_active":false,"_monsterinsights_sitenote_note":"","_monsterinsights_sitenote_category":0},"product_brand":[],"product_cat":[17996,12364],"product_tag":[],"class_list":{"0":"post-736934","1":"product","2":"type-product","3":"status-publish","5":"product_cat-ebeveyn-kitaplari","6":"product_cat-genel-konular","7":"pa_cilt-ciltsiz","8":"pa_tur-kitap","9":"pa_yayinevi-somut-yayinlari","10":"pa_yazar-canan-cam-yucel","12":"first","13":"instock","14":"sale","15":"shipping-taxable","16":"purchasable","17":"product-type-simple"},"_links":{"self":[{"href":"https:\/\/roveyayinevi.com.tr\/index.php\/wp-json\/wp\/v2\/product\/736934","targetHints":{"allow":["GET"]}}],"collection":[{"href":"https:\/\/roveyayinevi.com.tr\/index.php\/wp-json\/wp\/v2\/product"}],"about":[{"href":"https:\/\/roveyayinevi.com.tr\/index.php\/wp-json\/wp\/v2\/types\/product"}],"wp:attachment":[{"href":"https:\/\/roveyayinevi.com.tr\/index.php\/wp-json\/wp\/v2\/media?parent=736934"}],"wp:term":[{"taxonomy":"product_brand","embeddable":true,"href":"https:\/\/roveyayinevi.com.tr\/index.php\/wp-json\/wp\/v2\/product_brand?post=736934"},{"taxonomy":"product_cat","embeddable":true,"href":"https:\/\/roveyayinevi.com.tr\/index.php\/wp-json\/wp\/v2\/product_cat?post=736934"},{"taxonomy":"product_tag","embeddable":true,"href":"https:\/\/roveyayinevi.com.tr\/index.php\/wp-json\/wp\/v2\/product_tag?post=736934"}],"curies":[{"name":"wp","href":"https:\/\/api.w.org\/{rel}","templated":true}]}}