{"id":736931,"date":"2025-08-27T23:18:04","date_gmt":"2025-08-27T20:18:04","guid":{"rendered":"https:\/\/roveyayinevi.com.tr\/index.php\/urun\/sihirli-sayfa\/"},"modified":"2026-04-16T02:45:57","modified_gmt":"2026-04-15T23:45:57","slug":"sihirli-sayfa","status":"publish","type":"product","link":"https:\/\/roveyayinevi.com.tr\/index.php\/urun\/sihirli-sayfa\/","title":{"rendered":"Sihirli Sayfa"},"content":{"rendered":"<p>D\u00fc\u015f\u00fcn\u00fcn, sihirli bir sayfaya sahipsiniz. Ona yazabilece\u011finiz s\u0131n\u0131rl\u0131 dilek hakk\u0131n\u0131z var. Peki, dilekleriniz ger\u00e7ekle\u015fti\u011finde ne olur? Her dilek bizi mutlu sona m\u0131 g\u00f6t\u00fcr\u00fcr? Sera; annesi, babas\u0131, ablas\u0131 ve b\u00fcy\u00fckannesiyle ya\u015fayan k\u00fc\u00e7\u00fck bir k\u0131z \u00e7ocu\u011fu. Sera\u2019n\u0131n yolu bir g\u00fcn sihirli sayfayla kesi\u015fir fakat Sera\u2019n\u0131n sihirli sayfaya yazd\u0131klar\u0131 di\u011fer \u00e7ocuklar\u0131nkinden biraz farkl\u0131d\u0131r. Her sat\u0131r\u0131 duygu y\u00fckl\u00fc olan bu kitab\u0131 okurken siz de sihirli bir sayfaya sahip oldu\u011funuzu hayal edin. Sayfa tekrar yola \u00e7\u0131kt\u0131; kim bilir belki bu sefer yolu size d\u00fc\u015fer. Bu kitap, Psikolog Arzu ASLAN taraf\u0131ndan okunmu\u015ftur. Sorunlarla ba\u015fa \u00e7\u0131kmada, f\u0131rsatlar\u0131 de\u011ferlendirmede ki\u015filerin bireysel \u00e7aba ve sorumlulu\u011funun \u00f6nemli oldu\u011funun; a\u00e7g\u00f6zl\u00fcl\u00fck ve s\u00fcrekli mucizeyle kar\u015f\u0131la\u015fma beklentisinin hayal k\u0131r\u0131kl\u0131\u011f\u0131 ile sonu\u00e7lanaca\u011f\u0131n\u0131n vurgulanmas\u0131 a\u00e7\u0131s\u0131ndan tavsiye edilmektedir. <\/p>\n","protected":false},"excerpt":{"rendered":"<p>D\u00fc\u015f\u00fcn\u00fcn, sihirli bir sayfaya sahipsiniz. Ona yazabilece\u011finiz s\u0131n\u0131rl\u0131 dilek hakk\u0131n\u0131z var. Peki, dilekleriniz ger\u00e7ekle\u015fti\u011finde ne olur? Her dilek bizi mutlu sona m\u0131 g\u00f6t\u00fcr\u00fcr? Sera; annesi, babas\u0131,<span class=\"excerpt-hellip\"> [\u2026]<\/span><\/p>\n","protected":false},"featured_media":0,"template":"","meta":{"_monsterinsights_skip_tracking":false,"_monsterinsights_sitenote_active":false,"_monsterinsights_sitenote_note":"","_monsterinsights_sitenote_category":0},"product_brand":[],"product_cat":[12275,12274],"product_tag":[],"class_list":{"0":"post-736931","1":"product","2":"type-product","3":"status-publish","5":"product_cat-6-12-yas-kitaplari","6":"product_cat-cocuk-ve-genclik-kitaplari","7":"pa_cilt-ciltsiz","8":"pa_tur-kitap","9":"pa_yayinevi-luna-cocuk-yayinlari","10":"pa_yazar-aysel-funda-ayas","12":"first","13":"instock","14":"sale","15":"shipping-taxable","16":"purchasable","17":"product-type-simple"},"_links":{"self":[{"href":"https:\/\/roveyayinevi.com.tr\/index.php\/wp-json\/wp\/v2\/product\/736931","targetHints":{"allow":["GET"]}}],"collection":[{"href":"https:\/\/roveyayinevi.com.tr\/index.php\/wp-json\/wp\/v2\/product"}],"about":[{"href":"https:\/\/roveyayinevi.com.tr\/index.php\/wp-json\/wp\/v2\/types\/product"}],"wp:attachment":[{"href":"https:\/\/roveyayinevi.com.tr\/index.php\/wp-json\/wp\/v2\/media?parent=736931"}],"wp:term":[{"taxonomy":"product_brand","embeddable":true,"href":"https:\/\/roveyayinevi.com.tr\/index.php\/wp-json\/wp\/v2\/product_brand?post=736931"},{"taxonomy":"product_cat","embeddable":true,"href":"https:\/\/roveyayinevi.com.tr\/index.php\/wp-json\/wp\/v2\/product_cat?post=736931"},{"taxonomy":"product_tag","embeddable":true,"href":"https:\/\/roveyayinevi.com.tr\/index.php\/wp-json\/wp\/v2\/product_tag?post=736931"}],"curies":[{"name":"wp","href":"https:\/\/api.w.org\/{rel}","templated":true}]}}