{"id":736930,"date":"2025-08-27T23:18:03","date_gmt":"2025-08-27T20:18:03","guid":{"rendered":"https:\/\/roveyayinevi.com.tr\/index.php\/urun\/ruhumun-yalnizligi\/"},"modified":"2026-04-16T02:45:57","modified_gmt":"2026-04-15T23:45:57","slug":"ruhumun-yalnizligi","status":"publish","type":"product","link":"https:\/\/roveyayinevi.com.tr\/index.php\/urun\/ruhumun-yalnizligi\/","title":{"rendered":"Ruhumun Yaln\u0131zl\u0131\u011f\u0131"},"content":{"rendered":"<p>Kimi zaman iki s\u00f6zc\u00fck, kimi zaman bir c\u00fcmle, kimi zaman bir \u015fiir&#8230; Az say\u0131da s\u00f6z, uzun ve derin d\u00fc\u015f\u00fcncelere davet ediyor okuru. Okurun kitab\u0131 bir kerede okuyup bitirmesinden ziyade, ba\u015f ucuna koyup tekrar ve tekrar okuyabilece\u011fi bir eser&#8230; \u00dcstelik ayn\u0131 c\u00fcmle her okundu\u011funda ba\u015fka bir fikir ya da d\u00fc\u015f\u00fcnceye g\u00f6t\u00fcr\u00fcyor&#8230; Ruhumun Yaln\u0131zl\u0131\u011f\u0131 yal\u0131n, sade, derin&#8230; \u0130lham verici&#8230; \u201cA\u015fk muhte\u015fem bir felakettir\u2026\u201d <\/p>\n","protected":false},"excerpt":{"rendered":"<p>Kimi zaman iki s\u00f6zc\u00fck, kimi zaman bir c\u00fcmle, kimi zaman bir \u015fiir&#8230; Az say\u0131da s\u00f6z, uzun ve derin d\u00fc\u015f\u00fcncelere davet ediyor okuru. Okurun kitab\u0131 bir kerede<span class=\"excerpt-hellip\"> [\u2026]<\/span><\/p>\n","protected":false},"featured_media":0,"template":"","meta":{"_monsterinsights_skip_tracking":false,"_monsterinsights_sitenote_active":false,"_monsterinsights_sitenote_note":"","_monsterinsights_sitenote_category":0},"product_brand":[],"product_cat":[12777,12291],"product_tag":[],"class_list":{"0":"post-736930","1":"product","2":"type-product","3":"status-publish","5":"product_cat-deneme","6":"product_cat-edebiyat","7":"pa_cilt-ciltsiz","8":"pa_tur-kitap","9":"pa_yayinevi-luna-yayinlari","10":"pa_yazar-ozum-ozbay","12":"first","13":"instock","14":"sale","15":"shipping-taxable","16":"purchasable","17":"product-type-simple"},"_links":{"self":[{"href":"https:\/\/roveyayinevi.com.tr\/index.php\/wp-json\/wp\/v2\/product\/736930","targetHints":{"allow":["GET"]}}],"collection":[{"href":"https:\/\/roveyayinevi.com.tr\/index.php\/wp-json\/wp\/v2\/product"}],"about":[{"href":"https:\/\/roveyayinevi.com.tr\/index.php\/wp-json\/wp\/v2\/types\/product"}],"wp:attachment":[{"href":"https:\/\/roveyayinevi.com.tr\/index.php\/wp-json\/wp\/v2\/media?parent=736930"}],"wp:term":[{"taxonomy":"product_brand","embeddable":true,"href":"https:\/\/roveyayinevi.com.tr\/index.php\/wp-json\/wp\/v2\/product_brand?post=736930"},{"taxonomy":"product_cat","embeddable":true,"href":"https:\/\/roveyayinevi.com.tr\/index.php\/wp-json\/wp\/v2\/product_cat?post=736930"},{"taxonomy":"product_tag","embeddable":true,"href":"https:\/\/roveyayinevi.com.tr\/index.php\/wp-json\/wp\/v2\/product_tag?post=736930"}],"curies":[{"name":"wp","href":"https:\/\/api.w.org\/{rel}","templated":true}]}}