{"id":736928,"date":"2025-08-27T23:18:01","date_gmt":"2025-08-27T20:18:01","guid":{"rendered":"https:\/\/roveyayinevi.com.tr\/index.php\/urun\/para-yonetimi-101\/"},"modified":"2026-04-16T02:45:57","modified_gmt":"2026-04-15T23:45:57","slug":"para-yonetimi-101","status":"publish","type":"product","link":"https:\/\/roveyayinevi.com.tr\/index.php\/urun\/para-yonetimi-101\/","title":{"rendered":"Para Y\u00f6netimi 101"},"content":{"rendered":"<p>Tek derste ki\u015fisel finans y\u00f6netimi!   Ne kadar harcad\u0131\u011f\u0131n\u0131z da en az ne kadar kazand\u0131\u011f\u0131n\u0131z kadar \u00f6nemlidir. Paran\u0131z\u0131 y\u00f6netirken yapman\u0131z gereken \u015fey, cebinize giren ile cebinizden \u00e7\u0131kan para miktar\u0131 aras\u0131ndaki fark\u0131 art\u0131 y\u00f6nde olabildi\u011fince bu\u0308yu\u0308tu\u0308p tasarruf ve yat\u0131r\u0131ma y\u00f6nlendirmek. Ba\u015far\u0131l\u0131 para y\u00f6netiminin \u00f6zu\u0308 i\u015fte bu. \u201cOnu biliyoruz, ama nas\u0131l yapaca\u011f\u0131m\u0131z\u0131 bilmiyoruz,\u201d diyorsan\u0131z i\u015fte Para Y\u00f6netimi 101 size bunu anlat\u0131yor. Para Y\u00f6netimi 101 kredi kartlar\u0131n\u0131z\u0131 y\u00f6netmek ya da emeklili\u011finizi planlamaktan tutun, tasarruflar\u0131n\u0131z\u0131 en u\u0308st du\u0308zeye \u00e7\u0131karmak i\u00e7in bilmeniz gereken \u00e7ok say\u0131da finansal taktik, ipucu, tu\u0308yo, plan-programlar i\u00e7eriyor. Bu kitapta pek \u00e7ok sorunuza pek \u00e7ok yan\u0131t bulacaks\u0131n\u0131z. <\/p>\n","protected":false},"excerpt":{"rendered":"<p>Tek derste ki\u015fisel finans y\u00f6netimi! Ne kadar harcad\u0131\u011f\u0131n\u0131z da en az ne kadar kazand\u0131\u011f\u0131n\u0131z kadar \u00f6nemlidir. Paran\u0131z\u0131 y\u00f6netirken yapman\u0131z gereken \u015fey, cebinize giren ile cebinizden \u00e7\u0131kan<span class=\"excerpt-hellip\"> [\u2026]<\/span><\/p>\n","protected":false},"featured_media":0,"template":"","meta":{"_monsterinsights_skip_tracking":false,"_monsterinsights_sitenote_active":false,"_monsterinsights_sitenote_note":"","_monsterinsights_sitenote_category":0},"product_brand":[],"product_cat":[17249,13043],"product_tag":[],"class_list":{"0":"post-736928","1":"product","2":"type-product","3":"status-publish","5":"product_cat-borsa-finans","6":"product_cat-ekonomi","7":"pa_cilt-ciltsiz","8":"pa_tur-kitap","9":"pa_yayinevi-say-yayinlari","10":"pa_yazar-alfred-mill","12":"first","13":"instock","14":"sale","15":"shipping-taxable","16":"purchasable","17":"product-type-simple"},"_links":{"self":[{"href":"https:\/\/roveyayinevi.com.tr\/index.php\/wp-json\/wp\/v2\/product\/736928","targetHints":{"allow":["GET"]}}],"collection":[{"href":"https:\/\/roveyayinevi.com.tr\/index.php\/wp-json\/wp\/v2\/product"}],"about":[{"href":"https:\/\/roveyayinevi.com.tr\/index.php\/wp-json\/wp\/v2\/types\/product"}],"wp:attachment":[{"href":"https:\/\/roveyayinevi.com.tr\/index.php\/wp-json\/wp\/v2\/media?parent=736928"}],"wp:term":[{"taxonomy":"product_brand","embeddable":true,"href":"https:\/\/roveyayinevi.com.tr\/index.php\/wp-json\/wp\/v2\/product_brand?post=736928"},{"taxonomy":"product_cat","embeddable":true,"href":"https:\/\/roveyayinevi.com.tr\/index.php\/wp-json\/wp\/v2\/product_cat?post=736928"},{"taxonomy":"product_tag","embeddable":true,"href":"https:\/\/roveyayinevi.com.tr\/index.php\/wp-json\/wp\/v2\/product_tag?post=736928"}],"curies":[{"name":"wp","href":"https:\/\/api.w.org\/{rel}","templated":true}]}}