{"id":736927,"date":"2025-08-27T23:18:00","date_gmt":"2025-08-27T20:18:00","guid":{"rendered":"https:\/\/roveyayinevi.com.tr\/index.php\/urun\/izafiyet-teorisi-100-yil-basimi\/"},"modified":"2026-04-16T02:45:57","modified_gmt":"2026-04-15T23:45:57","slug":"izafiyet-teorisi-100-yil-basimi","status":"publish","type":"product","link":"https:\/\/roveyayinevi.com.tr\/index.php\/urun\/izafiyet-teorisi-100-yil-basimi\/","title":{"rendered":"\u0130zafiyet Teorisi &#8211; 100 Y\u0131l Bas\u0131m\u0131"},"content":{"rendered":"<p>Albert Einstein genel g\u00f6relilik kuram\u0131 u\u0308zerindeki \u00e7al\u0131\u015fmas\u0131n\u0131 1915 y\u0131l\u0131nda tamamlad\u0131ktan sonra \u0130zafiyet Teorisi adl\u0131 kitab\u0131n\u0131 kaleme ald\u0131. S\u0131radan okura hitap eden \u0130zafiyet Teorisi \u00f6zel ve genel g\u00f6relilik kuramlar\u0131 u\u0308zerine \u015fimdiye dek yaz\u0131lm\u0131\u015f en a\u00e7\u0131klay\u0131c\u0131 kitap olma unvan\u0131n\u0131 koruyor. \u00dcnlu\u0308 kitab\u0131n elinizdeki bas\u0131m\u0131 ise Einstein\u2019\u0131n du\u0308\u015fu\u0308ncesinin ve eserinin evrimini gu\u0308nu\u0308mu\u0308z ba\u011flam\u0131nda de\u011ferlendiren yorumlar i\u00e7eriyor. 100. Y\u0131ld\u00f6nu\u0308mu\u0308 Bas\u0131m\u0131, Einstein\u2019\u0131n eserine en son bilimsel geli\u015fmelerin \u0131\u015f\u0131\u011f\u0131 alt\u0131nda g\u00f6z atmak isteyen okur i\u00e7in ideal bir tercih.   \u201cEinstein\u2019\u0131n \u00f6zel ve genel g\u00f6relilikle ilgili kitab\u0131n\u0131n bu yeni bas\u0131m\u0131n\u0131 okumak bu\u0308yu\u0308k bir zevk. G\u00f6relilik yu\u0308z y\u0131ld\u0131r kitaplara, k\u00f6\u015fe yaz\u0131lar\u0131na, makalelere konu oldu, ama en iyi a\u00e7\u0131klamay\u0131 yine usta bizzat yap\u0131yor.\u201d \u2212 BRIAN GREENE, Columbia \u00dcniversitesi   \u201cBu kitap \u00f6nemli bir tarihsel belge olmakla kalm\u0131yor, ayn\u0131 zamanda Einstein\u2019\u0131n du\u0308\u015fu\u0308nce u\u0308slubunu ve berrakl\u0131\u011f\u0131n\u0131 geni\u015f bir okur kitlesine tan\u0131t\u0131yor.\u201d \u2212 MARTIN REES, Cambridge \u00dcniversitesi <\/p>\n","protected":false},"excerpt":{"rendered":"<p>Albert Einstein genel g\u00f6relilik kuram\u0131 u\u0308zerindeki \u00e7al\u0131\u015fmas\u0131n\u0131 1915 y\u0131l\u0131nda tamamlad\u0131ktan sonra \u0130zafiyet Teorisi adl\u0131 kitab\u0131n\u0131 kaleme ald\u0131. S\u0131radan okura hitap eden \u0130zafiyet Teorisi \u00f6zel ve genel<span class=\"excerpt-hellip\"> [\u2026]<\/span><\/p>\n","protected":false},"featured_media":0,"template":"","meta":{"_monsterinsights_skip_tracking":false,"_monsterinsights_sitenote_active":false,"_monsterinsights_sitenote_note":"","_monsterinsights_sitenote_category":0},"product_brand":[],"product_cat":[13005,37328],"product_tag":[],"class_list":{"0":"post-736927","1":"product","2":"type-product","3":"status-publish","5":"product_cat-bilim-muhendislik","6":"product_cat-diger-bilim-muhendislik","7":"pa_cilt-ciltsiz","8":"pa_tur-kitap","9":"pa_yayinevi-say-yayinlari","10":"pa_yazar-albert-einstein","12":"first","13":"instock","14":"sale","15":"shipping-taxable","16":"purchasable","17":"product-type-simple"},"_links":{"self":[{"href":"https:\/\/roveyayinevi.com.tr\/index.php\/wp-json\/wp\/v2\/product\/736927","targetHints":{"allow":["GET"]}}],"collection":[{"href":"https:\/\/roveyayinevi.com.tr\/index.php\/wp-json\/wp\/v2\/product"}],"about":[{"href":"https:\/\/roveyayinevi.com.tr\/index.php\/wp-json\/wp\/v2\/types\/product"}],"wp:attachment":[{"href":"https:\/\/roveyayinevi.com.tr\/index.php\/wp-json\/wp\/v2\/media?parent=736927"}],"wp:term":[{"taxonomy":"product_brand","embeddable":true,"href":"https:\/\/roveyayinevi.com.tr\/index.php\/wp-json\/wp\/v2\/product_brand?post=736927"},{"taxonomy":"product_cat","embeddable":true,"href":"https:\/\/roveyayinevi.com.tr\/index.php\/wp-json\/wp\/v2\/product_cat?post=736927"},{"taxonomy":"product_tag","embeddable":true,"href":"https:\/\/roveyayinevi.com.tr\/index.php\/wp-json\/wp\/v2\/product_tag?post=736927"}],"curies":[{"name":"wp","href":"https:\/\/api.w.org\/{rel}","templated":true}]}}