{"id":736921,"date":"2025-08-27T23:17:54","date_gmt":"2025-08-27T20:17:54","guid":{"rendered":"https:\/\/roveyayinevi.com.tr\/index.php\/urun\/arkadaslar-arasinda\/"},"modified":"2026-04-16T02:45:56","modified_gmt":"2026-04-15T23:45:56","slug":"arkadaslar-arasinda","status":"publish","type":"product","link":"https:\/\/roveyayinevi.com.tr\/index.php\/urun\/arkadaslar-arasinda\/","title":{"rendered":"Arkada\u015flar Aras\u0131nda"},"content":{"rendered":"<p>O eski mahallelerin yamac\u0131nda, ko\u015fulsuz sevginin kuca\u011f\u0131ndayd\u0131k&#8230;Fatih Debba\u011f&#8217;\u0131n Tudem Edebiyat \u00d6d\u00fclleri \u00dc\u00e7\u00fcnc\u00fcl\u00fck \u00d6d\u00fcl\u00fcne de\u011fer g\u00f6r\u00fclen Arkada\u015flar Aras\u0131nda adl\u0131 roman\u0131, \u00e7ocu\u011fa ve \u00e7ocuklu\u011fa \u00f6vg\u00fcde bulunurken yitip giden mahalle k\u00fclt\u00fcr\u00fcn\u00fc g\u00fcn\u00fcm\u00fcz \u00e7ocuklar\u0131na duyumsatan sevgi y\u00fckl\u00fc bir anlat\u0131. \u00d6tekile\u015ftirilen, ayr\u0131\u015ft\u0131r\u0131lan ve akran zorbal\u0131\u011f\u0131na u\u011frayan \u00e7ocuklar\u0131 kalplere dokunan bir dayan\u0131\u015fma m\u00fccadelesinde bulu\u015fturan yazar, ko\u015fulsuz sevgiyle per\u00e7inlenen ger\u00e7ek arkada\u015fl\u0131\u011f\u0131n her t\u00fcrl\u00fc \u00f6nyarg\u0131 ve g\u00f6r\u00fc\u015f ayr\u0131l\u0131\u011f\u0131n\u0131n \u00fcstesinden gelebilece\u011fini savunuyor.  Mahalleye s\u0131\u011f\u0131nan bir k\u00f6pek arac\u0131l\u0131\u011f\u0131yla \u00e7ocuklar\u0131n d\u00fcnyas\u0131nda bir \u015feylere de\u011fer vermenin, onu sahiplenmenin ve koruman\u0131n \u00f6nemine vurgu yapan kitap; hayvan haklar\u0131 ve \u00f6zg\u00fcrl\u00fc\u011f\u00fcne y\u00f6nelik duyarl\u0131l\u0131\u011f\u0131 da art\u0131r\u0131yor. Sar\u0131 s\u0131caklarla bo\u011fu\u015fan bir sahil kentinin k\u0131y\u0131da k\u00f6\u015fede kalm\u0131\u015f k\u00fc\u00e7\u00fck bir mahallesi&#8230; Her biri kendi duygu ve d\u00fc\u015f\u00fcnce d\u00fcnyalar\u0131yla var olmaya \u00e7al\u0131\u015fan bir grup \u00e7ocuk&#8230; Bir g\u00fcn mahalleye bir k\u00f6pek \u00e7\u0131kagelir. Kovboylar\u0131n, Apa\u00e7ilerin ve \u0130talyanlar\u0131n cirit att\u0131\u011f\u0131 mahalledeki d\u00fczen, K\u0131z\u0131m&#8217;\u0131n geli\u015fiyle bir anda de\u011fi\u015fir. Yard\u0131ma muhta\u00e7 bu sevimli k\u00f6pek, ge\u00e7mi\u015fte ya\u015fad\u0131klar\u0131 bir anla\u015fmazl\u0131k y\u00fcz\u00fcnden birbirleriyle bozu\u015fan ve z\u0131t kutuplara \u00e7ekilen mahalle \u00e7ocuklar\u0131n\u0131 sevgi ve dayan\u0131\u015fma yolunda birle\u015ftirir. Art\u0131k her birinin tek dile\u011fi K\u0131z\u0131m&#8217;a bir yuva sa\u011flamak ve onu korumakt\u0131r.Yeti\u015fkinlerin do\u011frular\u0131n\u0131 ve de\u011fer yarg\u0131lar\u0131n\u0131 anlamaya \u00e7al\u0131\u015f\u0131rken kendi do\u011frular\u0131n\u0131n pe\u015finden gitmeyi tercih eden \u00e7ocuklar\u0131n d\u00fcnyas\u0131na a\u00e7\u0131lan Arkada\u015flar Aras\u0131nda, merak uyand\u0131r\u0131c\u0131 hik\u00e2yesinin arka plan\u0131nda kentlerdeki kontrols\u00fcz yap\u0131la\u015fma, s\u0131\u011f\u0131nmac\u0131 ve g\u00f6\u00e7menlere kar\u015f\u0131 duyulan \u00f6nyarg\u0131, engelliler i\u00e7in engelsiz \u015fehir tasar\u0131m\u0131 gibi g\u00fcncel konulara temas etmeyi de unutmuyor.\u201cK\u0131z\u0131m&#8217;\u0131n, yaz\u0131m\u0131z\u0131 serinletip akl\u0131m\u0131z\u0131 ka\u00e7\u0131rtaca\u011f\u0131n\u0131, bize d\u00fcnyan\u0131n en g\u00fczel ve en muhte\u015fem yaz\u0131n\u0131 ya\u015fataca\u011f\u0131n\u0131 bilemezdik.\u201d<\/p>\n","protected":false},"excerpt":{"rendered":"<p>O eski mahallelerin yamac\u0131nda, ko\u015fulsuz sevginin kuca\u011f\u0131ndayd\u0131k&#8230;Fatih Debba\u011f&#8217;\u0131n Tudem Edebiyat \u00d6d\u00fclleri \u00dc\u00e7\u00fcnc\u00fcl\u00fck \u00d6d\u00fcl\u00fcne de\u011fer g\u00f6r\u00fclen Arkada\u015flar Aras\u0131nda adl\u0131 roman\u0131, \u00e7ocu\u011fa ve \u00e7ocuklu\u011fa \u00f6vg\u00fcde bulunurken yitip giden<span class=\"excerpt-hellip\"> [\u2026]<\/span><\/p>\n","protected":false},"featured_media":0,"template":"","meta":{"_monsterinsights_skip_tracking":false,"_monsterinsights_sitenote_active":false,"_monsterinsights_sitenote_note":"","_monsterinsights_sitenote_category":0},"product_brand":[],"product_cat":[12275,12274],"product_tag":[],"class_list":{"0":"post-736921","1":"product","2":"type-product","3":"status-publish","5":"product_cat-6-12-yas-kitaplari","6":"product_cat-cocuk-ve-genclik-kitaplari","7":"pa_cilt-ciltsiz","8":"pa_tur-kitap","9":"pa_yayinevi-tudem-yayinlari","10":"pa_yazar-fatih-debbag","12":"first","13":"instock","14":"sale","15":"shipping-taxable","16":"purchasable","17":"product-type-simple"},"_links":{"self":[{"href":"https:\/\/roveyayinevi.com.tr\/index.php\/wp-json\/wp\/v2\/product\/736921","targetHints":{"allow":["GET"]}}],"collection":[{"href":"https:\/\/roveyayinevi.com.tr\/index.php\/wp-json\/wp\/v2\/product"}],"about":[{"href":"https:\/\/roveyayinevi.com.tr\/index.php\/wp-json\/wp\/v2\/types\/product"}],"wp:attachment":[{"href":"https:\/\/roveyayinevi.com.tr\/index.php\/wp-json\/wp\/v2\/media?parent=736921"}],"wp:term":[{"taxonomy":"product_brand","embeddable":true,"href":"https:\/\/roveyayinevi.com.tr\/index.php\/wp-json\/wp\/v2\/product_brand?post=736921"},{"taxonomy":"product_cat","embeddable":true,"href":"https:\/\/roveyayinevi.com.tr\/index.php\/wp-json\/wp\/v2\/product_cat?post=736921"},{"taxonomy":"product_tag","embeddable":true,"href":"https:\/\/roveyayinevi.com.tr\/index.php\/wp-json\/wp\/v2\/product_tag?post=736921"}],"curies":[{"name":"wp","href":"https:\/\/api.w.org\/{rel}","templated":true}]}}