{"id":736919,"date":"2025-08-27T23:17:52","date_gmt":"2025-08-27T20:17:52","guid":{"rendered":"https:\/\/roveyayinevi.com.tr\/index.php\/urun\/benligin-insasi\/"},"modified":"2026-04-16T02:45:56","modified_gmt":"2026-04-15T23:45:56","slug":"benligin-insasi","status":"publish","type":"product","link":"https:\/\/roveyayinevi.com.tr\/index.php\/urun\/benligin-insasi\/","title":{"rendered":"Benli\u011fin \u0130n\u015fas\u0131"},"content":{"rendered":"<p>Din e\u011fitiminin ara\u015ft\u0131rma konular\u0131ndan biri de \u0130sl\u00e2m e\u011fitim klasikleridir. Bunlar do\u011frudan e\u011fitimle ilgili kl\u00e2sik eserler oldu\u011fu gibi, dolayl\u0131 olarak e\u011fitimi konu edinen eserler de olabilir. Bu ikinci kategoride yer alanlardan \u00f6nemli bir k\u0131sm\u0131 \u0130sl\u00e2m ahl\u00e2k felsefesi ile ilgilidir. Bu ve benzeri eserler, \u0130sl\u00e2m ahl\u00e2k e\u011fitiminin teorisini anlamak, ayr\u0131ca bu teorinin akt\u00fcel de\u011ferini belirlemek bak\u0131m\u0131ndan \u00fczerinde d\u00fc\u015f\u00fcnebilece\u011fimiz somut yakla\u015f\u0131mlar sunmaktad\u0131r. S\u00f6z konusu eserlerden biri de Nas\u00eer\u00fcddin T\u00fbs\u00ee\u2019nin Ahl\u00e2k-\u0131 N\u00e2s\u0131r\u00ee adl\u0131 kitab\u0131d\u0131r. Bu \u00e7al\u0131\u015fmada, felsef\u00ee ahl\u00e2k gelene\u011fi i\u00e7erisinde yer alan Ahl\u00e2k-\u0131 N\u00e2s\u0131r\u00ee adl\u0131 eserin, e\u011fitim bak\u0131m\u0131ndan i\u00e7erik analizi yap\u0131lmaya \u00e7al\u0131\u015f\u0131lm\u0131\u015ft\u0131r.   \u00c7al\u0131\u015fman\u0131n temel mevzuu, T\u00fbs\u00ee\u2019nin kitab\u0131n\u0131n yaz\u0131l\u0131\u015f amac\u0131 olarak belirledi\u011fi \u201cinsanlar\u0131 terbiye s\u00fcs\u00fcyle s\u00fcslemek (tehz\u00eeb\u00fc\u2019l-ahl\u00e2k)\u201d ile alakal\u0131d\u0131r. T\u00fbs\u00ee, bu amac\u0131n\u0131 ger\u00e7ekle\u015ftirmek i\u00e7in kitab\u0131nda nas\u0131l bir i\u00e7erik olu\u015fturmu\u015ftur? \u0130nsanlar\u0131n terbiye s\u00fcs\u00fcnden mahrum kalmalar\u0131n\u0131 engellemek i\u00e7in eserinde nas\u0131l bir yol izlemi\u015ftir? \u0130\u015fte bu eser, yukar\u0131daki suallere cevap aramaktad\u0131r. Bu aray\u0131\u015fta insan\u0131n n\u00f6tr bir pozisyonda do\u011fdu\u011fu, onun iyili\u011fe oldu\u011fu kadar k\u00f6t\u00fcl\u00fc\u011fe de temay\u00fcl\u00fcn\u00fcn bulundu\u011fu ve e\u011fitimle ondaki iyili\u011fe olan temay\u00fcl\u00fcn m\u00fckemmelle\u015ftirilebilece\u011fi anlay\u0131\u015f\u0131 hakim bir tema olarak g\u00f6r\u00fclmektedir.<\/p>\n","protected":false},"excerpt":{"rendered":"<p>Din e\u011fitiminin ara\u015ft\u0131rma konular\u0131ndan biri de \u0130sl\u00e2m e\u011fitim klasikleridir. Bunlar do\u011frudan e\u011fitimle ilgili kl\u00e2sik eserler oldu\u011fu gibi, dolayl\u0131 olarak e\u011fitimi konu edinen eserler de olabilir. Bu<span class=\"excerpt-hellip\"> [\u2026]<\/span><\/p>\n","protected":false},"featured_media":0,"template":"","meta":{"_monsterinsights_skip_tracking":false,"_monsterinsights_sitenote_active":false,"_monsterinsights_sitenote_note":"","_monsterinsights_sitenote_category":0},"product_brand":[],"product_cat":[19998,12388],"product_tag":[],"class_list":{"0":"post-736919","1":"product","2":"type-product","3":"status-publish","5":"product_cat-din-felsefesi","6":"product_cat-felsefe","7":"pa_cilt-ciltsiz","8":"pa_tur-kitap","9":"pa_yayinevi-otuken-nesriyat","10":"pa_yazar-bulent-celikel","12":"first","13":"instock","14":"sale","15":"shipping-taxable","16":"purchasable","17":"product-type-simple"},"_links":{"self":[{"href":"https:\/\/roveyayinevi.com.tr\/index.php\/wp-json\/wp\/v2\/product\/736919","targetHints":{"allow":["GET"]}}],"collection":[{"href":"https:\/\/roveyayinevi.com.tr\/index.php\/wp-json\/wp\/v2\/product"}],"about":[{"href":"https:\/\/roveyayinevi.com.tr\/index.php\/wp-json\/wp\/v2\/types\/product"}],"wp:attachment":[{"href":"https:\/\/roveyayinevi.com.tr\/index.php\/wp-json\/wp\/v2\/media?parent=736919"}],"wp:term":[{"taxonomy":"product_brand","embeddable":true,"href":"https:\/\/roveyayinevi.com.tr\/index.php\/wp-json\/wp\/v2\/product_brand?post=736919"},{"taxonomy":"product_cat","embeddable":true,"href":"https:\/\/roveyayinevi.com.tr\/index.php\/wp-json\/wp\/v2\/product_cat?post=736919"},{"taxonomy":"product_tag","embeddable":true,"href":"https:\/\/roveyayinevi.com.tr\/index.php\/wp-json\/wp\/v2\/product_tag?post=736919"}],"curies":[{"name":"wp","href":"https:\/\/api.w.org\/{rel}","templated":true}]}}