{"id":736916,"date":"2025-08-27T23:17:49","date_gmt":"2025-08-27T20:17:49","guid":{"rendered":"https:\/\/roveyayinevi.com.tr\/index.php\/urun\/bir-vatan-kurtuldu\/"},"modified":"2026-04-16T02:45:56","modified_gmt":"2026-04-15T23:45:56","slug":"bir-vatan-kurtuldu","status":"publish","type":"product","link":"https:\/\/roveyayinevi.com.tr\/index.php\/urun\/bir-vatan-kurtuldu\/","title":{"rendered":"Bir Vatan Kurtuldu"},"content":{"rendered":"<p>Bilge Ercilasun, Rumeli\u2019nin kayb\u0131na odaklanan romanlar\u0131 inceledi\u011fi  Bir Vatan Kaybettiler\u2019den sonra, Bir Vatan Kurtuldu\u2019da, nicelik ve nitelik itibar\u0131yla art\u0131\u015f g\u00f6zlemledi\u011fi i\u00e7in bir terminus olarak belirledi\u011fi 2000\u2019li y\u0131llardan itibaren kaleme al\u0131nm\u0131\u015f 86 romandan yola \u00e7\u0131karak tematik ba\u015fl\u0131klar alt\u0131nda Atat\u00fcrk\u2019\u00fc ki\u015fisel \u00f6zellikleri, asker\u00ee faaliyetleri, tarih yap\u0131c\u0131 olaylar i\u00e7indeki  yeri ve devlet adaml\u0131\u011f\u0131 ba\u011flam\u0131nda edebiyat\u0131n \u00e7a\u011fda\u015f verimleri i\u00e7inden ele al\u0131yor. B\u00f6ylece ac\u0131 dolu kay\u0131plarla ge\u00e7en senelerin ard\u0131ndan, 1919-1922 aras\u0131nda kurtulu\u015f ve tam ba\u011f\u0131ms\u0131zl\u0131k d\u00fcsturuyla aya\u011fa kalkan T\u00fcrk milletinin Atat\u00fcrk\u2019\u00fcn rehberli\u011finde giri\u015fti\u011fi m\u00fccadelenin, aradan ge\u00e7en bir koca y\u00fczy\u0131la ra\u011fmen hayat\u0131m\u0131zda ne derece tesiri oldu\u011funu ve ta\u015f\u0131d\u0131\u011f\u0131 g\u00fcncel de\u011feri g\u00f6steriyor.<\/p>\n","protected":false},"excerpt":{"rendered":"<p>Bilge Ercilasun, Rumeli\u2019nin kayb\u0131na odaklanan romanlar\u0131 inceledi\u011fi Bir Vatan Kaybettiler\u2019den sonra, Bir Vatan Kurtuldu\u2019da, nicelik ve nitelik itibar\u0131yla art\u0131\u015f g\u00f6zlemledi\u011fi i\u00e7in bir terminus olarak belirledi\u011fi 2000\u2019li<span class=\"excerpt-hellip\"> [\u2026]<\/span><\/p>\n","protected":false},"featured_media":0,"template":"","meta":{"_monsterinsights_skip_tracking":false,"_monsterinsights_sitenote_active":false,"_monsterinsights_sitenote_note":"","_monsterinsights_sitenote_category":0},"product_brand":[],"product_cat":[13072,12291],"product_tag":[],"class_list":{"0":"post-736916","1":"product","2":"type-product","3":"status-publish","5":"product_cat-arastirma-inceleme-referans","6":"product_cat-edebiyat","7":"pa_cilt-ciltsiz","8":"pa_tur-kitap","9":"pa_yayinevi-otuken-nesriyat","10":"pa_yazar-bilge-ercilasun","12":"first","13":"instock","14":"sale","15":"shipping-taxable","16":"purchasable","17":"product-type-simple"},"_links":{"self":[{"href":"https:\/\/roveyayinevi.com.tr\/index.php\/wp-json\/wp\/v2\/product\/736916","targetHints":{"allow":["GET"]}}],"collection":[{"href":"https:\/\/roveyayinevi.com.tr\/index.php\/wp-json\/wp\/v2\/product"}],"about":[{"href":"https:\/\/roveyayinevi.com.tr\/index.php\/wp-json\/wp\/v2\/types\/product"}],"wp:attachment":[{"href":"https:\/\/roveyayinevi.com.tr\/index.php\/wp-json\/wp\/v2\/media?parent=736916"}],"wp:term":[{"taxonomy":"product_brand","embeddable":true,"href":"https:\/\/roveyayinevi.com.tr\/index.php\/wp-json\/wp\/v2\/product_brand?post=736916"},{"taxonomy":"product_cat","embeddable":true,"href":"https:\/\/roveyayinevi.com.tr\/index.php\/wp-json\/wp\/v2\/product_cat?post=736916"},{"taxonomy":"product_tag","embeddable":true,"href":"https:\/\/roveyayinevi.com.tr\/index.php\/wp-json\/wp\/v2\/product_tag?post=736916"}],"curies":[{"name":"wp","href":"https:\/\/api.w.org\/{rel}","templated":true}]}}