{"id":736915,"date":"2025-08-27T23:17:48","date_gmt":"2025-08-27T20:17:48","guid":{"rendered":"https:\/\/roveyayinevi.com.tr\/index.php\/urun\/israilin-arkasindaki-super-guc\/"},"modified":"2026-04-16T02:45:56","modified_gmt":"2026-04-15T23:45:56","slug":"israilin-arkasindaki-super-guc","status":"publish","type":"product","link":"https:\/\/roveyayinevi.com.tr\/index.php\/urun\/israilin-arkasindaki-super-guc\/","title":{"rendered":"\u0130srail&#8217;in Arkas\u0131ndaki S\u00fcper G\u00fc\u00e7"},"content":{"rendered":"<p>Yahudiler; tarihte benzeri g\u00f6r\u00fclmemi\u015f \u015fekilde, b\u00fct\u00fcn d\u00fcnyada bu kadar da\u011f\u0131n\u0131k olarak ya\u015famalar\u0131na ra\u011fmen, yakla\u015f\u0131k 3500-4000 y\u0131ldan beri dillerini, dinlerini ve kimliklerini korumu\u015flarsa bunun baz\u0131 sebepleri olmal\u0131d\u0131r. Yahudili\u011fin ilk ortaya \u00e7\u0131kt\u0131\u011f\u0131 zamanlarda ve hatta ondan \u00e7ok zaman sonra mevcut olan bir k\u0131s\u0131m halklar, devletler, diller, dinler ve k\u00fclt\u00fcrler yok oldu\u011fu h\u00e2lde onlar\u0131n h\u00e2l\u00e2 var olmas\u0131 dikkate de\u011fer bir konudur. Yaln\u0131zca bu ger\u00e7ek bile Yahudilik-Tevrat ili\u015fkisinin ciddi \u015fekilde ele al\u0131nmas\u0131 i\u00e7in yeterli bir sebeptir. Bu nedenle, aleyhteki \u015fartlar her ne olursa olsun, Yahudilerin kimliklerinin olu\u015fmas\u0131nda ve korunmas\u0131nda kutsal kitaplardaki buyruklar\u0131n, tavsiyelerin, hik\u00e2yelerin ve sembollerin rol\u00fcn\u00fc ara\u015ft\u0131rmay\u0131 ciddi bir entelekt\u00fcel mesele olarak g\u00f6ren bilim erbaplar\u0131 bu meseleyi irdelemelidir. Elbette sosyal meseleleri bir tek sebebe irca etmek do\u011fru bir yakla\u015f\u0131m olmayacakt\u0131r. Yahudi tarihi i\u00e7in de bu b\u00f6yledir. Fakat Sanayi Devrimi ve hatta Birinci D\u00fcnya Sava\u015f\u0131\u2019na kadar d\u00fcnya meselelerinin \u00e7o\u011funda dinin en belirleyici fakt\u00f6rlerden oldu\u011fu d\u00fc\u015f\u00fcn\u00fcl\u00fcrse, Yahudiler i\u00e7in de -di\u011fer fakt\u00f6rleri g\u00f6zard\u0131 etmeden- dini en etken unsur olarak g\u00f6rmek yanl\u0131\u015f say\u0131lmayacakt\u0131r.Elinizde bulunan bu kitap, b\u00f6yle bir d\u00fc\u015f\u00fcncenin sonucu olarak ortaya \u00e7\u0131km\u0131\u015ft\u0131r. Kitap, Yahudi tarihinin ve kutsal kitaplar\u0131n\u0131n \u00f6zet h\u00e2linde verilmesinden sonra, \u0130shak\u2019\u0131n \u00e7ocuklar\u0131na yani \u0130srailo\u011fullar\u0131na kimlik kazand\u0131rd\u0131\u011f\u0131 d\u00fc\u015f\u00fcn\u00fclen etkenleri maddeler h\u00e2linde ele almaktad\u0131r. Yirmi \u00fc\u00e7 ba\u015fl\u0131k alt\u0131nda incelenen her bir konu, Tevrat\u2019\u0131n \u0131\u015f\u0131\u011f\u0131 alt\u0131nda \u00f6zetlenmi\u015f, de\u011ferlendirilmi\u015f ve ilgili metinler kitap ad\u0131, bab ve ayet numaras\u0131 ile takdim edilmi\u015ftir.<\/p>\n","protected":false},"excerpt":{"rendered":"<p>Yahudiler; tarihte benzeri g\u00f6r\u00fclmemi\u015f \u015fekilde, b\u00fct\u00fcn d\u00fcnyada bu kadar da\u011f\u0131n\u0131k olarak ya\u015famalar\u0131na ra\u011fmen, yakla\u015f\u0131k 3500-4000 y\u0131ldan beri dillerini, dinlerini ve kimliklerini korumu\u015flarsa bunun baz\u0131 sebepleri olmal\u0131d\u0131r.<span class=\"excerpt-hellip\"> [\u2026]<\/span><\/p>\n","protected":false},"featured_media":0,"template":"","meta":{"_monsterinsights_skip_tracking":false,"_monsterinsights_sitenote_active":false,"_monsterinsights_sitenote_note":"","_monsterinsights_sitenote_category":0},"product_brand":[],"product_cat":[12835,12324],"product_tag":[],"class_list":{"0":"post-736915","1":"product","2":"type-product","3":"status-publish","5":"product_cat-genel-sosyoloji","6":"product_cat-sosyoloji","7":"pa_cilt-ciltsiz","8":"pa_tur-kitap","9":"pa_yayinevi-otuken-nesriyat","10":"pa_yazar-nusret-cam","12":"first","13":"instock","14":"sale","15":"shipping-taxable","16":"purchasable","17":"product-type-simple"},"_links":{"self":[{"href":"https:\/\/roveyayinevi.com.tr\/index.php\/wp-json\/wp\/v2\/product\/736915","targetHints":{"allow":["GET"]}}],"collection":[{"href":"https:\/\/roveyayinevi.com.tr\/index.php\/wp-json\/wp\/v2\/product"}],"about":[{"href":"https:\/\/roveyayinevi.com.tr\/index.php\/wp-json\/wp\/v2\/types\/product"}],"wp:attachment":[{"href":"https:\/\/roveyayinevi.com.tr\/index.php\/wp-json\/wp\/v2\/media?parent=736915"}],"wp:term":[{"taxonomy":"product_brand","embeddable":true,"href":"https:\/\/roveyayinevi.com.tr\/index.php\/wp-json\/wp\/v2\/product_brand?post=736915"},{"taxonomy":"product_cat","embeddable":true,"href":"https:\/\/roveyayinevi.com.tr\/index.php\/wp-json\/wp\/v2\/product_cat?post=736915"},{"taxonomy":"product_tag","embeddable":true,"href":"https:\/\/roveyayinevi.com.tr\/index.php\/wp-json\/wp\/v2\/product_tag?post=736915"}],"curies":[{"name":"wp","href":"https:\/\/api.w.org\/{rel}","templated":true}]}}