{"id":736913,"date":"2025-08-27T23:17:46","date_gmt":"2025-08-27T20:17:46","guid":{"rendered":"https:\/\/roveyayinevi.com.tr\/index.php\/urun\/askla-calismanin-politikasi\/"},"modified":"2026-04-16T02:45:56","modified_gmt":"2026-04-15T23:45:56","slug":"askla-calismanin-politikasi","status":"publish","type":"product","link":"https:\/\/roveyayinevi.com.tr\/index.php\/urun\/askla-calismanin-politikasi\/","title":{"rendered":"A\u015fkla \u00c7al\u0131\u015fman\u0131n Politikas\u0131"},"content":{"rendered":"<p>Video oyun sekt\u00f6r\u00fcnde kimler oyun oynayabiliyor ve kimler \u00e7al\u0131\u015fmak zorunda?   Video oyun yapmak, hi\u00e7 ku\u015fkusuz oynamak kadar e\u011flenceli ve b\u00fcy\u00fcleyici. Hayalleri s\u00fcsleyen bir i\u015f. Uluslar\u00f6tesi ba\u011flant\u0131lar\u0131yla ve a\u011f \u00fczerinden ger\u00e7ek anlamda ba\u011flant\u0131 kuran i\u015fg\u00fcc\u00fcyle, bu end\u00fcstri sahiden de enerji dolu bir \u00e7al\u0131\u015fma ortam\u0131 sunuyor. Ayn\u0131 zamanda ekonomik gerilemenin olumsuz etkilerine ra\u011fmen canl\u0131 bir end\u00fcstri olarak konumland\u0131r\u0131l\u0131yor.   Ergin Bulut ise, A\u015fkla \u00c7al\u0131\u015fman\u0131n Politikas\u0131&#8217;nda, i\u015flerin biraz daha karma\u015f\u0131k oldu\u011funu ileri s\u00fcr\u00fcyor&#8230; Asl\u0131nda b\u00fct\u00fcn end\u00fcstrinin \u00e7e\u015fitli e\u015fitsizlik bi\u00e7imleri \u00fczerine kuruldu\u011funu ve insan\u0131n sevdi\u011fi \u015feyi yapmas\u0131n\u0131n ne anlama geldi\u011fine ili\u015fkin ill\u00fczyonlarla ku\u015fat\u0131ld\u0131\u011f\u0131n\u0131 iddia ediyor. Bunu da, yakla\u015f\u0131k \u00fc\u00e7 y\u0131l boyunca ABD\u2019deki bir oyun st\u00fcdyosunda \u00e7al\u0131\u015fan video oyun geli\u015ftiricileri ile yapt\u0131\u011f\u0131 saha \u00e7al\u0131\u015fmas\u0131na dayand\u0131r\u0131yor.   A\u015fkla \u00c7al\u0131\u015fman\u0131n Politikas\u0131, e\u011flenceli bir gelece\u011fe kar\u015f\u0131 oyunbozanl\u0131k etmeye y\u00f6nelik derinlikli ve provokatif bir \u00e7a\u011fr\u0131!   &#8220;Hayal etmemize izin verilen tek gelecek, bize kurumsalla\u015ft\u0131r\u0131lm\u0131\u015f, g\u00fcvencesiz ve s\u00f6m\u00fcr\u00fcc\u00fc a\u015fk ve e\u011flence bi\u00e7imlerinden ba\u015fka bir \u015fey vaat etmiyorsa o zaman biz oyunbozanl\u0131k yapal\u0131m ve oyun end\u00fcstrisindeki ve genel anlamda i\u015fyerlerindeki duygusal toksikli\u011fe direnelim. Bu gelece\u011fe kar\u015f\u0131 \u00e7\u0131kal\u0131m \u00e7u\u0308nk\u00fc o s\u00f6z\u00fcmona bir ve tek gelecek, yine e\u015fitsiz e\u011flence-politika rejimince bi\u00e7imlendirilecek ve say\u0131s\u0131z e\u015fitsizlikten ba\u015fka bir \u015fey \u00fcretmeyecektir. Ve oyun emek\u00e7ileri, oyuncular ve biz vatanda\u015flar daha iyisini hak ediyoruz.&#8221; <\/p>\n","protected":false},"excerpt":{"rendered":"<p>Video oyun sekt\u00f6r\u00fcnde kimler oyun oynayabiliyor ve kimler \u00e7al\u0131\u015fmak zorunda? Video oyun yapmak, hi\u00e7 ku\u015fkusuz oynamak kadar e\u011flenceli ve b\u00fcy\u00fcleyici. Hayalleri s\u00fcsleyen bir i\u015f. Uluslar\u00f6tesi ba\u011flant\u0131lar\u0131yla<span class=\"excerpt-hellip\"> [\u2026]<\/span><\/p>\n","protected":false},"featured_media":0,"template":"","meta":{"_monsterinsights_skip_tracking":false,"_monsterinsights_sitenote_active":false,"_monsterinsights_sitenote_note":"","_monsterinsights_sitenote_category":0},"product_brand":[],"product_cat":[13043,17647],"product_tag":[],"class_list":{"0":"post-736913","1":"product","2":"type-product","3":"status-publish","5":"product_cat-ekonomi","6":"product_cat-is-dunyasi","7":"pa_cilt-ciltsiz","8":"pa_tur-kitap","9":"pa_yayinevi-koc-universitesi-yayinlari","10":"pa_yazar-ergin-bulut","12":"first","13":"instock","14":"sale","15":"shipping-taxable","16":"purchasable","17":"product-type-simple"},"_links":{"self":[{"href":"https:\/\/roveyayinevi.com.tr\/index.php\/wp-json\/wp\/v2\/product\/736913","targetHints":{"allow":["GET"]}}],"collection":[{"href":"https:\/\/roveyayinevi.com.tr\/index.php\/wp-json\/wp\/v2\/product"}],"about":[{"href":"https:\/\/roveyayinevi.com.tr\/index.php\/wp-json\/wp\/v2\/types\/product"}],"wp:attachment":[{"href":"https:\/\/roveyayinevi.com.tr\/index.php\/wp-json\/wp\/v2\/media?parent=736913"}],"wp:term":[{"taxonomy":"product_brand","embeddable":true,"href":"https:\/\/roveyayinevi.com.tr\/index.php\/wp-json\/wp\/v2\/product_brand?post=736913"},{"taxonomy":"product_cat","embeddable":true,"href":"https:\/\/roveyayinevi.com.tr\/index.php\/wp-json\/wp\/v2\/product_cat?post=736913"},{"taxonomy":"product_tag","embeddable":true,"href":"https:\/\/roveyayinevi.com.tr\/index.php\/wp-json\/wp\/v2\/product_tag?post=736913"}],"curies":[{"name":"wp","href":"https:\/\/api.w.org\/{rel}","templated":true}]}}