{"id":736912,"date":"2025-08-27T23:17:45","date_gmt":"2025-08-27T20:17:45","guid":{"rendered":"https:\/\/roveyayinevi.com.tr\/index.php\/urun\/dedemin-hayal-defteri\/"},"modified":"2026-04-16T02:45:56","modified_gmt":"2026-04-15T23:45:56","slug":"dedemin-hayal-defteri","status":"publish","type":"product","link":"https:\/\/roveyayinevi.com.tr\/index.php\/urun\/dedemin-hayal-defteri\/","title":{"rendered":"Dedemin Hayal Defteri"},"content":{"rendered":"<p>Dedemin Hayal Defteri \u201cDedemin Hayal Defteri\u201d minik okurlar\u0131n renk renk boyalar\u0131yla katk\u0131da bulunabilecekleri, yarat\u0131c\u0131l\u0131klar\u0131n\u0131 peki\u015ftirebilecekleri ger\u00e7ek bir hayal defteri\u2026 Bu kitab\u0131n i\u00e7indeki bo\u015f sayfalara siz de sevdi\u011finiz, hayal etti\u011finiz \u015feylerin resmini yapabilirsiniz. \u0130sterseniz eskizlerin i\u00e7ini doldurabilir, reng\u00e2renk boyalarla renklendirebilirsiniz. Resimlerinize Feridun Oral\u2019\u0131n kaleminden \u00e7ok ho\u015f bir hik\u00e2ye e\u015flik edecek. <\/p>\n","protected":false},"excerpt":{"rendered":"<p>Dedemin Hayal Defteri \u201cDedemin Hayal Defteri\u201d minik okurlar\u0131n renk renk boyalar\u0131yla katk\u0131da bulunabilecekleri, yarat\u0131c\u0131l\u0131klar\u0131n\u0131 peki\u015ftirebilecekleri ger\u00e7ek bir hayal defteri\u2026 Bu kitab\u0131n i\u00e7indeki bo\u015f sayfalara siz de<span class=\"excerpt-hellip\"> [\u2026]<\/span><\/p>\n","protected":false},"featured_media":0,"template":"","meta":{"_monsterinsights_skip_tracking":false,"_monsterinsights_sitenote_active":false,"_monsterinsights_sitenote_note":"","_monsterinsights_sitenote_category":0},"product_brand":[],"product_cat":[12913,12274],"product_tag":[],"class_list":{"0":"post-736912","1":"product","2":"type-product","3":"status-publish","5":"product_cat-3-6-yas-kitaplari","6":"product_cat-cocuk-ve-genclik-kitaplari","7":"pa_cilt-ciltsiz","8":"pa_tur-kitap","9":"pa_yayinevi-yapi-kredi-yayinlari","10":"pa_yazar-feridun-oral","12":"first","13":"instock","14":"sale","15":"shipping-taxable","16":"purchasable","17":"product-type-simple"},"_links":{"self":[{"href":"https:\/\/roveyayinevi.com.tr\/index.php\/wp-json\/wp\/v2\/product\/736912","targetHints":{"allow":["GET"]}}],"collection":[{"href":"https:\/\/roveyayinevi.com.tr\/index.php\/wp-json\/wp\/v2\/product"}],"about":[{"href":"https:\/\/roveyayinevi.com.tr\/index.php\/wp-json\/wp\/v2\/types\/product"}],"wp:attachment":[{"href":"https:\/\/roveyayinevi.com.tr\/index.php\/wp-json\/wp\/v2\/media?parent=736912"}],"wp:term":[{"taxonomy":"product_brand","embeddable":true,"href":"https:\/\/roveyayinevi.com.tr\/index.php\/wp-json\/wp\/v2\/product_brand?post=736912"},{"taxonomy":"product_cat","embeddable":true,"href":"https:\/\/roveyayinevi.com.tr\/index.php\/wp-json\/wp\/v2\/product_cat?post=736912"},{"taxonomy":"product_tag","embeddable":true,"href":"https:\/\/roveyayinevi.com.tr\/index.php\/wp-json\/wp\/v2\/product_tag?post=736912"}],"curies":[{"name":"wp","href":"https:\/\/api.w.org\/{rel}","templated":true}]}}