{"id":736911,"date":"2025-08-27T23:17:44","date_gmt":"2025-08-27T20:17:44","guid":{"rendered":"https:\/\/roveyayinevi.com.tr\/index.php\/urun\/bir-lokmalik-masallar\/"},"modified":"2026-04-16T02:45:56","modified_gmt":"2026-04-15T23:45:56","slug":"bir-lokmalik-masallar","status":"publish","type":"product","link":"https:\/\/roveyayinevi.com.tr\/index.php\/urun\/bir-lokmalik-masallar\/","title":{"rendered":"Bir Lokmal\u0131k Masallar"},"content":{"rendered":"<p>\u201cBir Lokmal\u0131k Masallar\u201d Tav\u015fan di\u015fli ejderhalar, sakar kediler\u2026 Hepsi burada\u2026Tav\u015fan di\u015fli ejderhalar m\u0131 istersiniz, u\u00e7an tav\u015fanlar, sakar kediler, elma a\u011fac\u0131na \u00e7\u0131kan kirpiler\u2026Hepsi burada\u2026 Feridun Oral\u2019dan k\u0131sa, k\u0131sac\u0131k, bir lokmal\u0131k e\u011flenceli masallar\u2026 <\/p>\n","protected":false},"excerpt":{"rendered":"<p>\u201cBir Lokmal\u0131k Masallar\u201d Tav\u015fan di\u015fli ejderhalar, sakar kediler\u2026 Hepsi burada\u2026Tav\u015fan di\u015fli ejderhalar m\u0131 istersiniz, u\u00e7an tav\u015fanlar, sakar kediler, elma a\u011fac\u0131na \u00e7\u0131kan kirpiler\u2026Hepsi burada\u2026 Feridun Oral\u2019dan k\u0131sa,<span class=\"excerpt-hellip\"> [\u2026]<\/span><\/p>\n","protected":false},"featured_media":0,"template":"","meta":{"_monsterinsights_skip_tracking":false,"_monsterinsights_sitenote_active":false,"_monsterinsights_sitenote_note":"","_monsterinsights_sitenote_category":0},"product_brand":[],"product_cat":[12913,12274],"product_tag":[],"class_list":{"0":"post-736911","1":"product","2":"type-product","3":"status-publish","5":"product_cat-3-6-yas-kitaplari","6":"product_cat-cocuk-ve-genclik-kitaplari","7":"pa_cilt-ciltsiz","8":"pa_tur-kitap","9":"pa_yayinevi-yapi-kredi-yayinlari","10":"pa_yazar-feridun-oral","12":"first","13":"instock","14":"sale","15":"shipping-taxable","16":"purchasable","17":"product-type-simple"},"_links":{"self":[{"href":"https:\/\/roveyayinevi.com.tr\/index.php\/wp-json\/wp\/v2\/product\/736911","targetHints":{"allow":["GET"]}}],"collection":[{"href":"https:\/\/roveyayinevi.com.tr\/index.php\/wp-json\/wp\/v2\/product"}],"about":[{"href":"https:\/\/roveyayinevi.com.tr\/index.php\/wp-json\/wp\/v2\/types\/product"}],"wp:attachment":[{"href":"https:\/\/roveyayinevi.com.tr\/index.php\/wp-json\/wp\/v2\/media?parent=736911"}],"wp:term":[{"taxonomy":"product_brand","embeddable":true,"href":"https:\/\/roveyayinevi.com.tr\/index.php\/wp-json\/wp\/v2\/product_brand?post=736911"},{"taxonomy":"product_cat","embeddable":true,"href":"https:\/\/roveyayinevi.com.tr\/index.php\/wp-json\/wp\/v2\/product_cat?post=736911"},{"taxonomy":"product_tag","embeddable":true,"href":"https:\/\/roveyayinevi.com.tr\/index.php\/wp-json\/wp\/v2\/product_tag?post=736911"}],"curies":[{"name":"wp","href":"https:\/\/api.w.org\/{rel}","templated":true}]}}