{"id":736910,"date":"2025-08-27T23:17:43","date_gmt":"2025-08-27T20:17:43","guid":{"rendered":"https:\/\/roveyayinevi.com.tr\/index.php\/urun\/iyi-geceler-bozi\/"},"modified":"2026-04-16T02:45:56","modified_gmt":"2026-04-15T23:45:56","slug":"iyi-geceler-bozi","status":"publish","type":"product","link":"https:\/\/roveyayinevi.com.tr\/index.php\/urun\/iyi-geceler-bozi\/","title":{"rendered":"\u0130yi Geceler Bozi"},"content":{"rendered":"<p>\u00c7ocuklar\u0131n Yalva\u00e7 Abi\u2019sinden yeni bir k\u00fc\u00e7\u00fck ay\u0131 maceras\u0131: \u0130yi Geceler Bozi Havalar so\u011fumu\u015f, inden d\u0131\u015far\u0131 \u00e7\u0131kamayan Bozi\u2019nin can\u0131 s\u0131k\u0131lmaya ba\u015flam\u0131\u015ft\u0131r. Ya\u011fmur dinince annesi ay\u0131c\u0131\u011fa d\u0131\u015far\u0131 \u00e7\u0131kmas\u0131 i\u00e7in izin verir. Ormanda gezinirken, k\u0131\u015f haz\u0131rl\u0131klar\u0131 i\u00e7indeki hayvanlara rastlayan Bozi, \u00e7ok \u00fcz\u00fclece\u011fi bir \u015fey \u00f6\u011frenir: Annesiyle birlikte k\u0131\u015f uykusuna yatacakt\u0131r. Kimi arkada\u015flar\u0131n\u0131n ya\u015fad\u0131\u011f\u0131 k\u0131\u015f e\u011flencelerinden uzak kalaca\u011f\u0131n\u0131 \u00f6\u011frenen Bozi\u2019nin iyice ne\u015fesi ka\u00e7ar. Ne yapmal\u0131, ne etmeli de k\u0131\u015f uykusuna yatmaktan kurtulmal\u0131? Annesini uyutup inden ka\u00e7may\u0131 ba\u015faran Bozi, hayal etti\u011fi e\u011flencelere kavu\u015fur mu acaba? <\/p>\n","protected":false},"excerpt":{"rendered":"<p>\u00c7ocuklar\u0131n Yalva\u00e7 Abi\u2019sinden yeni bir k\u00fc\u00e7\u00fck ay\u0131 maceras\u0131: \u0130yi Geceler Bozi Havalar so\u011fumu\u015f, inden d\u0131\u015far\u0131 \u00e7\u0131kamayan Bozi\u2019nin can\u0131 s\u0131k\u0131lmaya ba\u015flam\u0131\u015ft\u0131r. Ya\u011fmur dinince annesi ay\u0131c\u0131\u011fa d\u0131\u015far\u0131 \u00e7\u0131kmas\u0131<span class=\"excerpt-hellip\"> [\u2026]<\/span><\/p>\n","protected":false},"featured_media":0,"template":"","meta":{"_monsterinsights_skip_tracking":false,"_monsterinsights_sitenote_active":false,"_monsterinsights_sitenote_note":"","_monsterinsights_sitenote_category":0},"product_brand":[],"product_cat":[12913,12274],"product_tag":[],"class_list":{"0":"post-736910","1":"product","2":"type-product","3":"status-publish","5":"product_cat-3-6-yas-kitaplari","6":"product_cat-cocuk-ve-genclik-kitaplari","7":"pa_cilt-ciltsiz","8":"pa_tur-kitap","9":"pa_yayinevi-yapi-kredi-yayinlari","10":"pa_yazar-yalvac-ural","12":"first","13":"instock","14":"sale","15":"shipping-taxable","16":"purchasable","17":"product-type-simple"},"_links":{"self":[{"href":"https:\/\/roveyayinevi.com.tr\/index.php\/wp-json\/wp\/v2\/product\/736910","targetHints":{"allow":["GET"]}}],"collection":[{"href":"https:\/\/roveyayinevi.com.tr\/index.php\/wp-json\/wp\/v2\/product"}],"about":[{"href":"https:\/\/roveyayinevi.com.tr\/index.php\/wp-json\/wp\/v2\/types\/product"}],"wp:attachment":[{"href":"https:\/\/roveyayinevi.com.tr\/index.php\/wp-json\/wp\/v2\/media?parent=736910"}],"wp:term":[{"taxonomy":"product_brand","embeddable":true,"href":"https:\/\/roveyayinevi.com.tr\/index.php\/wp-json\/wp\/v2\/product_brand?post=736910"},{"taxonomy":"product_cat","embeddable":true,"href":"https:\/\/roveyayinevi.com.tr\/index.php\/wp-json\/wp\/v2\/product_cat?post=736910"},{"taxonomy":"product_tag","embeddable":true,"href":"https:\/\/roveyayinevi.com.tr\/index.php\/wp-json\/wp\/v2\/product_tag?post=736910"}],"curies":[{"name":"wp","href":"https:\/\/api.w.org\/{rel}","templated":true}]}}