{"id":736909,"date":"2025-08-27T23:17:41","date_gmt":"2025-08-27T20:17:41","guid":{"rendered":"https:\/\/roveyayinevi.com.tr\/index.php\/urun\/kucuk-ayi-ile-ahlat-agaci\/"},"modified":"2026-04-16T02:45:56","modified_gmt":"2026-04-15T23:45:56","slug":"kucuk-ayi-ile-ahlat-agaci","status":"publish","type":"product","link":"https:\/\/roveyayinevi.com.tr\/index.php\/urun\/kucuk-ayi-ile-ahlat-agaci\/","title":{"rendered":"K\u00fc\u00e7\u00fck Ay\u0131 ile Ahlat A\u011fac\u0131"},"content":{"rendered":"<p>K\u00fc\u00e7\u00fck Ay\u0131 art\u0131k b\u00fcy\u00fcd\u00fc\u011f\u00fcn\u00fc d\u00fc\u015f\u00fcn\u00fcr. \u00d6yle ya! Art\u0131k kendi ba\u015f\u0131na pek \u00e7ok \u015fey yapabilir\u2026 Annesi yine de onu kollamaya devam eder. Annesinin s\u00f6z\u00fcn\u00fc dinlemeyen K\u00fc\u00e7\u00fck Ay\u0131 h\u0131zla ko\u015farken d\u00fc\u015fer ve yuvarlanarak gidip ahlat a\u011fac\u0131na \u00e7arpar. Derdi bu kadarla biter mi ay\u0131c\u0131\u011f\u0131n? K\u00fc\u00e7\u00fck Ay\u0131 ile Ahlat A\u011fac\u0131, Yalva\u00e7 Ural\u2019dan yine \u00e7ok sevilecek bir kitap\u2026 <\/p>\n","protected":false},"excerpt":{"rendered":"<p>K\u00fc\u00e7\u00fck Ay\u0131 art\u0131k b\u00fcy\u00fcd\u00fc\u011f\u00fcn\u00fc d\u00fc\u015f\u00fcn\u00fcr. \u00d6yle ya! Art\u0131k kendi ba\u015f\u0131na pek \u00e7ok \u015fey yapabilir\u2026 Annesi yine de onu kollamaya devam eder. Annesinin s\u00f6z\u00fcn\u00fc dinlemeyen K\u00fc\u00e7\u00fck Ay\u0131<span class=\"excerpt-hellip\"> [\u2026]<\/span><\/p>\n","protected":false},"featured_media":0,"template":"","meta":{"_monsterinsights_skip_tracking":false,"_monsterinsights_sitenote_active":false,"_monsterinsights_sitenote_note":"","_monsterinsights_sitenote_category":0},"product_brand":[],"product_cat":[12913,12274],"product_tag":[],"class_list":{"0":"post-736909","1":"product","2":"type-product","3":"status-publish","5":"product_cat-3-6-yas-kitaplari","6":"product_cat-cocuk-ve-genclik-kitaplari","7":"pa_cilt-ciltsiz","8":"pa_tur-kitap","9":"pa_yayinevi-yapi-kredi-yayinlari","10":"pa_yazar-yalvac-ural","12":"first","13":"instock","14":"sale","15":"shipping-taxable","16":"purchasable","17":"product-type-simple"},"_links":{"self":[{"href":"https:\/\/roveyayinevi.com.tr\/index.php\/wp-json\/wp\/v2\/product\/736909","targetHints":{"allow":["GET"]}}],"collection":[{"href":"https:\/\/roveyayinevi.com.tr\/index.php\/wp-json\/wp\/v2\/product"}],"about":[{"href":"https:\/\/roveyayinevi.com.tr\/index.php\/wp-json\/wp\/v2\/types\/product"}],"wp:attachment":[{"href":"https:\/\/roveyayinevi.com.tr\/index.php\/wp-json\/wp\/v2\/media?parent=736909"}],"wp:term":[{"taxonomy":"product_brand","embeddable":true,"href":"https:\/\/roveyayinevi.com.tr\/index.php\/wp-json\/wp\/v2\/product_brand?post=736909"},{"taxonomy":"product_cat","embeddable":true,"href":"https:\/\/roveyayinevi.com.tr\/index.php\/wp-json\/wp\/v2\/product_cat?post=736909"},{"taxonomy":"product_tag","embeddable":true,"href":"https:\/\/roveyayinevi.com.tr\/index.php\/wp-json\/wp\/v2\/product_tag?post=736909"}],"curies":[{"name":"wp","href":"https:\/\/api.w.org\/{rel}","templated":true}]}}