{"id":736908,"date":"2025-08-27T23:17:40","date_gmt":"2025-08-27T20:17:40","guid":{"rendered":"https:\/\/roveyayinevi.com.tr\/index.php\/urun\/ay-ne-zaman-gelecek\/"},"modified":"2026-04-16T02:45:56","modified_gmt":"2026-04-15T23:45:56","slug":"ay-ne-zaman-gelecek","status":"publish","type":"product","link":"https:\/\/roveyayinevi.com.tr\/index.php\/urun\/ay-ne-zaman-gelecek\/","title":{"rendered":"Ay Ne Zaman Gelecek"},"content":{"rendered":"<p>Dostlu\u011fun \u0131\u015f\u0131\u011f\u0131 korkular\u0131 yener.   K\u00fc\u00e7\u00fck tav\u015fan bir geceyar\u0131s\u0131 uyand\u0131. Karn\u0131 \u00e7ok ac\u0131km\u0131\u015ft\u0131 ama karanl\u0131k ormanda yiyecek aramaktan biraz korkuyordu. Pembe burnunu oynatarak \u00e7aresizce havay\u0131 koklarken bir \u00e7\u0131t\u0131rd\u0131 duydu, ard\u0131ndan parlak bir \u0131\u015f\u0131k g\u00f6rd\u00fc. Gecenin kocaman lambas\u0131 Ay m\u0131yd\u0131 bu? Yoksa onun da m\u0131 uykusu ka\u00e7m\u0131\u015ft\u0131? <\/p>\n","protected":false},"excerpt":{"rendered":"<p>Dostlu\u011fun \u0131\u015f\u0131\u011f\u0131 korkular\u0131 yener. K\u00fc\u00e7\u00fck tav\u015fan bir geceyar\u0131s\u0131 uyand\u0131. Karn\u0131 \u00e7ok ac\u0131km\u0131\u015ft\u0131 ama karanl\u0131k ormanda yiyecek aramaktan biraz korkuyordu. Pembe burnunu oynatarak \u00e7aresizce havay\u0131 koklarken bir<span class=\"excerpt-hellip\"> [\u2026]<\/span><\/p>\n","protected":false},"featured_media":0,"template":"","meta":{"_monsterinsights_skip_tracking":false,"_monsterinsights_sitenote_active":false,"_monsterinsights_sitenote_note":"","_monsterinsights_sitenote_category":0},"product_brand":[],"product_cat":[12913,12274],"product_tag":[],"class_list":{"0":"post-736908","1":"product","2":"type-product","3":"status-publish","5":"product_cat-3-6-yas-kitaplari","6":"product_cat-cocuk-ve-genclik-kitaplari","7":"pa_cilt-ciltsiz","8":"pa_tur-kitap","9":"pa_yayinevi-yapi-kredi-yayinlari","10":"pa_yazar-feridun-oral","12":"first","13":"instock","14":"sale","15":"shipping-taxable","16":"purchasable","17":"product-type-simple"},"_links":{"self":[{"href":"https:\/\/roveyayinevi.com.tr\/index.php\/wp-json\/wp\/v2\/product\/736908","targetHints":{"allow":["GET"]}}],"collection":[{"href":"https:\/\/roveyayinevi.com.tr\/index.php\/wp-json\/wp\/v2\/product"}],"about":[{"href":"https:\/\/roveyayinevi.com.tr\/index.php\/wp-json\/wp\/v2\/types\/product"}],"wp:attachment":[{"href":"https:\/\/roveyayinevi.com.tr\/index.php\/wp-json\/wp\/v2\/media?parent=736908"}],"wp:term":[{"taxonomy":"product_brand","embeddable":true,"href":"https:\/\/roveyayinevi.com.tr\/index.php\/wp-json\/wp\/v2\/product_brand?post=736908"},{"taxonomy":"product_cat","embeddable":true,"href":"https:\/\/roveyayinevi.com.tr\/index.php\/wp-json\/wp\/v2\/product_cat?post=736908"},{"taxonomy":"product_tag","embeddable":true,"href":"https:\/\/roveyayinevi.com.tr\/index.php\/wp-json\/wp\/v2\/product_tag?post=736908"}],"curies":[{"name":"wp","href":"https:\/\/api.w.org\/{rel}","templated":true}]}}