{"id":736904,"date":"2025-08-27T23:17:35","date_gmt":"2025-08-27T20:17:35","guid":{"rendered":"https:\/\/roveyayinevi.com.tr\/index.php\/urun\/def-ve-mendil\/"},"modified":"2026-04-16T02:45:56","modified_gmt":"2026-04-15T23:45:56","slug":"def-ve-mendil","status":"publish","type":"product","link":"https:\/\/roveyayinevi.com.tr\/index.php\/urun\/def-ve-mendil\/","title":{"rendered":"Def ve Mendil"},"content":{"rendered":"<p>Akademik kimli\u011fiyle tan\u0131nan Ay\u015fe \u0130lker, hik\u00e2yecili\u011fiyle de 1970&#8217;li y\u0131llardan beri Ana, T\u00f6re, Divan, Do\u011fu\u015f, Berceste, Karde\u015f Kalemler ve Kanat gibi bir\u00e7ok dergide yer ald\u0131. 1986&#8217;ya kadar yazd\u0131\u011f\u0131 hik\u00e2yeler, K\u00fclt\u00fcr Bakanl\u0131\u011f\u0131 Gen\u00e7lik Dizisi i\u00e7inde bas\u0131ld\u0131. K\u00fclt\u00fcr Bakanl\u0131\u011f\u0131&#8217;n\u0131n bir projesi olarak yurt d\u0131\u015f\u0131ndaki T\u00fcrk i\u015f\u00e7ilerinin \u00e7ocuklar\u0131na y\u00f6nelik haz\u0131rlanan hik\u00e2ye dizisinde T\u00fcrk Misafirperverli\u011fi (Turkish Hospitality) kitab\u0131n\u0131 yazd\u0131 ve bunlar, \u0130ngilizceye terc\u00fcme edilerek yay\u0131mland\u0131. Bir Ba\u015fka Sevda ve Eflatun H\u00fcz\u00fcnler isimli iki kitab\u0131 \u00d6t\u00fcken Ne\u015friyat taraf\u0131ndan yay\u0131mlanan \u0130lker, hik\u00e2yecilikteki ba\u015far\u0131s\u0131n\u0131 T\u00fcrk\u00e7eyi ar\u0131 duru kullanmas\u0131yla per\u00e7inledi hep. O, yaln\u0131zca bizden olanlar\u0131n hik\u00e2yesini yazmad\u0131. Ayn\u0131 zamanda bizim hik\u00e2yelerimizi, bizim dilimizi en latif \u015fekilde kullanarak okuyucuyla bulu\u015fturdu. \u0130\u015fte Def ve Mendil de hem o hik\u00e2yelerin hem de o latif dilin bir arada oldu\u011fu \u00e7al\u0131\u015fmalardan biri\u2026 Nicesinin hayat\u0131n\u0131, sanki o hayatlar\u0131n tam ortas\u0131ndaym\u0131\u015f gibi anlatan hik\u00e2yelerin birlikteli\u011fi\u2026 Eve gelen kom\u015fular\u0131n a\u011f\u0131rlanmas\u0131ndan, mahallede yatalak kal\u0131p bak\u0131ma muhta\u00e7 olan ya\u015fl\u0131lara ko\u015fulmas\u0131ndan, a\u015furelerin lokmalar\u0131n kap\u0131 kap\u0131 da\u011f\u0131t\u0131lmas\u0131na, d\u00fc\u011f\u00fcnlerle k\u0131na gecelerinde k\u0131zlar\u0131n s\u00fcslenmesine kadar her i\u015fe s\u00fcr\u00fclen ama \u00e7evreye g\u00f6nl\u00fcnce bakmas\u0131na izin verilmeyip \u201csa\u011fdan y\u00fcr\u00fc, soldan git, \u00f6n\u00fcne bak, arkan\u0131 d\u00f6nme, \u00e7abuk gel, oyalanma, o\u011flanlara bakma, adamlarla konu\u015fma\u201d ikazlar\u0131yla ba\u015f\u0131 hep g\u00f6\u011fs\u00fcn\u00fcn \u00fcst\u00fcne d\u00fc\u015f\u00fck, s\u0131rt\u0131 hep b\u00fcz\u00fck, bak\u0131\u015flar\u0131 hep \u00e7ekingen Zinet! Ad\u0131n\u0131 babas\u0131, gen\u00e7 ya\u015fta do\u011fum yaparken bebe\u011fiyle birlikte \u00f6len k\u0131z karde\u015finin hat\u0131ras\u0131 ya\u015fas\u0131n ve korunsun diye koymu\u015ftu. Zinet\u2019te hala ve bebe\u011fi hat\u0131rlanacakt\u0131; ama bu daha \u00f6te bir \u015fey olmu\u015ftu. Zinet\u2019in s\u0131rt\u0131na bindirilmi\u015fti sanki halas\u0131n\u0131n ve bebe\u011finin hayat y\u00fck\u00fc.<\/p>\n","protected":false},"excerpt":{"rendered":"<p>Akademik kimli\u011fiyle tan\u0131nan Ay\u015fe \u0130lker, hik\u00e2yecili\u011fiyle de 1970&#8217;li y\u0131llardan beri Ana, T\u00f6re, Divan, Do\u011fu\u015f, Berceste, Karde\u015f Kalemler ve Kanat gibi bir\u00e7ok dergide yer ald\u0131. 1986&#8217;ya kadar<span class=\"excerpt-hellip\"> [\u2026]<\/span><\/p>\n","protected":false},"featured_media":0,"template":"","meta":{"_monsterinsights_skip_tracking":false,"_monsterinsights_sitenote_active":false,"_monsterinsights_sitenote_note":"","_monsterinsights_sitenote_category":0},"product_brand":[],"product_cat":[12291,12292],"product_tag":[],"class_list":{"0":"post-736904","1":"product","2":"type-product","3":"status-publish","5":"product_cat-edebiyat","6":"product_cat-turk-edebiyati","7":"pa_cilt-ciltsiz","8":"pa_tur-kitap","9":"pa_yayinevi-otuken-nesriyat","10":"pa_yazar-ayse-ilker","12":"first","13":"instock","14":"sale","15":"shipping-taxable","16":"purchasable","17":"product-type-simple"},"_links":{"self":[{"href":"https:\/\/roveyayinevi.com.tr\/index.php\/wp-json\/wp\/v2\/product\/736904","targetHints":{"allow":["GET"]}}],"collection":[{"href":"https:\/\/roveyayinevi.com.tr\/index.php\/wp-json\/wp\/v2\/product"}],"about":[{"href":"https:\/\/roveyayinevi.com.tr\/index.php\/wp-json\/wp\/v2\/types\/product"}],"wp:attachment":[{"href":"https:\/\/roveyayinevi.com.tr\/index.php\/wp-json\/wp\/v2\/media?parent=736904"}],"wp:term":[{"taxonomy":"product_brand","embeddable":true,"href":"https:\/\/roveyayinevi.com.tr\/index.php\/wp-json\/wp\/v2\/product_brand?post=736904"},{"taxonomy":"product_cat","embeddable":true,"href":"https:\/\/roveyayinevi.com.tr\/index.php\/wp-json\/wp\/v2\/product_cat?post=736904"},{"taxonomy":"product_tag","embeddable":true,"href":"https:\/\/roveyayinevi.com.tr\/index.php\/wp-json\/wp\/v2\/product_tag?post=736904"}],"curies":[{"name":"wp","href":"https:\/\/api.w.org\/{rel}","templated":true}]}}