{"id":736902,"date":"2025-08-27T23:17:33","date_gmt":"2025-08-27T20:17:33","guid":{"rendered":"https:\/\/roveyayinevi.com.tr\/index.php\/urun\/kaptan\/"},"modified":"2026-04-16T02:45:55","modified_gmt":"2026-04-15T23:45:55","slug":"kaptan","status":"publish","type":"product","link":"https:\/\/roveyayinevi.com.tr\/index.php\/urun\/kaptan\/","title":{"rendered":"Kaptan"},"content":{"rendered":"<p>Bu roman, Kaptan Ali N\u00e2s\u0131r en-Necd\u00ee\u2019nin biyografisini K\u00f6rfez insan\u0131n\u0131n vicdan\u0131nda azap verici bir deniz efsanesi olarak belgelemekle kalmay\u0131p kendisini roman\u0131n ba\u011flam\u0131na dayatm\u0131\u015f \u00e7ok say\u0131da bilgi, s\u00f6ylem ve kay\u0131tla \u00e7evrili toplumsal de\u011fi\u015fimlerle birlikte aktar\u0131yor. Sanatsal yan\u0131lsamaya dayal\u0131 edebi bir s\u00f6ylemin u\u00e7lar\u0131nda, ger\u00e7e\u011fin realist hitab\u0131n\u0131 sorgulamaya kalk\u0131\u015fan Kuveytli yazar Taleb Alrefai, dramatik bir gerilim an\u0131na, f\u0131rt\u0131nan\u0131n patlay\u0131\u015f\u0131na, \u00f6l\u00fcme ve insan\u0131n hammaddesini ay\u0131ran o duvar\u0131 \u00e7izen hi\u00e7li\u011fe var\u0131yor. Alrefai, \u201cAli N\u00e2s\u0131r en-Necd\u00ee \u00f6ld\u00fc\u201d dedi\u011finde olu\u015fabilecek son derece basit d\u00fczeydeki bir haberin roman seviyesine y\u00fckseli\u015fini, Gerald Prince\u2019in \u201cnedensellik\u201d anlay\u0131\u015f\u0131yla ili\u015fkilendiriyor. \u201cAli N\u00e2s\u0131r en-Necd\u00ee bo\u011fularak \u00f6ld\u00fc\u201d diyerek de bir olay \u00f6rg\u00fcs\u00fcn\u00fcn varl\u0131\u011f\u0131n\u0131, sahnelerin kurgulanmas\u0131n\u0131 ve bir t\u00fcr sebep, paradoks ve \u00e7a\u011fr\u0131\u015f\u0131m aray\u0131\u015f\u0131 i\u00e7inde uzamsal alanlar\u0131n olu\u015fturulmas\u0131n\u0131 zorunlu k\u0131l\u0131yor. J.M. Coetzee   TALEB ALREFA\u0130 Kuveytli roman ve \u00f6yk\u00fc yazar\u0131d\u0131r. Kuveyt \u00dcniversitesi \u0130n\u015faat M\u00fchendisli\u011fi B\u00f6l\u00fcm\u00fc\u2019nden mezun olmu\u015f, Londra Kingston \u00dcniversitesi\u2019nde Yarat\u0131c\u0131 Yazarl\u0131k alan\u0131nda y\u00fcksek lisans yapm\u0131\u015ft\u0131r. \u201cArap\u00e7a K\u0131sa \u00d6yk\u00fc Derne\u011fi \u00d6d\u00fcl\u00fc\u201dn\u00fcn kurucusudur ve m\u00fctevelli heyeti ba\u015fkanl\u0131\u011f\u0131n\u0131 y\u00fcr\u00fctmektedir. 2002 y\u0131l\u0131nda Deniz Kokusu, 2016 y\u0131l\u0131nda Tastamam Burada adl\u0131 romanlar\u0131yla Devlet Edebiyat \u00d6d\u00fcl\u00fc\u2019n\u00fcn sahibi olmu\u015ftur. 2010 y\u0131l\u0131nda \u00fc\u00e7\u00fcnc\u00fcs\u00fc verilen Uluslararas\u0131 Arap\u00e7a Kurgu Roman \u00d6d\u00fcl\u00fc\u2019n\u00fcn (Arabic Booker) j\u00fcrisine ba\u015fkanl\u0131k etti. \u00d6ne \u00e7\u0131kan eserleri Minik H\u0131rs\u0131zl\u0131klar, Sandalye, Koyu Gri adl\u0131 \u00f6yk\u00fc toplamlar\u0131 ile G\u00fcne\u015fin G\u00f6lgesi, Tastamam Burada, Kaptan ve Sevgiliyi Kapmak adl\u0131 romanlar\u0131 \u0130ngilizce, Frans\u0131zca, \u0130spanyolca, \u00c7ince gibi bir\u00e7ok dile \u00e7evrildi. 2021 y\u0131l\u0131nda 40.\u2019s\u0131 d\u00fczenlenen \u015earika Kitap Fuar\u0131&#8217;nda \u201cY\u0131l\u0131n K\u00fclt\u00fcr \u0130nsan\u0131\u201d \u00f6d\u00fcl\u00fcne lay\u0131k g\u00f6r\u00fcld\u00fc. Alrefai, Yarat\u0131c\u0131 Yazarl\u0131k alan\u0131nda uzman akademisyen olarak \u00e7al\u0131\u015fmalar\u0131n\u0131 s\u00fcrd\u00fcrmektedir. <\/p>\n","protected":false},"excerpt":{"rendered":"<p>Bu roman, Kaptan Ali N\u00e2s\u0131r en-Necd\u00ee\u2019nin biyografisini K\u00f6rfez insan\u0131n\u0131n vicdan\u0131nda azap verici bir deniz efsanesi olarak belgelemekle kalmay\u0131p kendisini roman\u0131n ba\u011flam\u0131na dayatm\u0131\u015f \u00e7ok say\u0131da bilgi, s\u00f6ylem<span class=\"excerpt-hellip\"> [\u2026]<\/span><\/p>\n","protected":false},"featured_media":0,"template":"","meta":{"_monsterinsights_skip_tracking":false,"_monsterinsights_sitenote_active":false,"_monsterinsights_sitenote_note":"","_monsterinsights_sitenote_category":0},"product_brand":[],"product_cat":[12291,12711],"product_tag":[],"class_list":{"0":"post-736902","1":"product","2":"type-product","3":"status-publish","5":"product_cat-edebiyat","6":"product_cat-roman-oyku","7":"pa_cilt-ciltsiz","8":"pa_tur-kitap","9":"pa_yayinevi-ayrinti-yayinlari","10":"pa_yazar-taleb-alrefai","12":"first","13":"instock","14":"sale","15":"shipping-taxable","16":"purchasable","17":"product-type-simple"},"_links":{"self":[{"href":"https:\/\/roveyayinevi.com.tr\/index.php\/wp-json\/wp\/v2\/product\/736902","targetHints":{"allow":["GET"]}}],"collection":[{"href":"https:\/\/roveyayinevi.com.tr\/index.php\/wp-json\/wp\/v2\/product"}],"about":[{"href":"https:\/\/roveyayinevi.com.tr\/index.php\/wp-json\/wp\/v2\/types\/product"}],"wp:attachment":[{"href":"https:\/\/roveyayinevi.com.tr\/index.php\/wp-json\/wp\/v2\/media?parent=736902"}],"wp:term":[{"taxonomy":"product_brand","embeddable":true,"href":"https:\/\/roveyayinevi.com.tr\/index.php\/wp-json\/wp\/v2\/product_brand?post=736902"},{"taxonomy":"product_cat","embeddable":true,"href":"https:\/\/roveyayinevi.com.tr\/index.php\/wp-json\/wp\/v2\/product_cat?post=736902"},{"taxonomy":"product_tag","embeddable":true,"href":"https:\/\/roveyayinevi.com.tr\/index.php\/wp-json\/wp\/v2\/product_tag?post=736902"}],"curies":[{"name":"wp","href":"https:\/\/api.w.org\/{rel}","templated":true}]}}