{"id":736901,"date":"2025-08-27T23:17:32","date_gmt":"2025-08-27T20:17:32","guid":{"rendered":"https:\/\/roveyayinevi.com.tr\/index.php\/urun\/buyukannemin-elleri\/"},"modified":"2026-04-16T02:45:55","modified_gmt":"2026-04-15T23:45:55","slug":"buyukannemin-elleri","status":"publish","type":"product","link":"https:\/\/roveyayinevi.com.tr\/index.php\/urun\/buyukannemin-elleri\/","title":{"rendered":"B\u00fcy\u00fckannemin Elleri"},"content":{"rendered":"<p>&#8220;Hayat bizi ge\u00e7mi\u015fte \u00e7\u00f6z\u00fcmlenmemi\u015f bir \u015feyle gelece\u011fe g\u00f6nderir.&#8221; \u2013 Mark Wolynn   Travma ki\u015fisel bir ba\u015far\u0131s\u0131zl\u0131k de\u011fildir. Her birimiz fark\u0131 travmalar\u0131 ya\u015far ve kabul ederiz. Kimi hediyedir kimi ise hediyeye d\u00f6n\u00fc\u015fmek \u00fczere bekler. Beden, i\u00e7g\u00fcd\u00fclerimizin bar\u0131nd\u0131\u011f\u0131, sava\u015ft\u0131\u011f\u0131m\u0131z, ka\u00e7t\u0131\u011f\u0131m\u0131z veya donup kald\u0131\u011f\u0131m\u0131z yerdir ve bireysel\/toplumsal bask\u0131lar\u0131n yol a\u00e7t\u0131\u011f\u0131 travmaya kar\u015f\u0131 dayanmaya \u00e7al\u0131\u015f\u0131r. B\u00fcy\u00fckannemin Elleri, nesiller \u00fcst\u00fc travmalar\u0131n bizde olu\u015fturabilece\u011fi etkileri analiz ediyor. \u00c7\u0131\u011f\u0131r a\u00e7an bu kitapta terapist Resmaa Menakem, toplumsal ve bireysel olaylar\u0131n yol a\u00e7t\u0131\u011f\u0131 tahribat\u0131 travma ve beden merkezli psikoloji perspektifinden inceliyor. Resmaa Menakem, \u015fu anda Minneapolis\u2019te, \u00f6zel muayenehanesinde \u00e7al\u0131\u015fmalar\u0131na devam eden onlarca y\u0131ll\u0131k deneyime sahip bir terapisttir; travma, v\u00fccut merkezli psikoterapi ve \u015fiddeti \u00f6nleme konusunda uzmanla\u015fm\u0131\u015ft\u0131r.<\/p>\n","protected":false},"excerpt":{"rendered":"<p>&#8220;Hayat bizi ge\u00e7mi\u015fte \u00e7\u00f6z\u00fcmlenmemi\u015f bir \u015feyle gelece\u011fe g\u00f6nderir.&#8221; \u2013 Mark Wolynn Travma ki\u015fisel bir ba\u015far\u0131s\u0131zl\u0131k de\u011fildir. Her birimiz fark\u0131 travmalar\u0131 ya\u015far ve kabul ederiz. Kimi hediyedir<span class=\"excerpt-hellip\"> [\u2026]<\/span><\/p>\n","protected":false},"featured_media":0,"template":"","meta":{"_monsterinsights_skip_tracking":false,"_monsterinsights_sitenote_active":false,"_monsterinsights_sitenote_note":"","_monsterinsights_sitenote_category":0},"product_brand":[],"product_cat":[12755,12357],"product_tag":[],"class_list":{"0":"post-736901","1":"product","2":"type-product","3":"status-publish","5":"product_cat-gelisim-psikolojisi","6":"product_cat-psikoloji","7":"pa_cilt-ciltsiz","8":"pa_tur-kitap","9":"pa_yayinevi-sola-unitas","10":"pa_yazar-resmaa-menakem","12":"first","13":"instock","14":"sale","15":"shipping-taxable","16":"purchasable","17":"product-type-simple"},"_links":{"self":[{"href":"https:\/\/roveyayinevi.com.tr\/index.php\/wp-json\/wp\/v2\/product\/736901","targetHints":{"allow":["GET"]}}],"collection":[{"href":"https:\/\/roveyayinevi.com.tr\/index.php\/wp-json\/wp\/v2\/product"}],"about":[{"href":"https:\/\/roveyayinevi.com.tr\/index.php\/wp-json\/wp\/v2\/types\/product"}],"wp:attachment":[{"href":"https:\/\/roveyayinevi.com.tr\/index.php\/wp-json\/wp\/v2\/media?parent=736901"}],"wp:term":[{"taxonomy":"product_brand","embeddable":true,"href":"https:\/\/roveyayinevi.com.tr\/index.php\/wp-json\/wp\/v2\/product_brand?post=736901"},{"taxonomy":"product_cat","embeddable":true,"href":"https:\/\/roveyayinevi.com.tr\/index.php\/wp-json\/wp\/v2\/product_cat?post=736901"},{"taxonomy":"product_tag","embeddable":true,"href":"https:\/\/roveyayinevi.com.tr\/index.php\/wp-json\/wp\/v2\/product_tag?post=736901"}],"curies":[{"name":"wp","href":"https:\/\/api.w.org\/{rel}","templated":true}]}}