{"id":736898,"date":"2025-08-27T23:17:30","date_gmt":"2025-08-27T20:17:30","guid":{"rendered":"https:\/\/roveyayinevi.com.tr\/index.php\/urun\/spinoza-kant-schopenhauer-ve-nietzsche-felsefesinde-duygularin-anatomisi-ve-siirsel-izdusumleri\/"},"modified":"2026-04-16T02:45:55","modified_gmt":"2026-04-15T23:45:55","slug":"spinoza-kant-schopenhauer-ve-nietzsche-felsefesinde-duygularin-anatomisi-ve-siirsel-izdusumleri","status":"publish","type":"product","link":"https:\/\/roveyayinevi.com.tr\/index.php\/urun\/spinoza-kant-schopenhauer-ve-nietzsche-felsefesinde-duygularin-anatomisi-ve-siirsel-izdusumleri\/","title":{"rendered":"Spinoza, Kant, Schopenhauer ve Nietzsche Felsefesinde Duygular\u0131n Anatomisi ve \u015eiirsel \u0130zd\u00fc\u015f\u00fcmleri"},"content":{"rendered":"<p>Ahmet \u0130lhan\u2019\u0131n Spinoza, Kant, Schopenhauer ve Nietzsche Felsefesinde Duygular\u0131n Anatomisi kitab\u0131, bizi d\u00f6rt b\u00fcy\u00fck filozofun duygu tan\u0131mlar\u0131, \u00e7\u00f6z\u00fcmlemeleri ve betimlemeleriyle felsefenin i\u00e7ine; \u015fairlerin g\u00fc\u00e7l\u00fc sezgileri ve yarat\u0131c\u0131 imgelemleriyle felsefenin canl\u0131 ya\u015fam ak\u0131\u015f\u0131na \u00e7ekiyor. Bu geni\u015f ve kapsaml\u0131 felsefi duygu \u00e7al\u0131\u015fmas\u0131, bizi, Spinoza\u2019n\u0131n, duygular\u0131n matematiksel hassasiyetle incelenebilece\u011fini, duygu taraf\u0131ndan motive edilen insan davran\u0131\u015f\u0131n\u0131n tamamen anla\u015f\u0131labilir ve a\u00e7\u0131klanabilir olmas\u0131 gerekti\u011fini \u00f6ne s\u00fcrmesini, devrimsel bir geli\u015fmenin yans\u0131mas\u0131 oldu\u011funu; Kant\u2019\u0131n duygu, ak\u0131l ve eylem aras\u0131ndaki ili\u015fkileri, ba\u011flar\u0131 \u00e7\u00f6z\u00fcmlemeye \u00e7al\u0131\u015f\u0131rken eylemlerimizin bilgiyle nas\u0131l i\u00e7 i\u00e7e ge\u00e7ti\u011fini ve eylemlerimizin duygu ile ak\u0131l aras\u0131ndaki gerginli\u011fe nas\u0131l vesile oldu\u011funu; Schopenhauer\u2019in insan\u0131n s\u00fcrekli bir gereksinme \u201cisteme\u201d halinde ka\u00e7\u0131n\u0131lmaz olarak hayal k\u0131r\u0131kl\u0131klar\u0131 ve ac\u0131lar \u00e7ekmeye yazg\u0131l\u0131 oldu\u011fu bi\u00e7imindeki yakla\u015f\u0131m\u0131n\u0131; Nietzsche\u2019nin kadim duygular\u0131m\u0131zla ilgili olarak bize inand\u0131\u011f\u0131m\u0131z, bildi\u011fimiz, sand\u0131\u011f\u0131m\u0131z ve d\u00fc\u015f\u00fcnd\u00fc\u011f\u00fcm\u00fcz her \u015feyin b\u00fcy\u00fck bir yanl\u0131\u015f\u0131n par\u00e7as\u0131 olabilece\u011fi ihtimalini g\u00f6stermesini ise b\u00fcy\u00fck bir ilgiyle okumaya ve yeniden d\u00fc\u015f\u00fcnmeye y\u00f6nlendiriyor.<\/p>\n","protected":false},"excerpt":{"rendered":"<p>Ahmet \u0130lhan\u2019\u0131n Spinoza, Kant, Schopenhauer ve Nietzsche Felsefesinde Duygular\u0131n Anatomisi kitab\u0131, bizi d\u00f6rt b\u00fcy\u00fck filozofun duygu tan\u0131mlar\u0131, \u00e7\u00f6z\u00fcmlemeleri ve betimlemeleriyle felsefenin i\u00e7ine; \u015fairlerin g\u00fc\u00e7l\u00fc sezgileri ve<span class=\"excerpt-hellip\"> [\u2026]<\/span><\/p>\n","protected":false},"featured_media":0,"template":"","meta":{"_monsterinsights_skip_tracking":false,"_monsterinsights_sitenote_active":false,"_monsterinsights_sitenote_note":"","_monsterinsights_sitenote_category":0},"product_brand":[],"product_cat":[16038,12388],"product_tag":[],"class_list":{"0":"post-736898","1":"product","2":"type-product","3":"status-publish","5":"product_cat-arastirma-inceleme-referans-felsefe","6":"product_cat-felsefe","7":"pa_cilt-ciltsiz","8":"pa_tur-kitap","9":"pa_yayinevi-sumer-yayin","10":"pa_yazar-ahmet-ilhan","12":"first","13":"instock","14":"sale","15":"shipping-taxable","16":"purchasable","17":"product-type-simple"},"_links":{"self":[{"href":"https:\/\/roveyayinevi.com.tr\/index.php\/wp-json\/wp\/v2\/product\/736898","targetHints":{"allow":["GET"]}}],"collection":[{"href":"https:\/\/roveyayinevi.com.tr\/index.php\/wp-json\/wp\/v2\/product"}],"about":[{"href":"https:\/\/roveyayinevi.com.tr\/index.php\/wp-json\/wp\/v2\/types\/product"}],"wp:attachment":[{"href":"https:\/\/roveyayinevi.com.tr\/index.php\/wp-json\/wp\/v2\/media?parent=736898"}],"wp:term":[{"taxonomy":"product_brand","embeddable":true,"href":"https:\/\/roveyayinevi.com.tr\/index.php\/wp-json\/wp\/v2\/product_brand?post=736898"},{"taxonomy":"product_cat","embeddable":true,"href":"https:\/\/roveyayinevi.com.tr\/index.php\/wp-json\/wp\/v2\/product_cat?post=736898"},{"taxonomy":"product_tag","embeddable":true,"href":"https:\/\/roveyayinevi.com.tr\/index.php\/wp-json\/wp\/v2\/product_tag?post=736898"}],"curies":[{"name":"wp","href":"https:\/\/api.w.org\/{rel}","templated":true}]}}