{"id":736897,"date":"2025-08-27T23:17:29","date_gmt":"2025-08-27T20:17:29","guid":{"rendered":"https:\/\/roveyayinevi.com.tr\/index.php\/urun\/empati-2\/"},"modified":"2026-04-03T02:52:08","modified_gmt":"2026-04-02T23:52:08","slug":"empati-2","status":"publish","type":"product","link":"https:\/\/roveyayinevi.com.tr\/index.php\/urun\/empati-2\/","title":{"rendered":"Empati"},"content":{"rendered":"<p>G\u00fcnl\u00fck ya\u015fam\u0131n sorunlar\u0131yla u\u011fra\u015fmak zorunda olan ebeveynler \u00e7o\u011fu zaman yorgun ve gergindir. \u00c7ocuklar\u0131n da ku\u015fkusuz kendilerine g\u00f6re sorunlar\u0131 vard\u0131r. Peki, bundan do\u011facak gerilimlere kar\u015f\u0131 nas\u0131l \u00f6nlemler al\u0131nabilir? Bu sorunun yan\u0131t\u0131 Mona Kino i\u00e7in \u00e7ok a\u00e7\u0131kt\u0131r: \u0130\u00e7 dengenin kurulmas\u0131 ve aile i\u00e7i ili\u015fkilerin sa\u011flam bir temele oturtulmas\u0131. Empati, bu ko\u015fullar\u0131n yerine getirilmesini sa\u011flar.   Mona Kino kitapta bulunan e\u011fitim \u00e7al\u0131\u015fmalar\u0131n\u0131 aile sa\u011fl\u0131\u011f\u0131 uzman\u0131 Jesper Juul, \u00f6\u011fretmen ve yazar Peter Hong ve bilim insanlar\u0131yla birlikte d\u00fczenlemi\u015ftir. Bu e\u011fitim \u00e7al\u0131\u015fmalar\u0131n\u0131 uygulamak da olduk\u00e7a kolayd\u0131r. Gerek gece yatmadan \u00f6nce gerekse yolda trafik \u0131\u015f\u0131klar\u0131nda beklerken ya da parkta gezmeye \u00e7\u0131k\u0131ld\u0131\u011f\u0131nda bir a\u011fac\u0131n alt\u0131nda dinlenirken bile yap\u0131labilir. <\/p>\n","protected":false},"excerpt":{"rendered":"<p>G\u00fcnl\u00fck ya\u015fam\u0131n sorunlar\u0131yla u\u011fra\u015fmak zorunda olan ebeveynler \u00e7o\u011fu zaman yorgun ve gergindir. \u00c7ocuklar\u0131n da ku\u015fkusuz kendilerine g\u00f6re sorunlar\u0131 vard\u0131r. Peki, bundan do\u011facak gerilimlere kar\u015f\u0131 nas\u0131l \u00f6nlemler<span class=\"excerpt-hellip\"> [\u2026]<\/span><\/p>\n","protected":false},"featured_media":0,"template":"","meta":{"_monsterinsights_skip_tracking":false,"_monsterinsights_sitenote_active":false,"_monsterinsights_sitenote_note":"","_monsterinsights_sitenote_category":0},"product_brand":[],"product_cat":[12364,12376],"product_tag":[],"class_list":{"0":"post-736897","1":"product","2":"type-product","3":"status-publish","5":"product_cat-genel-konular","6":"product_cat-kisisel-gelisim","7":"pa_cilt-ciltsiz","8":"pa_tur-kitap","9":"pa_yayinevi-orenda","10":"pa_yazar-mona-kino","12":"first","13":"instock","14":"sale","15":"shipping-taxable","16":"purchasable","17":"product-type-simple"},"_links":{"self":[{"href":"https:\/\/roveyayinevi.com.tr\/index.php\/wp-json\/wp\/v2\/product\/736897","targetHints":{"allow":["GET"]}}],"collection":[{"href":"https:\/\/roveyayinevi.com.tr\/index.php\/wp-json\/wp\/v2\/product"}],"about":[{"href":"https:\/\/roveyayinevi.com.tr\/index.php\/wp-json\/wp\/v2\/types\/product"}],"wp:attachment":[{"href":"https:\/\/roveyayinevi.com.tr\/index.php\/wp-json\/wp\/v2\/media?parent=736897"}],"wp:term":[{"taxonomy":"product_brand","embeddable":true,"href":"https:\/\/roveyayinevi.com.tr\/index.php\/wp-json\/wp\/v2\/product_brand?post=736897"},{"taxonomy":"product_cat","embeddable":true,"href":"https:\/\/roveyayinevi.com.tr\/index.php\/wp-json\/wp\/v2\/product_cat?post=736897"},{"taxonomy":"product_tag","embeddable":true,"href":"https:\/\/roveyayinevi.com.tr\/index.php\/wp-json\/wp\/v2\/product_tag?post=736897"}],"curies":[{"name":"wp","href":"https:\/\/api.w.org\/{rel}","templated":true}]}}