{"id":736896,"date":"2025-08-27T23:17:28","date_gmt":"2025-08-27T20:17:28","guid":{"rendered":"https:\/\/roveyayinevi.com.tr\/index.php\/urun\/bir-tip-sehidi-salahattin-mehmet-erk\/"},"modified":"2026-04-16T02:45:55","modified_gmt":"2026-04-15T23:45:55","slug":"bir-tip-sehidi-salahattin-mehmet-erk","status":"publish","type":"product","link":"https:\/\/roveyayinevi.com.tr\/index.php\/urun\/bir-tip-sehidi-salahattin-mehmet-erk\/","title":{"rendered":"Bir T\u0131p \u015eehidi &#8211; Salahattin Mehmet Erk"},"content":{"rendered":"<p>Cumhuriyet\u2019in ilk r\u00f6ntgen profes\u00f6r\u00fc&#8230;T\u00fcrkiye\u2019nin ilk radyoloji profes\u00f6r\u00fc Sal\u00e2hattin Mehmet Erk\u2019in ya\u015fam\u0131 k\u0131sa bir \u00f6mre s\u0131\u011fd\u0131r\u0131lan uzun bir m\u00fccadele hikayesidir. Bu m\u00fccadelenin izleri, g\u00f6revi gere\u011fi s\u0131k s\u0131k ayr\u0131lmak zorunda kald\u0131\u011f\u0131 e\u015fi Sabahat Han\u0131m\u2019a yazd\u0131\u011f\u0131 mektuplara ve kartpostallara yans\u0131maktad\u0131r.Trakya, Balkanlar ve kanl\u0131 \u00e7arp\u0131\u015fmalar\u0131n ya\u015fand\u0131\u011f\u0131 Filistin Cephesi\u2019nden ve Birinci D\u00fcnya Sava\u015f\u0131 sonras\u0131nda e\u011fitim amac\u0131yla gitti\u011fi Viyana ve Almanya\u2019n\u0131n \u00e7e\u015fitli kentlerinden g\u00f6nderdi\u011fi mektuplar, d\u00f6nemin Anadolu ve Avrupa\u2019s\u0131na tan\u0131kl\u0131k etmektedir. S\u0131k s\u0131k g\u00f6nderdi\u011fi kartpostallardan da 20. y\u00fczy\u0131l ba\u015flar\u0131ndaki Avrupa \u015fehirlerinin g\u00f6r\u00fcnt\u00fclerini izlemek m\u00fcmk\u00fcn.Sonraki mektuplar\u0131 ise t\u0131p kongrelerine kat\u0131ld\u0131\u011f\u0131 Ankara\u2019n\u0131n ve tedavi i\u00e7in bulundu\u011fu Paris\u2019in damgas\u0131n\u0131 ta\u015f\u0131r.Profes\u00f6r Sal\u00e2hattin Mehmet Erk\u2019in yazd\u0131\u011f\u0131 mektup ve kartpostallardan derlenen bu kitapta, onun Sabahat Han\u0131m\u2019a olan a\u015fk\u0131n\u0131, hen\u00fcz emekleme d\u00f6nemindeki radyolojiye tutkuyla ba\u011flan\u0131\u015f\u0131n\u0131 ve yurt sevgisini bulacaks\u0131n\u0131z.<\/p>\n","protected":false},"excerpt":{"rendered":"<p>Cumhuriyet\u2019in ilk r\u00f6ntgen profes\u00f6r\u00fc&#8230;T\u00fcrkiye\u2019nin ilk radyoloji profes\u00f6r\u00fc Sal\u00e2hattin Mehmet Erk\u2019in ya\u015fam\u0131 k\u0131sa bir \u00f6mre s\u0131\u011fd\u0131r\u0131lan uzun bir m\u00fccadele hikayesidir. Bu m\u00fccadelenin izleri, g\u00f6revi gere\u011fi s\u0131k s\u0131k<span class=\"excerpt-hellip\"> [\u2026]<\/span><\/p>\n","protected":false},"featured_media":0,"template":"","meta":{"_monsterinsights_skip_tracking":false,"_monsterinsights_sitenote_active":false,"_monsterinsights_sitenote_note":"","_monsterinsights_sitenote_category":0},"product_brand":[],"product_cat":[14009,12291],"product_tag":[],"class_list":{"0":"post-736896","1":"product","2":"type-product","3":"status-publish","5":"product_cat-biyografi-otobiyografi-edebiyat","6":"product_cat-edebiyat","7":"pa_cilt-ciltsiz","8":"pa_tur-kitap","9":"pa_yayinevi-remzi-kitabevi","10":"pa_yazar-cem-kozlu","12":"first","13":"instock","14":"sale","15":"shipping-taxable","16":"purchasable","17":"product-type-simple"},"_links":{"self":[{"href":"https:\/\/roveyayinevi.com.tr\/index.php\/wp-json\/wp\/v2\/product\/736896","targetHints":{"allow":["GET"]}}],"collection":[{"href":"https:\/\/roveyayinevi.com.tr\/index.php\/wp-json\/wp\/v2\/product"}],"about":[{"href":"https:\/\/roveyayinevi.com.tr\/index.php\/wp-json\/wp\/v2\/types\/product"}],"wp:attachment":[{"href":"https:\/\/roveyayinevi.com.tr\/index.php\/wp-json\/wp\/v2\/media?parent=736896"}],"wp:term":[{"taxonomy":"product_brand","embeddable":true,"href":"https:\/\/roveyayinevi.com.tr\/index.php\/wp-json\/wp\/v2\/product_brand?post=736896"},{"taxonomy":"product_cat","embeddable":true,"href":"https:\/\/roveyayinevi.com.tr\/index.php\/wp-json\/wp\/v2\/product_cat?post=736896"},{"taxonomy":"product_tag","embeddable":true,"href":"https:\/\/roveyayinevi.com.tr\/index.php\/wp-json\/wp\/v2\/product_tag?post=736896"}],"curies":[{"name":"wp","href":"https:\/\/api.w.org\/{rel}","templated":true}]}}