{"id":736895,"date":"2025-08-27T23:17:27","date_gmt":"2025-08-27T20:17:27","guid":{"rendered":"https:\/\/roveyayinevi.com.tr\/index.php\/urun\/limi-dikkat-oyunlari-ile-egleniyor\/"},"modified":"2026-04-16T02:45:55","modified_gmt":"2026-04-15T23:45:55","slug":"limi-dikkat-oyunlari-ile-egleniyor","status":"publish","type":"product","link":"https:\/\/roveyayinevi.com.tr\/index.php\/urun\/limi-dikkat-oyunlari-ile-egleniyor\/","title":{"rendered":"Limi Dikkat Oyunlar\u0131 \u0130le E\u011fleniyor"},"content":{"rendered":"<p>Okul \u00f6ncesi d\u00f6nem, \u00e7ocuklar\u0131n geli\u015fim alanlar\u0131na ait beceriler kazand\u0131klar\u0131, merak duygular\u0131n\u0131 besledikleri ve oynayarak \u00f6\u011frenmeye \u00e7ok istekli olduklar\u0131 bir d\u00f6nemdir. \u00c7ocuklar \u00f6zellikle \u00e7evrelerinde g\u00f6rd\u00fckleri somut nesneleri merak eder ve \u00f6\u011frenmek isterler. Bu d\u00f6nemde kazan\u0131lan \u00f6\u011frenme becerileri \u00e7ocuklar\u0131 ilk\u00f6\u011fretime haz\u0131rlayarak gelecekteki okul ba\u015far\u0131s\u0131n\u0131 da destekler. Limi Dikkat Oyunlar\u0131 ile E\u011fleniyor, \u00e7ocuklar\u0131n alg\u0131lama ve problem \u00e7\u00f6zme becerilerini geli\u015ftirmek i\u00e7in haz\u0131rland\u0131. \u00c7ocuklar etkinlikleri uygularken e\u011flenerek \u00f6\u011frenecek ve odaklanma becerisi kazanacaklar. \u00d6zellikle benzerlik-farkl\u0131l\u0131k gibi ayr\u0131nt\u0131lara dikkat etmeyi \u00f6\u011frenmek g\u00fcnl\u00fck ya\u015famda kar\u015f\u0131la\u015f\u0131lan problemleri \u00e7\u00f6zmek i\u00e7in d\u00fc\u015f\u00fcnme becerisini geli\u015ftirebilir. <\/p>\n","protected":false},"excerpt":{"rendered":"<p>Okul \u00f6ncesi d\u00f6nem, \u00e7ocuklar\u0131n geli\u015fim alanlar\u0131na ait beceriler kazand\u0131klar\u0131, merak duygular\u0131n\u0131 besledikleri ve oynayarak \u00f6\u011frenmeye \u00e7ok istekli olduklar\u0131 bir d\u00f6nemdir. \u00c7ocuklar \u00f6zellikle \u00e7evrelerinde g\u00f6rd\u00fckleri somut nesneleri<span class=\"excerpt-hellip\"> [\u2026]<\/span><\/p>\n","protected":false},"featured_media":0,"template":"","meta":{"_monsterinsights_skip_tracking":false,"_monsterinsights_sitenote_active":false,"_monsterinsights_sitenote_note":"","_monsterinsights_sitenote_category":0},"product_brand":[],"product_cat":[12274,12518],"product_tag":[],"class_list":{"0":"post-736895","1":"product","2":"type-product","3":"status-publish","5":"product_cat-cocuk-ve-genclik-kitaplari","6":"product_cat-okul-oncesi-kitaplar","7":"pa_cilt-ciltsiz","8":"pa_tur-kitap","9":"pa_yayinevi-is-bankasi-kultur-yayinlari","10":"pa_yazar-bahar-karaca","12":"first","13":"instock","14":"sale","15":"shipping-taxable","16":"purchasable","17":"product-type-simple"},"_links":{"self":[{"href":"https:\/\/roveyayinevi.com.tr\/index.php\/wp-json\/wp\/v2\/product\/736895","targetHints":{"allow":["GET"]}}],"collection":[{"href":"https:\/\/roveyayinevi.com.tr\/index.php\/wp-json\/wp\/v2\/product"}],"about":[{"href":"https:\/\/roveyayinevi.com.tr\/index.php\/wp-json\/wp\/v2\/types\/product"}],"wp:attachment":[{"href":"https:\/\/roveyayinevi.com.tr\/index.php\/wp-json\/wp\/v2\/media?parent=736895"}],"wp:term":[{"taxonomy":"product_brand","embeddable":true,"href":"https:\/\/roveyayinevi.com.tr\/index.php\/wp-json\/wp\/v2\/product_brand?post=736895"},{"taxonomy":"product_cat","embeddable":true,"href":"https:\/\/roveyayinevi.com.tr\/index.php\/wp-json\/wp\/v2\/product_cat?post=736895"},{"taxonomy":"product_tag","embeddable":true,"href":"https:\/\/roveyayinevi.com.tr\/index.php\/wp-json\/wp\/v2\/product_tag?post=736895"}],"curies":[{"name":"wp","href":"https:\/\/api.w.org\/{rel}","templated":true}]}}