{"id":736891,"date":"2025-08-27T23:17:22","date_gmt":"2025-08-27T20:17:22","guid":{"rendered":"https:\/\/roveyayinevi.com.tr\/index.php\/urun\/limi-cizgilerle-ogreniyor\/"},"modified":"2026-04-16T02:45:55","modified_gmt":"2026-04-15T23:45:55","slug":"limi-cizgilerle-ogreniyor","status":"publish","type":"product","link":"https:\/\/roveyayinevi.com.tr\/index.php\/urun\/limi-cizgilerle-ogreniyor\/","title":{"rendered":"Limi \u00c7izgilerle \u00d6\u011freniyor"},"content":{"rendered":"<p>Okul \u00f6ncesi d\u00f6nem, \u00e7ocuklar\u0131n geli\u015fim alanlar\u0131na ait beceriler kazand\u0131klar\u0131, merak duygular\u0131n\u0131 besledikleri ve oynayarak \u00f6\u011frenmeye \u00e7ok istekli olduklar\u0131 bir d\u00f6nemdir. \u00c7ocuklar \u00f6zellikle \u00e7evrelerinde g\u00f6rd\u00fckleri somut nesneleri merak eder ve \u00f6\u011frenmek isterler. Bu d\u00f6nemde kazan\u0131lan \u00f6\u011frenme becerileri \u00e7ocuklar\u0131 ilk\u00f6\u011fretime haz\u0131rlayarak gelecekteki okul ba\u015far\u0131s\u0131n\u0131 da destekler. Limi \u00c7izgilerle \u00d6\u011freniyor, \u00e7ocuklara kalem tutma ve kullanma becerisi kazand\u0131rmay\u0131 ama\u00e7layarak haz\u0131rland\u0131. Basitten ba\u015flayarak ilerleyen etkinlikler, \u00e7ocu\u011fun farkl\u0131 bi\u00e7imlerde \u00e7izgi \u00e7al\u0131\u015fmalar\u0131 yaparak k\u00fc\u00e7\u00fck kas geli\u015fimlerini destekler. <\/p>\n","protected":false},"excerpt":{"rendered":"<p>Okul \u00f6ncesi d\u00f6nem, \u00e7ocuklar\u0131n geli\u015fim alanlar\u0131na ait beceriler kazand\u0131klar\u0131, merak duygular\u0131n\u0131 besledikleri ve oynayarak \u00f6\u011frenmeye \u00e7ok istekli olduklar\u0131 bir d\u00f6nemdir. \u00c7ocuklar \u00f6zellikle \u00e7evrelerinde g\u00f6rd\u00fckleri somut nesneleri<span class=\"excerpt-hellip\"> [\u2026]<\/span><\/p>\n","protected":false},"featured_media":0,"template":"","meta":{"_monsterinsights_skip_tracking":false,"_monsterinsights_sitenote_active":false,"_monsterinsights_sitenote_note":"","_monsterinsights_sitenote_category":0},"product_brand":[],"product_cat":[12274,12518],"product_tag":[],"class_list":{"0":"post-736891","1":"product","2":"type-product","3":"status-publish","5":"product_cat-cocuk-ve-genclik-kitaplari","6":"product_cat-okul-oncesi-kitaplar","7":"pa_cilt-ciltsiz","8":"pa_tur-kitap","9":"pa_yayinevi-is-bankasi-kultur-yayinlari","10":"pa_yazar-bahar-karaca","12":"first","13":"instock","14":"sale","15":"shipping-taxable","16":"purchasable","17":"product-type-simple"},"_links":{"self":[{"href":"https:\/\/roveyayinevi.com.tr\/index.php\/wp-json\/wp\/v2\/product\/736891","targetHints":{"allow":["GET"]}}],"collection":[{"href":"https:\/\/roveyayinevi.com.tr\/index.php\/wp-json\/wp\/v2\/product"}],"about":[{"href":"https:\/\/roveyayinevi.com.tr\/index.php\/wp-json\/wp\/v2\/types\/product"}],"wp:attachment":[{"href":"https:\/\/roveyayinevi.com.tr\/index.php\/wp-json\/wp\/v2\/media?parent=736891"}],"wp:term":[{"taxonomy":"product_brand","embeddable":true,"href":"https:\/\/roveyayinevi.com.tr\/index.php\/wp-json\/wp\/v2\/product_brand?post=736891"},{"taxonomy":"product_cat","embeddable":true,"href":"https:\/\/roveyayinevi.com.tr\/index.php\/wp-json\/wp\/v2\/product_cat?post=736891"},{"taxonomy":"product_tag","embeddable":true,"href":"https:\/\/roveyayinevi.com.tr\/index.php\/wp-json\/wp\/v2\/product_tag?post=736891"}],"curies":[{"name":"wp","href":"https:\/\/api.w.org\/{rel}","templated":true}]}}