{"id":736889,"date":"2025-08-27T23:17:20","date_gmt":"2025-08-27T20:17:20","guid":{"rendered":"https:\/\/roveyayinevi.com.tr\/index.php\/urun\/ben-o-kadar-bekleyemem-degerler-egitimi-sorumluluk-almak\/"},"modified":"2026-04-16T02:45:55","modified_gmt":"2026-04-15T23:45:55","slug":"ben-o-kadar-bekleyemem-degerler-egitimi-sorumluluk-almak","status":"publish","type":"product","link":"https:\/\/roveyayinevi.com.tr\/index.php\/urun\/ben-o-kadar-bekleyemem-degerler-egitimi-sorumluluk-almak\/","title":{"rendered":"Ben O Kadar Bekleyemem &#8211; De\u011ferler E\u011fitimi Sorumluluk Almak"},"content":{"rendered":"<p>Lara, be\u015finci s\u0131n\u0131f\u0131 bitirmek i\u00e7in g\u00fcnlerin, aylar\u0131n ge\u00e7mesini bekliyor. \u00c7\u00fcnk\u00fc o zaman bir k\u00f6pe\u011fi sahiplenecek. Lara, o kadar bekleyemeyece\u011fini d\u00fc\u015f\u00fcn\u00fcyor. Diledi\u011fi her \u015fey hemen olsun istiyor. Ama ailesi, Lara&#8217;n\u0131n bu sorumlulu\u011fu alabilmesi i\u00e7in hem biraz daha b\u00fcy\u00fcmesi hem de bir evcil hayvan sahiplenmek istedi\u011fine emin olmas\u0131 gerekti\u011fini d\u00fc\u015f\u00fcn\u00fcyor. Sence Lara, beklemeyi ba\u015farabilecek mi? Daha sab\u0131rl\u0131, daha sorumluluk sahibi olabilecek mi? <\/p>\n","protected":false},"excerpt":{"rendered":"<p>Lara, be\u015finci s\u0131n\u0131f\u0131 bitirmek i\u00e7in g\u00fcnlerin, aylar\u0131n ge\u00e7mesini bekliyor. \u00c7\u00fcnk\u00fc o zaman bir k\u00f6pe\u011fi sahiplenecek. Lara, o kadar bekleyemeyece\u011fini d\u00fc\u015f\u00fcn\u00fcyor. Diledi\u011fi her \u015fey hemen olsun istiyor.<span class=\"excerpt-hellip\"> [\u2026]<\/span><\/p>\n","protected":false},"featured_media":0,"template":"","meta":{"_monsterinsights_skip_tracking":false,"_monsterinsights_sitenote_active":false,"_monsterinsights_sitenote_note":"","_monsterinsights_sitenote_category":0},"product_brand":[],"product_cat":[12274,12284],"product_tag":[],"class_list":{"0":"post-736889","1":"product","2":"type-product","3":"status-publish","5":"product_cat-cocuk-ve-genclik-kitaplari","6":"product_cat-hikayeler","7":"pa_cilt-ciltsiz","8":"pa_tur-kitap","9":"pa_yayinevi-is-bankasi-kultur-yayinlari","10":"pa_yazar-ezgi-emel","12":"first","13":"instock","14":"sale","15":"shipping-taxable","16":"purchasable","17":"product-type-simple"},"_links":{"self":[{"href":"https:\/\/roveyayinevi.com.tr\/index.php\/wp-json\/wp\/v2\/product\/736889","targetHints":{"allow":["GET"]}}],"collection":[{"href":"https:\/\/roveyayinevi.com.tr\/index.php\/wp-json\/wp\/v2\/product"}],"about":[{"href":"https:\/\/roveyayinevi.com.tr\/index.php\/wp-json\/wp\/v2\/types\/product"}],"wp:attachment":[{"href":"https:\/\/roveyayinevi.com.tr\/index.php\/wp-json\/wp\/v2\/media?parent=736889"}],"wp:term":[{"taxonomy":"product_brand","embeddable":true,"href":"https:\/\/roveyayinevi.com.tr\/index.php\/wp-json\/wp\/v2\/product_brand?post=736889"},{"taxonomy":"product_cat","embeddable":true,"href":"https:\/\/roveyayinevi.com.tr\/index.php\/wp-json\/wp\/v2\/product_cat?post=736889"},{"taxonomy":"product_tag","embeddable":true,"href":"https:\/\/roveyayinevi.com.tr\/index.php\/wp-json\/wp\/v2\/product_tag?post=736889"}],"curies":[{"name":"wp","href":"https:\/\/api.w.org\/{rel}","templated":true}]}}