{"id":736888,"date":"2025-08-27T23:17:18","date_gmt":"2025-08-27T20:17:18","guid":{"rendered":"https:\/\/roveyayinevi.com.tr\/index.php\/urun\/violet-elmaslar-ve-kaplumbagalar\/"},"modified":"2026-04-16T02:45:55","modified_gmt":"2026-04-15T23:45:55","slug":"violet-elmaslar-ve-kaplumbagalar","status":"publish","type":"product","link":"https:\/\/roveyayinevi.com.tr\/index.php\/urun\/violet-elmaslar-ve-kaplumbagalar\/","title":{"rendered":"Violet Elmaslar Ve Kaplumba\u011falar"},"content":{"rendered":"<p>Violet i\u00e7in yaz tatili harika ba\u015flam\u0131\u015ft\u0131. Bir tekneyle Akdeniz\u2019de yelken a\u00e7acak, yolculu\u011fun son dura\u011f\u0131 Venedik\u2019te e\u011flenceli bir tatil yapacakt\u0131. Babas\u0131, arkada\u015flar\u0131n\u0131 da davet edebilece\u011fini s\u00f6yleyince, Violet sevin\u00e7ten havalara u\u00e7tu. Ancak daha yolculuklar\u0131n\u0131n ilk dura\u011f\u0131nda, \u015f\u00fcpheli hareketleri olan bir adam dikkatlerini \u00e7ekti. Sonra daha da \u015f\u00fcpheli bir takasa tan\u0131kl\u0131k ettiler. Art\u0131k Violet ve arkada\u015flar\u0131n\u0131n yapabilece\u011fi tek \u015fey vard\u0131: Neler d\u00f6nd\u00fc\u011f\u00fcn\u00fc soru\u015fturmak! <\/p>\n","protected":false},"excerpt":{"rendered":"<p>Violet i\u00e7in yaz tatili harika ba\u015flam\u0131\u015ft\u0131. Bir tekneyle Akdeniz\u2019de yelken a\u00e7acak, yolculu\u011fun son dura\u011f\u0131 Venedik\u2019te e\u011flenceli bir tatil yapacakt\u0131. Babas\u0131, arkada\u015flar\u0131n\u0131 da davet edebilece\u011fini s\u00f6yleyince, Violet<span class=\"excerpt-hellip\"> [\u2026]<\/span><\/p>\n","protected":false},"featured_media":0,"template":"","meta":{"_monsterinsights_skip_tracking":false,"_monsterinsights_sitenote_active":false,"_monsterinsights_sitenote_note":"","_monsterinsights_sitenote_category":0},"product_brand":[],"product_cat":[12275,12274],"product_tag":[],"class_list":{"0":"post-736888","1":"product","2":"type-product","3":"status-publish","5":"product_cat-6-12-yas-kitaplari","6":"product_cat-cocuk-ve-genclik-kitaplari","7":"pa_cilt-ciltsiz","8":"pa_tur-kitap","9":"pa_yayinevi-is-bankasi-kultur-yayinlari","10":"pa_yazar-harriet-whitehorn","12":"first","13":"instock","14":"sale","15":"shipping-taxable","16":"purchasable","17":"product-type-simple"},"_links":{"self":[{"href":"https:\/\/roveyayinevi.com.tr\/index.php\/wp-json\/wp\/v2\/product\/736888","targetHints":{"allow":["GET"]}}],"collection":[{"href":"https:\/\/roveyayinevi.com.tr\/index.php\/wp-json\/wp\/v2\/product"}],"about":[{"href":"https:\/\/roveyayinevi.com.tr\/index.php\/wp-json\/wp\/v2\/types\/product"}],"wp:attachment":[{"href":"https:\/\/roveyayinevi.com.tr\/index.php\/wp-json\/wp\/v2\/media?parent=736888"}],"wp:term":[{"taxonomy":"product_brand","embeddable":true,"href":"https:\/\/roveyayinevi.com.tr\/index.php\/wp-json\/wp\/v2\/product_brand?post=736888"},{"taxonomy":"product_cat","embeddable":true,"href":"https:\/\/roveyayinevi.com.tr\/index.php\/wp-json\/wp\/v2\/product_cat?post=736888"},{"taxonomy":"product_tag","embeddable":true,"href":"https:\/\/roveyayinevi.com.tr\/index.php\/wp-json\/wp\/v2\/product_tag?post=736888"}],"curies":[{"name":"wp","href":"https:\/\/api.w.org\/{rel}","templated":true}]}}