{"id":736887,"date":"2025-08-27T23:17:18","date_gmt":"2025-08-27T20:17:18","guid":{"rendered":"https:\/\/roveyayinevi.com.tr\/index.php\/urun\/peykerun-ciltli\/"},"modified":"2026-04-16T02:45:55","modified_gmt":"2026-04-15T23:45:55","slug":"peykerun-ciltli","status":"publish","type":"product","link":"https:\/\/roveyayinevi.com.tr\/index.php\/urun\/peykerun-ciltli\/","title":{"rendered":"Peykerun (Ciltli)"},"content":{"rendered":"<p>Bu kitap, T\u00fcrkiye \u0130\u015f Bankas\u0131\u2019n\u0131n 18 Ocak 2022 \u2013 16 Nisan 2022 tarihleri aras\u0131nda \u0130\u015f Sanat Kibele Galerisi\u2019nde ger\u00e7ekle\u015ftirdi\u011fi &#8220;Peykerun&#8221; sergisi nedeniyle haz\u0131rlanm\u0131\u015ft\u0131r.   This book has been prepared in coordination with &#8220;Peykerun&#8221; exhibition held at \u0130\u015f Sanat Kibele Gallery between January 18 2022 \u2013 April 16, 2022 <\/p>\n","protected":false},"excerpt":{"rendered":"<p>Bu kitap, T\u00fcrkiye \u0130\u015f Bankas\u0131\u2019n\u0131n 18 Ocak 2022 \u2013 16 Nisan 2022 tarihleri aras\u0131nda \u0130\u015f Sanat Kibele Galerisi\u2019nde ger\u00e7ekle\u015ftirdi\u011fi &#8220;Peykerun&#8221; sergisi nedeniyle haz\u0131rlanm\u0131\u015ft\u0131r. This book has<span class=\"excerpt-hellip\"> [\u2026]<\/span><\/p>\n","protected":false},"featured_media":0,"template":"","meta":{"_monsterinsights_skip_tracking":false,"_monsterinsights_sitenote_active":false,"_monsterinsights_sitenote_note":"","_monsterinsights_sitenote_category":0},"product_brand":[],"product_cat":[44608,12408],"product_tag":[],"class_list":{"0":"post-736887","1":"product","2":"type-product","3":"status-publish","5":"product_cat-diger-sanat","6":"product_cat-sanat","7":"pa_cilt-ciltli","8":"pa_tur-kitap","9":"pa_yayinevi-is-bankasi-kultur-yayinlari","10":"pa_yazar-mahmut-celayir","12":"first","13":"instock","14":"sale","15":"shipping-taxable","16":"purchasable","17":"product-type-simple"},"_links":{"self":[{"href":"https:\/\/roveyayinevi.com.tr\/index.php\/wp-json\/wp\/v2\/product\/736887","targetHints":{"allow":["GET"]}}],"collection":[{"href":"https:\/\/roveyayinevi.com.tr\/index.php\/wp-json\/wp\/v2\/product"}],"about":[{"href":"https:\/\/roveyayinevi.com.tr\/index.php\/wp-json\/wp\/v2\/types\/product"}],"wp:attachment":[{"href":"https:\/\/roveyayinevi.com.tr\/index.php\/wp-json\/wp\/v2\/media?parent=736887"}],"wp:term":[{"taxonomy":"product_brand","embeddable":true,"href":"https:\/\/roveyayinevi.com.tr\/index.php\/wp-json\/wp\/v2\/product_brand?post=736887"},{"taxonomy":"product_cat","embeddable":true,"href":"https:\/\/roveyayinevi.com.tr\/index.php\/wp-json\/wp\/v2\/product_cat?post=736887"},{"taxonomy":"product_tag","embeddable":true,"href":"https:\/\/roveyayinevi.com.tr\/index.php\/wp-json\/wp\/v2\/product_tag?post=736887"}],"curies":[{"name":"wp","href":"https:\/\/api.w.org\/{rel}","templated":true}]}}