{"id":736886,"date":"2025-08-27T23:17:17","date_gmt":"2025-08-27T20:17:17","guid":{"rendered":"https:\/\/roveyayinevi.com.tr\/index.php\/urun\/pisir-pisirebildigin-kadar-ciltli\/"},"modified":"2026-04-16T02:45:55","modified_gmt":"2026-04-15T23:45:55","slug":"pisir-pisirebildigin-kadar-ciltli","status":"publish","type":"product","link":"https:\/\/roveyayinevi.com.tr\/index.php\/urun\/pisir-pisirebildigin-kadar-ciltli\/","title":{"rendered":"Pi\u015fir Pi\u015firebildi\u011fin Kadar (Ciltli)"},"content":{"rendered":"<p>Yemek kitaplar\u0131 genellikle belirli bir s\u0131ralamaya g\u00f6re d\u00fczenlenir. Tarifler ya malzeme cinslerine ya yiyecek i\u00e7ecek ba\u015fl\u0131klar\u0131na ya da sofra s\u0131ras\u0131na g\u00f6re s\u0131ralan\u0131r. G\u00f6k\u00e7en Adar y\u0131llar s\u00fcren saha \u00e7al\u0131\u015fmalar\u0131ndan edindi\u011fi bilgileri ve tarifleri bamba\u015fka bir yemek kitab\u0131 haz\u0131rlamak i\u00e7in kulland\u0131 ve pi\u015firme usullerini dikkate alarak Pi\u015fir Pi\u015firebildi\u011fin Kadar kitab\u0131n\u0131 kaleme ald\u0131. Kitapta yaln\u0131zca bilinen ya da a\u015fina olunanlar de\u011fil unutulmaya y\u00fcz tutmu\u015f tarifleri de bulacak, sofra, yemek ve mutfak k\u00fclt\u00fcr\u00fcyle ilgili bilgilere de ula\u015facaks\u0131n\u0131z. Tencere yemeklerinden \u0131zgaralara, g\u00fcve\u00e7 pi\u015firmelerinden k\u0131zartmalara, kavurmalardan ha\u015flamalara kadar birbirinden farkl\u0131 onlarca ba\u015fl\u0131k alt\u0131nda tam 278 tarife yer verilen kitapta Anadolu mutfa\u011f\u0131 t\u00fcm zenginli\u011fiyle g\u00f6zler \u00f6n\u00fcne seriliyor. Sizleri pi\u015firebildi\u011finiz kadar pi\u015firmeye davet ediyoruz\u2026 <\/p>\n","protected":false},"excerpt":{"rendered":"<p>Yemek kitaplar\u0131 genellikle belirli bir s\u0131ralamaya g\u00f6re d\u00fczenlenir. Tarifler ya malzeme cinslerine ya yiyecek i\u00e7ecek ba\u015fl\u0131klar\u0131na ya da sofra s\u0131ras\u0131na g\u00f6re s\u0131ralan\u0131r. G\u00f6k\u00e7en Adar y\u0131llar s\u00fcren<span class=\"excerpt-hellip\"> [\u2026]<\/span><\/p>\n","protected":false},"featured_media":0,"template":"","meta":{"_monsterinsights_skip_tracking":false,"_monsterinsights_sitenote_active":false,"_monsterinsights_sitenote_note":"","_monsterinsights_sitenote_category":0},"product_brand":[],"product_cat":[12458,12457],"product_tag":[],"class_list":{"0":"post-736886","1":"product","2":"type-product","3":"status-publish","5":"product_cat-turk-mutfagi","6":"product_cat-yemek-kitaplari","7":"pa_cilt-ciltli","8":"pa_tur-kitap","9":"pa_yayinevi-is-bankasi-kultur-yayinlari","10":"pa_yazar-gokcen-adar","12":"first","13":"instock","14":"sale","15":"shipping-taxable","16":"purchasable","17":"product-type-simple"},"_links":{"self":[{"href":"https:\/\/roveyayinevi.com.tr\/index.php\/wp-json\/wp\/v2\/product\/736886","targetHints":{"allow":["GET"]}}],"collection":[{"href":"https:\/\/roveyayinevi.com.tr\/index.php\/wp-json\/wp\/v2\/product"}],"about":[{"href":"https:\/\/roveyayinevi.com.tr\/index.php\/wp-json\/wp\/v2\/types\/product"}],"wp:attachment":[{"href":"https:\/\/roveyayinevi.com.tr\/index.php\/wp-json\/wp\/v2\/media?parent=736886"}],"wp:term":[{"taxonomy":"product_brand","embeddable":true,"href":"https:\/\/roveyayinevi.com.tr\/index.php\/wp-json\/wp\/v2\/product_brand?post=736886"},{"taxonomy":"product_cat","embeddable":true,"href":"https:\/\/roveyayinevi.com.tr\/index.php\/wp-json\/wp\/v2\/product_cat?post=736886"},{"taxonomy":"product_tag","embeddable":true,"href":"https:\/\/roveyayinevi.com.tr\/index.php\/wp-json\/wp\/v2\/product_tag?post=736886"}],"curies":[{"name":"wp","href":"https:\/\/api.w.org\/{rel}","templated":true}]}}