{"id":736879,"date":"2025-08-27T23:17:08","date_gmt":"2025-08-27T20:17:08","guid":{"rendered":"https:\/\/roveyayinevi.com.tr\/index.php\/urun\/kadinlar-ulkesi-ciltli\/"},"modified":"2026-04-16T02:45:54","modified_gmt":"2026-04-15T23:45:54","slug":"kadinlar-ulkesi-ciltli","status":"publish","type":"product","link":"https:\/\/roveyayinevi.com.tr\/index.php\/urun\/kadinlar-ulkesi-ciltli\/","title":{"rendered":"Kad\u0131nlar \u00dclkesi (Ciltli)"},"content":{"rendered":"<p>D\u00fcnyay\u0131 ke\u015ffetme hevesiyle yan\u0131p tutu\u015fan Van, Terry ve Jeff, varl\u0131\u011f\u0131ndan tesad\u00fcfen haberdar olduklar\u0131 Kad\u0131nlar \u00dclkesi\u2019ne bir ke\u015fif gezisine \u00e7\u0131karlar. Sadece kad\u0131nlardan olu\u015fan bir toplumun yap\u0131s\u0131yla ilgili y\u00fcr\u00fctt\u00fckleri tahminler ve halihaz\u0131rda kafalar\u0131nda bulunan eril kal\u0131plar g\u00f6rd\u00fckleri manzara kar\u015f\u0131s\u0131nda yerle bir olur. Jeff kad\u0131nlar\u0131 hizmet edilmesi ve korunmas\u0131 gereken varl\u0131klar olarak g\u00f6r\u00fcrken, Terry onlar\u0131n fethedilmesi ve kazan\u0131lmas\u0131 gerekti\u011fini d\u00fc\u015f\u00fcnmektedir. Ama mant\u0131k, e\u015fitlik ve sevgi \u00fcst\u00fcne kurulu bu \u00fclkede onlar\u0131n bu kli\u015fe beklentileri kar\u015f\u0131l\u0131k bulmaz. Kad\u0131nlar \u00dclkesi 1915\u2019te, yani Thomas More\u2019un 1516\u2019da yay\u0131mlanan Utopia adl\u0131 yap\u0131t\u0131ndan neredeyse 400 y\u0131l sonra tefrika edildi; kitap olarak yay\u0131mlanmas\u0131 ise 1979 y\u0131l\u0131n\u0131 buldu. Ataerkil d\u00fcnyalar\u0131n a\u011f\u0131rl\u0131kta oldu\u011fu \u00fctopya yaz\u0131n\u0131, Charlotte Perkins Gilman\u2019\u0131n bu feminist \u00fctopyas\u0131yla birlikte yeni bir bak\u0131\u015f a\u00e7\u0131s\u0131 kazand\u0131.<\/p>\n","protected":false},"excerpt":{"rendered":"<p>D\u00fcnyay\u0131 ke\u015ffetme hevesiyle yan\u0131p tutu\u015fan Van, Terry ve Jeff, varl\u0131\u011f\u0131ndan tesad\u00fcfen haberdar olduklar\u0131 Kad\u0131nlar \u00dclkesi\u2019ne bir ke\u015fif gezisine \u00e7\u0131karlar. Sadece kad\u0131nlardan olu\u015fan bir toplumun yap\u0131s\u0131yla ilgili<span class=\"excerpt-hellip\"> [\u2026]<\/span><\/p>\n","protected":false},"featured_media":0,"template":"","meta":{"_monsterinsights_skip_tracking":false,"_monsterinsights_sitenote_active":false,"_monsterinsights_sitenote_note":"","_monsterinsights_sitenote_category":0},"product_brand":[],"product_cat":[12291,26797],"product_tag":[],"class_list":{"0":"post-736879","1":"product","2":"type-product","3":"status-publish","5":"product_cat-edebiyat","6":"product_cat-modern-klasikler","7":"pa_cilt-ciltli","8":"pa_tur-kitap","9":"pa_yayinevi-is-bankasi-kultur-yayinlari","10":"pa_yazar-charlotte-perkins-gilman","12":"first","13":"instock","14":"sale","15":"shipping-taxable","16":"purchasable","17":"product-type-simple"},"_links":{"self":[{"href":"https:\/\/roveyayinevi.com.tr\/index.php\/wp-json\/wp\/v2\/product\/736879","targetHints":{"allow":["GET"]}}],"collection":[{"href":"https:\/\/roveyayinevi.com.tr\/index.php\/wp-json\/wp\/v2\/product"}],"about":[{"href":"https:\/\/roveyayinevi.com.tr\/index.php\/wp-json\/wp\/v2\/types\/product"}],"wp:attachment":[{"href":"https:\/\/roveyayinevi.com.tr\/index.php\/wp-json\/wp\/v2\/media?parent=736879"}],"wp:term":[{"taxonomy":"product_brand","embeddable":true,"href":"https:\/\/roveyayinevi.com.tr\/index.php\/wp-json\/wp\/v2\/product_brand?post=736879"},{"taxonomy":"product_cat","embeddable":true,"href":"https:\/\/roveyayinevi.com.tr\/index.php\/wp-json\/wp\/v2\/product_cat?post=736879"},{"taxonomy":"product_tag","embeddable":true,"href":"https:\/\/roveyayinevi.com.tr\/index.php\/wp-json\/wp\/v2\/product_tag?post=736879"}],"curies":[{"name":"wp","href":"https:\/\/api.w.org\/{rel}","templated":true}]}}