{"id":736877,"date":"2025-08-27T23:17:06","date_gmt":"2025-08-27T20:17:06","guid":{"rendered":"https:\/\/roveyayinevi.com.tr\/index.php\/urun\/pastoral-senfoni-ciltli\/"},"modified":"2026-04-16T02:45:54","modified_gmt":"2026-04-15T23:45:54","slug":"pastoral-senfoni-ciltli","status":"publish","type":"product","link":"https:\/\/roveyayinevi.com.tr\/index.php\/urun\/pastoral-senfoni-ciltli\/","title":{"rendered":"Pastoral Senfoni (Ciltli)"},"content":{"rendered":"<p>Andr\u00e9 Gide\u2019in en \u015fiirsel ve en dokunakl\u0131 anlat\u0131lar\u0131ndan biri olarak dikkat \u00e7eken Pastoral Senfoni, yazar\u0131n insan ili\u015fkilerindeki sorunlara e\u011filirken kendi evlili\u011finde de bir ahenk bulma \u00e7abas\u0131n\u0131 yans\u0131t\u0131r. Ba\u015fl\u0131\u011f\u0131n\u0131 Beethoven\u2019\u0131n Pastoral Senfoni olarak da bilinen 6. Senfoni\u2019sinden alan yap\u0131t, Gide\u2019in psikolojik sorunlar\u0131 ele al\u0131\u015f bi\u00e7iminin yan\u0131 s\u0131ra kurgu ve \u00fcslup a\u00e7\u0131lar\u0131ndan da geli\u015fiminde \u00f6nemli bir a\u015famaya i\u015faret eder. Protestan bir papaz ile himayesine ald\u0131\u011f\u0131 k\u00f6r ve yetim k\u0131z\u0131n hik\u00e2yesinde, yazar\u0131n kendi \u00e7ocukluk an\u0131lar\u0131n\u0131n ve Katoliklik ile Protestanl\u0131k aras\u0131ndaki ikileminin izleri s\u00fcr\u00fclebilir. \u0130nsan\u0131n kendisine s\u00f6yledi\u011fi yalanlar; \u201ck\u00f6rl\u00fck\u201d ve \u201cg\u00fcnah\u201d kavramlar\u0131 metinde \u00f6nemli bir yer tutar. Gide, kendi hayat\u0131nda dinsel ikilemini bir t\u00fcrl\u00fc \u00e7\u00f6zememi\u015f, en sonunda kendi ahlak anlay\u0131\u015f\u0131n\u0131 kurmay\u0131 ba\u015farm\u0131\u015ft\u0131. <\/p>\n","protected":false},"excerpt":{"rendered":"<p>Andr\u00e9 Gide\u2019in en \u015fiirsel ve en dokunakl\u0131 anlat\u0131lar\u0131ndan biri olarak dikkat \u00e7eken Pastoral Senfoni, yazar\u0131n insan ili\u015fkilerindeki sorunlara e\u011filirken kendi evlili\u011finde de bir ahenk bulma \u00e7abas\u0131n\u0131<span class=\"excerpt-hellip\"> [\u2026]<\/span><\/p>\n","protected":false},"featured_media":0,"template":"","meta":{"_monsterinsights_skip_tracking":false,"_monsterinsights_sitenote_active":false,"_monsterinsights_sitenote_note":"","_monsterinsights_sitenote_category":0},"product_brand":[],"product_cat":[12291,26797],"product_tag":[],"class_list":{"0":"post-736877","1":"product","2":"type-product","3":"status-publish","5":"product_cat-edebiyat","6":"product_cat-modern-klasikler","7":"pa_cilt-ciltli","8":"pa_tur-kitap","9":"pa_yayinevi-is-bankasi-kultur-yayinlari","10":"pa_yazar-andre-gide","12":"first","13":"instock","14":"sale","15":"shipping-taxable","16":"purchasable","17":"product-type-simple"},"_links":{"self":[{"href":"https:\/\/roveyayinevi.com.tr\/index.php\/wp-json\/wp\/v2\/product\/736877","targetHints":{"allow":["GET"]}}],"collection":[{"href":"https:\/\/roveyayinevi.com.tr\/index.php\/wp-json\/wp\/v2\/product"}],"about":[{"href":"https:\/\/roveyayinevi.com.tr\/index.php\/wp-json\/wp\/v2\/types\/product"}],"wp:attachment":[{"href":"https:\/\/roveyayinevi.com.tr\/index.php\/wp-json\/wp\/v2\/media?parent=736877"}],"wp:term":[{"taxonomy":"product_brand","embeddable":true,"href":"https:\/\/roveyayinevi.com.tr\/index.php\/wp-json\/wp\/v2\/product_brand?post=736877"},{"taxonomy":"product_cat","embeddable":true,"href":"https:\/\/roveyayinevi.com.tr\/index.php\/wp-json\/wp\/v2\/product_cat?post=736877"},{"taxonomy":"product_tag","embeddable":true,"href":"https:\/\/roveyayinevi.com.tr\/index.php\/wp-json\/wp\/v2\/product_tag?post=736877"}],"curies":[{"name":"wp","href":"https:\/\/api.w.org\/{rel}","templated":true}]}}