{"id":736873,"date":"2025-08-27T23:17:02","date_gmt":"2025-08-27T20:17:02","guid":{"rendered":"https:\/\/roveyayinevi.com.tr\/index.php\/urun\/modernite-cogulculuk-ve-anlam-krizi\/"},"modified":"2026-04-16T02:45:54","modified_gmt":"2026-04-15T23:45:54","slug":"modernite-cogulculuk-ve-anlam-krizi","status":"publish","type":"product","link":"https:\/\/roveyayinevi.com.tr\/index.php\/urun\/modernite-cogulculuk-ve-anlam-krizi\/","title":{"rendered":"Modernite, \u00c7o\u011fulculuk ve Anlam Krizi"},"content":{"rendered":"<p>Anlam, bir beden i\u00e7erisinde bireyle\u015fen ve bir \u015fah\u0131s olarak sosyalle\u015fen insan\u0131n bilincinde in\u015fa edilir. \u0130nsanl\u0131k tarihinin her d\u00f6neminde g\u00f6r\u00fclen y\u00fcksek anlam katmanlar\u0131 hem g\u00fcndelik hayata kar\u015f\u0131l\u0131k gelen hem de g\u00fcndelik hayat\u0131 a\u015fan alanla ilgili krizlerin \u00fcstesinden gelinmesinde \u00f6nemli bir rol oynar. Fakat modern d\u00f6nemde anlam\u0131n \u00fcretilmesi ve iletilmesi derin bir kriz i\u00e7erisine girmi\u015ftir. Modern \u00e7a\u011fda bireysel ve toplumsal d\u00fczlemde anlam krizini olu\u015fturan en \u00f6nemli fakt\u00f6r, modern sek\u00fclarizm de\u011fil; modern \u00e7o\u011fulculuktur. Modern \u00e7o\u011fulculuk, akl\u0131selim bilgiye zarar vermi\u015ftir. D\u00fcnya, toplum, ya\u015fam ve kimlik ba\u015fta olmak \u00fczere, hemen her \u015fey \u00e7oklu sorgulamalara tabi tutulmu\u015f, bunlara dayanak olu\u015fturan anlam ve de\u011fer sistemlerinin \u201csorgulanmaks\u0131z\u0131n kabul edilme\u201d stat\u00fcs\u00fc ortadan kalkm\u0131\u015ft\u0131r. B\u00fct\u00fcn sosyal ve psikolojik sonu\u00e7lar\u0131 ile birlikte sorgulanmaks\u0131z\u0131n kabul edilen \u015feylerin kayb\u0131n\u0131n en belirgin g\u00f6r\u00fcn\u00fcm\u00fc ise din alan\u0131nda ger\u00e7ekle\u015fmi\u015ftir. Berger ve Luckmann\u2019\u0131n birlikte kaleme ald\u0131klar\u0131 en dikkat \u00e7ekici eserlerden birisi olan bu kitap, modern d\u00f6nemde ortaya \u00e7\u0131kan anlam krizinin izini s\u00fcrmenin yan\u0131 s\u0131ra bu krizden nas\u0131l \u00e7\u0131k\u0131labilece\u011fine dair de bir yol haritas\u0131 sunuyor. <\/p>\n","protected":false},"excerpt":{"rendered":"<p>Anlam, bir beden i\u00e7erisinde bireyle\u015fen ve bir \u015fah\u0131s olarak sosyalle\u015fen insan\u0131n bilincinde in\u015fa edilir. \u0130nsanl\u0131k tarihinin her d\u00f6neminde g\u00f6r\u00fclen y\u00fcksek anlam katmanlar\u0131 hem g\u00fcndelik hayata kar\u015f\u0131l\u0131k<span class=\"excerpt-hellip\"> [\u2026]<\/span><\/p>\n","protected":false},"featured_media":0,"template":"","meta":{"_monsterinsights_skip_tracking":false,"_monsterinsights_sitenote_active":false,"_monsterinsights_sitenote_note":"","_monsterinsights_sitenote_category":0},"product_brand":[],"product_cat":[12767,12324],"product_tag":[],"class_list":{"0":"post-736873","1":"product","2":"type-product","3":"status-publish","5":"product_cat-kentlesme-modernlesme","6":"product_cat-sosyoloji","7":"pa_cilt-ciltsiz","8":"pa_tur-kitap","9":"pa_yayinevi-albaraka-yayinlari","10":"pa_yazar-peter-l-berger-thomas-luckmann","12":"first","13":"instock","14":"sale","15":"shipping-taxable","16":"purchasable","17":"product-type-simple"},"_links":{"self":[{"href":"https:\/\/roveyayinevi.com.tr\/index.php\/wp-json\/wp\/v2\/product\/736873","targetHints":{"allow":["GET"]}}],"collection":[{"href":"https:\/\/roveyayinevi.com.tr\/index.php\/wp-json\/wp\/v2\/product"}],"about":[{"href":"https:\/\/roveyayinevi.com.tr\/index.php\/wp-json\/wp\/v2\/types\/product"}],"wp:attachment":[{"href":"https:\/\/roveyayinevi.com.tr\/index.php\/wp-json\/wp\/v2\/media?parent=736873"}],"wp:term":[{"taxonomy":"product_brand","embeddable":true,"href":"https:\/\/roveyayinevi.com.tr\/index.php\/wp-json\/wp\/v2\/product_brand?post=736873"},{"taxonomy":"product_cat","embeddable":true,"href":"https:\/\/roveyayinevi.com.tr\/index.php\/wp-json\/wp\/v2\/product_cat?post=736873"},{"taxonomy":"product_tag","embeddable":true,"href":"https:\/\/roveyayinevi.com.tr\/index.php\/wp-json\/wp\/v2\/product_tag?post=736873"}],"curies":[{"name":"wp","href":"https:\/\/api.w.org\/{rel}","templated":true}]}}