{"id":736872,"date":"2025-08-27T23:17:01","date_gmt":"2025-08-27T20:17:01","guid":{"rendered":"https:\/\/roveyayinevi.com.tr\/index.php\/urun\/r-d-laing-ve-anti-psikiyatrinin-yollari\/"},"modified":"2026-04-16T02:45:54","modified_gmt":"2026-04-15T23:45:54","slug":"r-d-laing-ve-anti-psikiyatrinin-yollari","status":"publish","type":"product","link":"https:\/\/roveyayinevi.com.tr\/index.php\/urun\/r-d-laing-ve-anti-psikiyatrinin-yollari\/","title":{"rendered":"R.D. Laing ve Anti-Psikiyatrinin Yollar\u0131"},"content":{"rendered":"<p>1960\u2019l\u0131 ve 1970\u2019li y\u0131llarda R. D. Laing\u2019in radikal ve vizyoner fikirleri, tan\u0131n\u0131n bilimsel olarak anlams\u0131z oldu\u011fu iddias\u0131yla psikiyatri kurumuna meydan okudu. Bu g\u00f6r\u00fc\u015fler psikiyatri prati\u011findeki d\u00fc\u015f\u00fcncelerde ve delili\u011fin anlam\u0131nda bir devrim yaratt\u0131. B\u00f6l\u00fcnm\u00fc\u015f Benlik\u2019ten D\u00fc\u011f\u00fcmler\u2019e, Laing\u2019in \u00e7al\u0131\u015fmalar\u0131 k\u0131sa s\u00fcre i\u00e7inde hemen herkes taraf\u0131ndan tan\u0131nmas\u0131n\u0131 sa\u011flad\u0131. R.D. Laing ve Anti-Psikiyatrinin Yollar\u0131, \u00e7a\u011fda\u015f bir perspektiften Laing\u2019in \u00e7al\u0131\u015fmalar\u0131n\u0131n kapsaml\u0131 bir de\u011ferlendirmesini sunmaktad\u0131r. En \u00fcretken oldu\u011fu on y\u0131la odaklanarak yazar, Laing\u2019in teorik yaz\u0131lar\u0131n\u0131n gerek\u00e7elendirilmi\u015f bir ele\u015ftirisini yapmaktad\u0131r ve ilk eserleri \u00fczerinde etkili olan fenomenoloji ve varolu\u015f\u00e7uluk ile ki\u015fileraras\u0131 ileti\u015fim \u00e7al\u0131\u015fmalar\u0131na etki eden Amerikan aile etkile\u015fimi ara\u015ft\u0131rmalar\u0131n\u0131 ve Sartre d\u00e2hil Laing\u2019in d\u00fc\u015f\u00fcncesine tesir eden etkenlerin izini s\u00fcrmektedir. Kitap ayn\u0131 zamanda, deneysel bir terapi toplulu\u011fu olan Kingsley Hall\u2019\u00fc, Almanya\u2019daki Sosyalist Hastalar Kolektifi ve \u0130talya\u2019daki t\u00fcm psikiyatri sisteminin yeniden \u015fekillendirilmesi gibi di\u011fer anti-psikiyatri denemelerine paralel olarak ele almaktad\u0131r. <\/p>\n","protected":false},"excerpt":{"rendered":"<p>1960\u2019l\u0131 ve 1970\u2019li y\u0131llarda R. D. Laing\u2019in radikal ve vizyoner fikirleri, tan\u0131n\u0131n bilimsel olarak anlams\u0131z oldu\u011fu iddias\u0131yla psikiyatri kurumuna meydan okudu. Bu g\u00f6r\u00fc\u015fler psikiyatri prati\u011findeki d\u00fc\u015f\u00fcncelerde<span class=\"excerpt-hellip\"> [\u2026]<\/span><\/p>\n","protected":false},"featured_media":0,"template":"","meta":{"_monsterinsights_skip_tracking":false,"_monsterinsights_sitenote_active":false,"_monsterinsights_sitenote_note":"","_monsterinsights_sitenote_category":0},"product_brand":[],"product_cat":[12358,12357],"product_tag":[],"class_list":{"0":"post-736872","1":"product","2":"type-product","3":"status-publish","5":"product_cat-genel-psikoloji","6":"product_cat-psikoloji","7":"pa_cilt-ciltsiz","8":"pa_tur-kitap","9":"pa_yayinevi-albaraka-yayinlari","10":"pa_yazar-zbigniew-kotowicz","12":"first","13":"instock","14":"sale","15":"shipping-taxable","16":"purchasable","17":"product-type-simple"},"_links":{"self":[{"href":"https:\/\/roveyayinevi.com.tr\/index.php\/wp-json\/wp\/v2\/product\/736872","targetHints":{"allow":["GET"]}}],"collection":[{"href":"https:\/\/roveyayinevi.com.tr\/index.php\/wp-json\/wp\/v2\/product"}],"about":[{"href":"https:\/\/roveyayinevi.com.tr\/index.php\/wp-json\/wp\/v2\/types\/product"}],"wp:attachment":[{"href":"https:\/\/roveyayinevi.com.tr\/index.php\/wp-json\/wp\/v2\/media?parent=736872"}],"wp:term":[{"taxonomy":"product_brand","embeddable":true,"href":"https:\/\/roveyayinevi.com.tr\/index.php\/wp-json\/wp\/v2\/product_brand?post=736872"},{"taxonomy":"product_cat","embeddable":true,"href":"https:\/\/roveyayinevi.com.tr\/index.php\/wp-json\/wp\/v2\/product_cat?post=736872"},{"taxonomy":"product_tag","embeddable":true,"href":"https:\/\/roveyayinevi.com.tr\/index.php\/wp-json\/wp\/v2\/product_tag?post=736872"}],"curies":[{"name":"wp","href":"https:\/\/api.w.org\/{rel}","templated":true}]}}