{"id":736871,"date":"2025-08-27T23:17:00","date_gmt":"2025-08-27T20:17:00","guid":{"rendered":"https:\/\/roveyayinevi.com.tr\/index.php\/urun\/agac-altina-dusenler-2\/"},"modified":"2026-04-16T02:45:54","modified_gmt":"2026-04-15T23:45:54","slug":"agac-altina-dusenler-2","status":"publish","type":"product","link":"https:\/\/roveyayinevi.com.tr\/index.php\/urun\/agac-altina-dusenler-2\/","title":{"rendered":"A\u011fa\u00e7 Alt\u0131na D\u00fc\u015fenler 2"},"content":{"rendered":"<p>A\u011eA\u00c7 ALTINA D\u00dc\u015eENLERA\u011fa\u00e7 alt\u0131na d\u00fc\u015fenleri toplad\u0131m,Ne oldu\u011funu bilemedim.Bir sepete koydum,Eve g\u00f6t\u00fcrd\u00fcm. Masan\u0131n \u00fcst\u00fcne b\u0131rakt\u0131m,G\u00f6rs\u00fcnler istedim.Bakt\u0131lar m\u0131 bakmad\u0131lar m\u0131G\u00f6remedim. Sonunda oturup,Ka\u011f\u0131d\u0131n \u00fcst\u00fcne koydum,Okudular m\u0131, okumad\u0131lar m\u0131,\u00d6\u011frenemedim.19 May\u0131s 2010 <\/p>\n","protected":false},"excerpt":{"rendered":"<p>A\u011eA\u00c7 ALTINA D\u00dc\u015eENLERA\u011fa\u00e7 alt\u0131na d\u00fc\u015fenleri toplad\u0131m,Ne oldu\u011funu bilemedim.Bir sepete koydum,Eve g\u00f6t\u00fcrd\u00fcm. Masan\u0131n \u00fcst\u00fcne b\u0131rakt\u0131m,G\u00f6rs\u00fcnler istedim.Bakt\u0131lar m\u0131 bakmad\u0131lar m\u0131G\u00f6remedim. Sonunda oturup,Ka\u011f\u0131d\u0131n \u00fcst\u00fcne koydum,Okudular m\u0131, okumad\u0131lar m\u0131,\u00d6\u011frenemedim.19 May\u0131s<span class=\"excerpt-hellip\"> [\u2026]<\/span><\/p>\n","protected":false},"featured_media":0,"template":"","meta":{"_monsterinsights_skip_tracking":false,"_monsterinsights_sitenote_active":false,"_monsterinsights_sitenote_note":"","_monsterinsights_sitenote_category":0},"product_brand":[],"product_cat":[12291,12509],"product_tag":[],"class_list":{"0":"post-736871","1":"product","2":"type-product","3":"status-publish","5":"product_cat-edebiyat","6":"product_cat-siir","7":"pa_cilt-ciltsiz","8":"pa_tur-kitap","9":"pa_yayinevi-kitap-saati-yayinevi","10":"pa_yazar-ergin-igrek","12":"first","13":"instock","14":"sale","15":"shipping-taxable","16":"purchasable","17":"product-type-simple"},"_links":{"self":[{"href":"https:\/\/roveyayinevi.com.tr\/index.php\/wp-json\/wp\/v2\/product\/736871","targetHints":{"allow":["GET"]}}],"collection":[{"href":"https:\/\/roveyayinevi.com.tr\/index.php\/wp-json\/wp\/v2\/product"}],"about":[{"href":"https:\/\/roveyayinevi.com.tr\/index.php\/wp-json\/wp\/v2\/types\/product"}],"wp:attachment":[{"href":"https:\/\/roveyayinevi.com.tr\/index.php\/wp-json\/wp\/v2\/media?parent=736871"}],"wp:term":[{"taxonomy":"product_brand","embeddable":true,"href":"https:\/\/roveyayinevi.com.tr\/index.php\/wp-json\/wp\/v2\/product_brand?post=736871"},{"taxonomy":"product_cat","embeddable":true,"href":"https:\/\/roveyayinevi.com.tr\/index.php\/wp-json\/wp\/v2\/product_cat?post=736871"},{"taxonomy":"product_tag","embeddable":true,"href":"https:\/\/roveyayinevi.com.tr\/index.php\/wp-json\/wp\/v2\/product_tag?post=736871"}],"curies":[{"name":"wp","href":"https:\/\/api.w.org\/{rel}","templated":true}]}}