{"id":736870,"date":"2025-08-27T23:16:59","date_gmt":"2025-08-27T20:16:59","guid":{"rendered":"https:\/\/roveyayinevi.com.tr\/index.php\/urun\/atesi-paylasmak\/"},"modified":"2026-04-16T02:45:54","modified_gmt":"2026-04-15T23:45:54","slug":"atesi-paylasmak","status":"publish","type":"product","link":"https:\/\/roveyayinevi.com.tr\/index.php\/urun\/atesi-paylasmak\/","title":{"rendered":"Ate\u015fi Payla\u015fmak"},"content":{"rendered":"<p>\u0130nsan\u0131n hakikati nedir? \u00d6zlem duydu\u011fu mutlak, ger\u00e7ek tutkular\u0131yla \u00f6rt\u00fc\u015f\u00fcr m\u00fc? Do\u011fal enerjisini yitirmi\u015fbug\u00fcn\u00fcn insan\u0131 robottan farkl\u0131 bir \u015fey midir? \u0130htiya\u00e7lar\u0131n \u015fekillendirdi\u011fi bir k\u00fclt\u00fcr yerine arzular\u0131n in\u015fa etti\u011fi birk\u00fclt\u00fcr\u00fc yaratmam\u0131z gerekmez mi? Ba\u015fka bir tene a\u00e7\u0131lmam\u0131z\u0131 sa\u011flayan nedir?Yaln\u0131zca yerk\u00fcreyi de\u011fil, i\u00e7sel a\u011flar\u0131m\u0131z\u0131 \u00f6rg\u00fctleyen de elementlerdir. \u00d6rne\u011fin ate\u015f her \u015feyden \u00f6te arzuylailgilidir. \u00c7i\u00e7eklenebilmemiz, insanl\u0131\u011f\u0131m\u0131z\u0131 payla\u015fabilmemiz i\u00e7in kabullenmemiz ve beslememiz gereken enerji vedevinimdir. Ayn\u0131 zamanda arzu, bizim i\u00e7 ate\u015fimiz, i\u00e7 g\u00fcne\u015fimizdir. Arzu sayesinde her birimizdeki sonsuzluk,sonlulu\u011fun i\u00e7inde d\u00fc\u015f\u00fcn\u00fclebilir ve deneyimlenebilir h\u00e2le gelir. Ancak g\u00f6r\u00fcnen o ki ate\u015f hi\u00e7bir zamanpayla\u015f\u0131lmam\u0131\u015f. Sava\u015f\u00e7\u0131l erkek tanr\u0131lar taraf\u0131ndan \u00e7al\u0131nm\u0131\u015f ve az \u00e7ok yapay d\u00fcnya \u00fcretme \u00e7al\u0131\u015fmalar\u0131n\u0131nhizmetine sunulmu\u015ftur.\u00c7a\u011fda\u015f filozof ve psikanalist Luce Irigaray bu kitapta, arzu, \u00f6teki ve mutlak ba\u011flam\u0131nda bir duyusall\u0131kdiyalekti\u011fi okumas\u0131 sunuyor.<\/p>\n","protected":false},"excerpt":{"rendered":"<p>\u0130nsan\u0131n hakikati nedir? \u00d6zlem duydu\u011fu mutlak, ger\u00e7ek tutkular\u0131yla \u00f6rt\u00fc\u015f\u00fcr m\u00fc? Do\u011fal enerjisini yitirmi\u015fbug\u00fcn\u00fcn insan\u0131 robottan farkl\u0131 bir \u015fey midir? \u0130htiya\u00e7lar\u0131n \u015fekillendirdi\u011fi bir k\u00fclt\u00fcr yerine arzular\u0131n in\u015fa<span class=\"excerpt-hellip\"> [\u2026]<\/span><\/p>\n","protected":false},"featured_media":0,"template":"","meta":{"_monsterinsights_skip_tracking":false,"_monsterinsights_sitenote_active":false,"_monsterinsights_sitenote_note":"","_monsterinsights_sitenote_category":0},"product_brand":[],"product_cat":[12389,12388],"product_tag":[],"class_list":{"0":"post-736870","1":"product","2":"type-product","3":"status-publish","5":"product_cat-diger-felsefe","6":"product_cat-felsefe","7":"pa_cilt-ciltsiz","8":"pa_tur-kitap","9":"pa_yayinevi-fol-kitap","10":"pa_yazar-luce-irigaray","12":"first","13":"instock","14":"sale","15":"shipping-taxable","16":"purchasable","17":"product-type-simple"},"_links":{"self":[{"href":"https:\/\/roveyayinevi.com.tr\/index.php\/wp-json\/wp\/v2\/product\/736870","targetHints":{"allow":["GET"]}}],"collection":[{"href":"https:\/\/roveyayinevi.com.tr\/index.php\/wp-json\/wp\/v2\/product"}],"about":[{"href":"https:\/\/roveyayinevi.com.tr\/index.php\/wp-json\/wp\/v2\/types\/product"}],"wp:attachment":[{"href":"https:\/\/roveyayinevi.com.tr\/index.php\/wp-json\/wp\/v2\/media?parent=736870"}],"wp:term":[{"taxonomy":"product_brand","embeddable":true,"href":"https:\/\/roveyayinevi.com.tr\/index.php\/wp-json\/wp\/v2\/product_brand?post=736870"},{"taxonomy":"product_cat","embeddable":true,"href":"https:\/\/roveyayinevi.com.tr\/index.php\/wp-json\/wp\/v2\/product_cat?post=736870"},{"taxonomy":"product_tag","embeddable":true,"href":"https:\/\/roveyayinevi.com.tr\/index.php\/wp-json\/wp\/v2\/product_tag?post=736870"}],"curies":[{"name":"wp","href":"https:\/\/api.w.org\/{rel}","templated":true}]}}