{"id":736869,"date":"2025-08-27T23:16:59","date_gmt":"2025-08-27T20:16:59","guid":{"rendered":"https:\/\/roveyayinevi.com.tr\/index.php\/urun\/matematik-dunyasi-dergisi-sayi112\/"},"modified":"2026-04-16T02:45:54","modified_gmt":"2026-04-15T23:45:54","slug":"matematik-dunyasi-dergisi-sayi112","status":"publish","type":"product","link":"https:\/\/roveyayinevi.com.tr\/index.php\/urun\/matematik-dunyasi-dergisi-sayi112\/","title":{"rendered":"Matematik D\u00fcnyas\u0131 Dergisi Say\u0131:112"},"content":{"rendered":"","protected":false},"excerpt":{"rendered":"","protected":false},"featured_media":0,"template":"","meta":{"_monsterinsights_skip_tracking":false,"_monsterinsights_sitenote_active":false,"_monsterinsights_sitenote_note":"","_monsterinsights_sitenote_category":0},"product_brand":[],"product_cat":[22249,13527],"product_tag":[],"class_list":{"0":"post-736869","1":"product","2":"type-product","3":"status-publish","5":"product_cat-bilim","6":"product_cat-sureli-yayinlar","7":"pa_cilt-ciltsiz","8":"pa_tur-dergi","9":"pa_yayinevi-nesin-yayinlari","10":"pa_yazar-kolektif","12":"first","13":"instock","14":"sale","15":"shipping-taxable","16":"purchasable","17":"product-type-simple"},"_links":{"self":[{"href":"https:\/\/roveyayinevi.com.tr\/index.php\/wp-json\/wp\/v2\/product\/736869","targetHints":{"allow":["GET"]}}],"collection":[{"href":"https:\/\/roveyayinevi.com.tr\/index.php\/wp-json\/wp\/v2\/product"}],"about":[{"href":"https:\/\/roveyayinevi.com.tr\/index.php\/wp-json\/wp\/v2\/types\/product"}],"wp:attachment":[{"href":"https:\/\/roveyayinevi.com.tr\/index.php\/wp-json\/wp\/v2\/media?parent=736869"}],"wp:term":[{"taxonomy":"product_brand","embeddable":true,"href":"https:\/\/roveyayinevi.com.tr\/index.php\/wp-json\/wp\/v2\/product_brand?post=736869"},{"taxonomy":"product_cat","embeddable":true,"href":"https:\/\/roveyayinevi.com.tr\/index.php\/wp-json\/wp\/v2\/product_cat?post=736869"},{"taxonomy":"product_tag","embeddable":true,"href":"https:\/\/roveyayinevi.com.tr\/index.php\/wp-json\/wp\/v2\/product_tag?post=736869"}],"curies":[{"name":"wp","href":"https:\/\/api.w.org\/{rel}","templated":true}]}}