{"id":736868,"date":"2025-08-27T23:16:58","date_gmt":"2025-08-27T20:16:58","guid":{"rendered":"https:\/\/roveyayinevi.com.tr\/index.php\/urun\/tarihe-sorun-beni\/"},"modified":"2026-04-16T02:45:54","modified_gmt":"2026-04-15T23:45:54","slug":"tarihe-sorun-beni","status":"publish","type":"product","link":"https:\/\/roveyayinevi.com.tr\/index.php\/urun\/tarihe-sorun-beni\/","title":{"rendered":"Tarihe Sorun Beni"},"content":{"rendered":"<p>Zamana dur demem akar da gider Mecnunlar sahraya bakt\u0131 da gitti Bulut y\u00fck\u00fc g\u00f6z\u00fc yakar da gider B\u00fckt\u00fc y\u00fcre\u011fimi yakt\u0131 da gitti Yanan y\u00fcrek k\u00f6z\u00fc a\u015far m\u0131 bilmem Nar\u0131 sevda hazz\u0131 ya\u015far m\u0131 bilmem A\u015fk ile \u00e7a\u011flay\u0131p co\u015far m\u0131 bilmem Zamandan zemine akt\u0131 da gitti Ezgi k\u0131\u015f aylar\u0131m d\u00f6nse bahara Y\u0131llar yollar y\u00f6n\u00fcn d\u00f6nse o yara Sa\u00e7lar\u0131m d\u00f6nmeden beyaza kara Y\u00fcre\u011fe umudu takt\u0131 da gitti!<\/p>\n","protected":false},"excerpt":{"rendered":"<p>Zamana dur demem akar da gider Mecnunlar sahraya bakt\u0131 da gitti Bulut y\u00fck\u00fc g\u00f6z\u00fc yakar da gider B\u00fckt\u00fc y\u00fcre\u011fimi yakt\u0131 da gitti Yanan y\u00fcrek k\u00f6z\u00fc a\u015far<span class=\"excerpt-hellip\"> [\u2026]<\/span><\/p>\n","protected":false},"featured_media":0,"template":"","meta":{"_monsterinsights_skip_tracking":false,"_monsterinsights_sitenote_active":false,"_monsterinsights_sitenote_note":"","_monsterinsights_sitenote_category":0},"product_brand":[],"product_cat":[12291,12509],"product_tag":[],"class_list":{"0":"post-736868","1":"product","2":"type-product","3":"status-publish","5":"product_cat-edebiyat","6":"product_cat-siir","7":"pa_cilt-ciltsiz","8":"pa_tur-kitap","9":"pa_yayinevi-luna-yayinlari","10":"pa_yazar-ezgi-nurhak","12":"first","13":"instock","14":"sale","15":"shipping-taxable","16":"purchasable","17":"product-type-simple"},"_links":{"self":[{"href":"https:\/\/roveyayinevi.com.tr\/index.php\/wp-json\/wp\/v2\/product\/736868","targetHints":{"allow":["GET"]}}],"collection":[{"href":"https:\/\/roveyayinevi.com.tr\/index.php\/wp-json\/wp\/v2\/product"}],"about":[{"href":"https:\/\/roveyayinevi.com.tr\/index.php\/wp-json\/wp\/v2\/types\/product"}],"wp:attachment":[{"href":"https:\/\/roveyayinevi.com.tr\/index.php\/wp-json\/wp\/v2\/media?parent=736868"}],"wp:term":[{"taxonomy":"product_brand","embeddable":true,"href":"https:\/\/roveyayinevi.com.tr\/index.php\/wp-json\/wp\/v2\/product_brand?post=736868"},{"taxonomy":"product_cat","embeddable":true,"href":"https:\/\/roveyayinevi.com.tr\/index.php\/wp-json\/wp\/v2\/product_cat?post=736868"},{"taxonomy":"product_tag","embeddable":true,"href":"https:\/\/roveyayinevi.com.tr\/index.php\/wp-json\/wp\/v2\/product_tag?post=736868"}],"curies":[{"name":"wp","href":"https:\/\/api.w.org\/{rel}","templated":true}]}}