{"id":736867,"date":"2025-08-27T23:16:56","date_gmt":"2025-08-27T20:16:56","guid":{"rendered":"https:\/\/roveyayinevi.com.tr\/index.php\/urun\/bahari-dalinda-optum\/"},"modified":"2026-04-03T02:52:07","modified_gmt":"2026-04-02T23:52:07","slug":"bahari-dalinda-optum","status":"publish","type":"product","link":"https:\/\/roveyayinevi.com.tr\/index.php\/urun\/bahari-dalinda-optum\/","title":{"rendered":"Bahar\u0131 Dal\u0131nda \u00d6pt\u00fcm"},"content":{"rendered":"<p>Her bahar\u0131 dal\u0131ndan \u00f6pt\u00fcm  Umut ye\u015fersin diye  Her yaz g\u00fcne\u015fine sar\u0131ld\u0131m  G\u00fcny\u00fcz\u00fc ayd\u0131nlans\u0131n diye, Her sabah\u0131 sevdim, D\u00f6k\u00fclen yapraklar Canlans\u0131n diye Ama her k\u0131\u015f ayaz\u0131n\u0131 Yakamad\u0131m  So\u011fuk, zul\u00fcm, \u00f6l\u00fcm  Kan, kin, nefret serpildi, Gine her mevsime, \u0130nsanl\u0131k neslini t\u00fcketircesine. <\/p>\n","protected":false},"excerpt":{"rendered":"<p>Her bahar\u0131 dal\u0131ndan \u00f6pt\u00fcm Umut ye\u015fersin diye Her yaz g\u00fcne\u015fine sar\u0131ld\u0131m G\u00fcny\u00fcz\u00fc ayd\u0131nlans\u0131n diye, Her sabah\u0131 sevdim, D\u00f6k\u00fclen yapraklar Canlans\u0131n diye Ama her k\u0131\u015f ayaz\u0131n\u0131 Yakamad\u0131m<span class=\"excerpt-hellip\"> [\u2026]<\/span><\/p>\n","protected":false},"featured_media":0,"template":"","meta":{"_monsterinsights_skip_tracking":false,"_monsterinsights_sitenote_active":false,"_monsterinsights_sitenote_note":"","_monsterinsights_sitenote_category":0},"product_brand":[],"product_cat":[12291,12509],"product_tag":[],"class_list":{"0":"post-736867","1":"product","2":"type-product","3":"status-publish","5":"product_cat-edebiyat","6":"product_cat-siir","7":"pa_cilt-ciltsiz","8":"pa_tur-kitap","9":"pa_yayinevi-luna-yayinlari","10":"pa_yazar-ezgi-nurhak","12":"first","13":"instock","14":"sale","15":"shipping-taxable","16":"purchasable","17":"product-type-simple"},"_links":{"self":[{"href":"https:\/\/roveyayinevi.com.tr\/index.php\/wp-json\/wp\/v2\/product\/736867","targetHints":{"allow":["GET"]}}],"collection":[{"href":"https:\/\/roveyayinevi.com.tr\/index.php\/wp-json\/wp\/v2\/product"}],"about":[{"href":"https:\/\/roveyayinevi.com.tr\/index.php\/wp-json\/wp\/v2\/types\/product"}],"wp:attachment":[{"href":"https:\/\/roveyayinevi.com.tr\/index.php\/wp-json\/wp\/v2\/media?parent=736867"}],"wp:term":[{"taxonomy":"product_brand","embeddable":true,"href":"https:\/\/roveyayinevi.com.tr\/index.php\/wp-json\/wp\/v2\/product_brand?post=736867"},{"taxonomy":"product_cat","embeddable":true,"href":"https:\/\/roveyayinevi.com.tr\/index.php\/wp-json\/wp\/v2\/product_cat?post=736867"},{"taxonomy":"product_tag","embeddable":true,"href":"https:\/\/roveyayinevi.com.tr\/index.php\/wp-json\/wp\/v2\/product_tag?post=736867"}],"curies":[{"name":"wp","href":"https:\/\/api.w.org\/{rel}","templated":true}]}}