{"id":736865,"date":"2025-08-27T23:16:54","date_gmt":"2025-08-27T20:16:54","guid":{"rendered":"https:\/\/roveyayinevi.com.tr\/index.php\/urun\/en-mutlu-kedi-minik-kedi-sekerin-maceralari\/"},"modified":"2026-04-16T02:45:54","modified_gmt":"2026-04-15T23:45:54","slug":"en-mutlu-kedi-minik-kedi-sekerin-maceralari","status":"publish","type":"product","link":"https:\/\/roveyayinevi.com.tr\/index.php\/urun\/en-mutlu-kedi-minik-kedi-sekerin-maceralari\/","title":{"rendered":"En Mutlu Kedi &#8211; Minik Kedi \u015eeker\u2019in Maceralar\u0131"},"content":{"rendered":"<p>\u015eeker\u2019in olduk\u00e7a s\u0131radan olan g\u00fcn\u00fc daha \u00f6nce g\u00f6r\u00fclmemi\u015f g\u00fczellikteki bir kelebe\u011fin burnunakonmas\u0131yla birden de\u011fi\u015fti! Ama o da ne! Kelebek t\u0131pk\u0131 geldi\u011fi h\u0131zda u\u00e7up gitti. \u015eeker her yerdekelebe\u011fi aramaya \u00e7al\u0131\u015ft\u0131ysa da bir t\u00fcrl\u00fc bulamad\u0131. \u015eeker \u015fimdi ne yapacakt\u0131?<\/p>\n","protected":false},"excerpt":{"rendered":"<p>\u015eeker\u2019in olduk\u00e7a s\u0131radan olan g\u00fcn\u00fc daha \u00f6nce g\u00f6r\u00fclmemi\u015f g\u00fczellikteki bir kelebe\u011fin burnunakonmas\u0131yla birden de\u011fi\u015fti! Ama o da ne! Kelebek t\u0131pk\u0131 geldi\u011fi h\u0131zda u\u00e7up gitti. \u015eeker her<span class=\"excerpt-hellip\"> [\u2026]<\/span><\/p>\n","protected":false},"featured_media":0,"template":"","meta":{"_monsterinsights_skip_tracking":false,"_monsterinsights_sitenote_active":false,"_monsterinsights_sitenote_note":"","_monsterinsights_sitenote_category":0},"product_brand":[],"product_cat":[12274,12284],"product_tag":[],"class_list":{"0":"post-736865","1":"product","2":"type-product","3":"status-publish","5":"product_cat-cocuk-ve-genclik-kitaplari","6":"product_cat-hikayeler","7":"pa_cilt-ciltsiz","8":"pa_tur-kitap","9":"pa_yayinevi-eksik-parca-yayinlari","10":"pa_yazar-begum-tekon-eyilik","12":"first","13":"instock","14":"sale","15":"shipping-taxable","16":"purchasable","17":"product-type-simple"},"_links":{"self":[{"href":"https:\/\/roveyayinevi.com.tr\/index.php\/wp-json\/wp\/v2\/product\/736865","targetHints":{"allow":["GET"]}}],"collection":[{"href":"https:\/\/roveyayinevi.com.tr\/index.php\/wp-json\/wp\/v2\/product"}],"about":[{"href":"https:\/\/roveyayinevi.com.tr\/index.php\/wp-json\/wp\/v2\/types\/product"}],"wp:attachment":[{"href":"https:\/\/roveyayinevi.com.tr\/index.php\/wp-json\/wp\/v2\/media?parent=736865"}],"wp:term":[{"taxonomy":"product_brand","embeddable":true,"href":"https:\/\/roveyayinevi.com.tr\/index.php\/wp-json\/wp\/v2\/product_brand?post=736865"},{"taxonomy":"product_cat","embeddable":true,"href":"https:\/\/roveyayinevi.com.tr\/index.php\/wp-json\/wp\/v2\/product_cat?post=736865"},{"taxonomy":"product_tag","embeddable":true,"href":"https:\/\/roveyayinevi.com.tr\/index.php\/wp-json\/wp\/v2\/product_tag?post=736865"}],"curies":[{"name":"wp","href":"https:\/\/api.w.org\/{rel}","templated":true}]}}