{"id":736864,"date":"2025-08-27T23:16:53","date_gmt":"2025-08-27T20:16:53","guid":{"rendered":"https:\/\/roveyayinevi.com.tr\/index.php\/urun\/durunun-tatil-gunlukleri-karun-hazinelerinin-izinde\/"},"modified":"2026-04-16T02:45:54","modified_gmt":"2026-04-15T23:45:54","slug":"durunun-tatil-gunlukleri-karun-hazinelerinin-izinde","status":"publish","type":"product","link":"https:\/\/roveyayinevi.com.tr\/index.php\/urun\/durunun-tatil-gunlukleri-karun-hazinelerinin-izinde\/","title":{"rendered":"Duru\u2019nun Tatil G\u00fcnl\u00fckleri &#8211; Karun Hazinelerinin \u0130zinde"},"content":{"rendered":"<p>Merhaba arkada\u015flar ben Duru. Bu do\u011fum g\u00fcn\u00fcmde yeni yerler g\u00f6rmeyi dilemi\u015ftim, \u00f6ylesine i\u00e7tenistemi\u015fim ki ailem beni her hafta sonu farkl\u0131 yerlere gezmeye g\u00f6t\u00fcr\u00fcyor. Bu kitapta KarunHazinelerinin hik\u00e2yesini \u00f6\u011frenece\u011fiz. Benimle birlikte yeni yerler ke\u015ffetmeye, heyecanl\u0131maceralar ya\u015famaya haz\u0131r m\u0131s\u0131n\u0131z? Haz\u0131rsan\u0131z, sayfalar\u0131n aras\u0131nda birlikte dola\u015fmayaba\u015flayabiliriz.<\/p>\n","protected":false},"excerpt":{"rendered":"<p>Merhaba arkada\u015flar ben Duru. Bu do\u011fum g\u00fcn\u00fcmde yeni yerler g\u00f6rmeyi dilemi\u015ftim, \u00f6ylesine i\u00e7tenistemi\u015fim ki ailem beni her hafta sonu farkl\u0131 yerlere gezmeye g\u00f6t\u00fcr\u00fcyor. Bu kitapta KarunHazinelerinin<span class=\"excerpt-hellip\"> [\u2026]<\/span><\/p>\n","protected":false},"featured_media":0,"template":"","meta":{"_monsterinsights_skip_tracking":false,"_monsterinsights_sitenote_active":false,"_monsterinsights_sitenote_note":"","_monsterinsights_sitenote_category":0},"product_brand":[],"product_cat":[12275,12274],"product_tag":[],"class_list":{"0":"post-736864","1":"product","2":"type-product","3":"status-publish","5":"product_cat-6-12-yas-kitaplari","6":"product_cat-cocuk-ve-genclik-kitaplari","7":"pa_cilt-ciltsiz","8":"pa_tur-kitap","9":"pa_yayinevi-eksik-parca-yayinlari","10":"pa_yazar-mustafa-unver","12":"first","13":"instock","14":"sale","15":"shipping-taxable","16":"purchasable","17":"product-type-simple"},"_links":{"self":[{"href":"https:\/\/roveyayinevi.com.tr\/index.php\/wp-json\/wp\/v2\/product\/736864","targetHints":{"allow":["GET"]}}],"collection":[{"href":"https:\/\/roveyayinevi.com.tr\/index.php\/wp-json\/wp\/v2\/product"}],"about":[{"href":"https:\/\/roveyayinevi.com.tr\/index.php\/wp-json\/wp\/v2\/types\/product"}],"wp:attachment":[{"href":"https:\/\/roveyayinevi.com.tr\/index.php\/wp-json\/wp\/v2\/media?parent=736864"}],"wp:term":[{"taxonomy":"product_brand","embeddable":true,"href":"https:\/\/roveyayinevi.com.tr\/index.php\/wp-json\/wp\/v2\/product_brand?post=736864"},{"taxonomy":"product_cat","embeddable":true,"href":"https:\/\/roveyayinevi.com.tr\/index.php\/wp-json\/wp\/v2\/product_cat?post=736864"},{"taxonomy":"product_tag","embeddable":true,"href":"https:\/\/roveyayinevi.com.tr\/index.php\/wp-json\/wp\/v2\/product_tag?post=736864"}],"curies":[{"name":"wp","href":"https:\/\/api.w.org\/{rel}","templated":true}]}}