{"id":736862,"date":"2025-08-27T23:16:51","date_gmt":"2025-08-27T20:16:51","guid":{"rendered":"https:\/\/roveyayinevi.com.tr\/index.php\/urun\/kutuphanelerde-yenilikci-hizmetler-makerspace\/"},"modified":"2026-04-16T02:45:54","modified_gmt":"2026-04-15T23:45:54","slug":"kutuphanelerde-yenilikci-hizmetler-makerspace","status":"publish","type":"product","link":"https:\/\/roveyayinevi.com.tr\/index.php\/urun\/kutuphanelerde-yenilikci-hizmetler-makerspace\/","title":{"rendered":"K\u00fct\u00fcphanelerde Yenilik\u00e7i Hizmetler &#8211; Makerspace"},"content":{"rendered":"<p>21. y\u00fczy\u0131l becerilerinin b\u00fct\u00fcn alanlarda \u00f6n plana \u00e7\u0131kmas\u0131; \u00fcretim ve yarat\u0131c\u0131l\u0131k gibi kavramlar\u0131n etkisini artt\u0131rm\u0131\u015ft\u0131r. Bu etki ile birlikte e\u011fitim ve dolay\u0131s\u0131yla k\u00fct\u00fcphanecilik alan\u0131 da vizyon ve misyonlar\u0131nda de\u011fi\u015fiklik s\u00fcrecine gitmi\u015ftir. K\u00fct\u00fcphaneler yenilik\u00e7i yakla\u015f\u0131mlarla hizmetlerini \u00e7e\u015fitlendirmi\u015ftir. K\u00fct\u00fcphanelerin sundu\u011fu hizmetlerden biri olan Makerspace hizmeti bu de\u011fi\u015fikli\u011fin somut bir \u00f6rne\u011fi olarak g\u00f6sterilebilir. Bu \u00e7al\u0131\u015fma kapsam\u0131nda, d\u00fcnyada uzun zamand\u0131r k\u00fct\u00fcphanelerde hizmete sunulmu\u015f olan Makerspace&#8217;lerin \u00fclkemizdeki durumu incelenmi\u015f ve de\u011ferlendirilmi\u015ftir. <\/p>\n","protected":false},"excerpt":{"rendered":"<p>21. y\u00fczy\u0131l becerilerinin b\u00fct\u00fcn alanlarda \u00f6n plana \u00e7\u0131kmas\u0131; \u00fcretim ve yarat\u0131c\u0131l\u0131k gibi kavramlar\u0131n etkisini artt\u0131rm\u0131\u015ft\u0131r. Bu etki ile birlikte e\u011fitim ve dolay\u0131s\u0131yla k\u00fct\u00fcphanecilik alan\u0131 da vizyon<span class=\"excerpt-hellip\"> [\u2026]<\/span><\/p>\n","protected":false},"featured_media":0,"template":"","meta":{"_monsterinsights_skip_tracking":false,"_monsterinsights_sitenote_active":false,"_monsterinsights_sitenote_note":"","_monsterinsights_sitenote_category":0},"product_brand":[],"product_cat":[12365,12364],"product_tag":[],"class_list":{"0":"post-736862","1":"product","2":"type-product","3":"status-publish","5":"product_cat-diger-genel-konular","6":"product_cat-genel-konular","7":"pa_cilt-ciltsiz","8":"pa_tur-kitap","9":"pa_yayinevi-toz-yayinlari","10":"pa_yazar-aysenur-gunes","12":"first","13":"instock","14":"sale","15":"shipping-taxable","16":"purchasable","17":"product-type-simple"},"_links":{"self":[{"href":"https:\/\/roveyayinevi.com.tr\/index.php\/wp-json\/wp\/v2\/product\/736862","targetHints":{"allow":["GET"]}}],"collection":[{"href":"https:\/\/roveyayinevi.com.tr\/index.php\/wp-json\/wp\/v2\/product"}],"about":[{"href":"https:\/\/roveyayinevi.com.tr\/index.php\/wp-json\/wp\/v2\/types\/product"}],"wp:attachment":[{"href":"https:\/\/roveyayinevi.com.tr\/index.php\/wp-json\/wp\/v2\/media?parent=736862"}],"wp:term":[{"taxonomy":"product_brand","embeddable":true,"href":"https:\/\/roveyayinevi.com.tr\/index.php\/wp-json\/wp\/v2\/product_brand?post=736862"},{"taxonomy":"product_cat","embeddable":true,"href":"https:\/\/roveyayinevi.com.tr\/index.php\/wp-json\/wp\/v2\/product_cat?post=736862"},{"taxonomy":"product_tag","embeddable":true,"href":"https:\/\/roveyayinevi.com.tr\/index.php\/wp-json\/wp\/v2\/product_tag?post=736862"}],"curies":[{"name":"wp","href":"https:\/\/api.w.org\/{rel}","templated":true}]}}