{"id":736860,"date":"2025-08-27T23:16:49","date_gmt":"2025-08-27T20:16:49","guid":{"rendered":"https:\/\/roveyayinevi.com.tr\/index.php\/urun\/cam-gibi\/"},"modified":"2026-04-16T02:45:54","modified_gmt":"2026-04-15T23:45:54","slug":"cam-gibi","status":"publish","type":"product","link":"https:\/\/roveyayinevi.com.tr\/index.php\/urun\/cam-gibi\/","title":{"rendered":"Cam Gibi"},"content":{"rendered":"<p>\u201cSayfalar\u0131n\u0131 kar\u0131\u015ft\u0131raca\u011f\u0131n\u0131z bu kitap da sahici s\u0131radanl\u0131\u011f\u0131n \u00fcr\u00fcn\u00fc. T\u0131pk\u0131 ad\u0131 gibi, cam gibi. Herkesin g\u00f6z\u00fcn\u00fcn \u00f6n\u00fcnde ancak ger\u00e7ekten fark etmeye \u00e7abalayanlar\u0131n g\u00f6rebildi\u011fi, saydam, berrak ve k\u0131r\u0131lgan&#8230;\u201d Ya\u015fam k\u0131rm\u0131z\u0131 perdeli bir sahnedir. \u00c7ift ki\u015filik, tek g\u00f6sterimlik oyun. Han\u0131mlar, beyler! Keyfim ve k\u00e2hyas\u0131, i\u015fte ben. Buyurun! <\/p>\n","protected":false},"excerpt":{"rendered":"<p>\u201cSayfalar\u0131n\u0131 kar\u0131\u015ft\u0131raca\u011f\u0131n\u0131z bu kitap da sahici s\u0131radanl\u0131\u011f\u0131n \u00fcr\u00fcn\u00fc. T\u0131pk\u0131 ad\u0131 gibi, cam gibi. Herkesin g\u00f6z\u00fcn\u00fcn \u00f6n\u00fcnde ancak ger\u00e7ekten fark etmeye \u00e7abalayanlar\u0131n g\u00f6rebildi\u011fi, saydam, berrak ve k\u0131r\u0131lgan&#8230;\u201d<span class=\"excerpt-hellip\"> [\u2026]<\/span><\/p>\n","protected":false},"featured_media":0,"template":"","meta":{"_monsterinsights_skip_tracking":false,"_monsterinsights_sitenote_active":false,"_monsterinsights_sitenote_note":"","_monsterinsights_sitenote_category":0},"product_brand":[],"product_cat":[12291,12509],"product_tag":[],"class_list":{"0":"post-736860","1":"product","2":"type-product","3":"status-publish","5":"product_cat-edebiyat","6":"product_cat-siir","7":"pa_cilt-ciltsiz","8":"pa_tur-kitap","9":"pa_yayinevi-luna-yayinlari","10":"pa_yazar-kaan-basar-candas","12":"first","13":"instock","14":"sale","15":"shipping-taxable","16":"purchasable","17":"product-type-simple"},"_links":{"self":[{"href":"https:\/\/roveyayinevi.com.tr\/index.php\/wp-json\/wp\/v2\/product\/736860","targetHints":{"allow":["GET"]}}],"collection":[{"href":"https:\/\/roveyayinevi.com.tr\/index.php\/wp-json\/wp\/v2\/product"}],"about":[{"href":"https:\/\/roveyayinevi.com.tr\/index.php\/wp-json\/wp\/v2\/types\/product"}],"wp:attachment":[{"href":"https:\/\/roveyayinevi.com.tr\/index.php\/wp-json\/wp\/v2\/media?parent=736860"}],"wp:term":[{"taxonomy":"product_brand","embeddable":true,"href":"https:\/\/roveyayinevi.com.tr\/index.php\/wp-json\/wp\/v2\/product_brand?post=736860"},{"taxonomy":"product_cat","embeddable":true,"href":"https:\/\/roveyayinevi.com.tr\/index.php\/wp-json\/wp\/v2\/product_cat?post=736860"},{"taxonomy":"product_tag","embeddable":true,"href":"https:\/\/roveyayinevi.com.tr\/index.php\/wp-json\/wp\/v2\/product_tag?post=736860"}],"curies":[{"name":"wp","href":"https:\/\/api.w.org\/{rel}","templated":true}]}}