{"id":736859,"date":"2025-08-27T23:16:48","date_gmt":"2025-08-27T20:16:48","guid":{"rendered":"https:\/\/roveyayinevi.com.tr\/index.php\/urun\/gemsaz\/"},"modified":"2026-04-16T02:45:53","modified_gmt":"2026-04-15T23:45:53","slug":"gemsaz","status":"publish","type":"product","link":"https:\/\/roveyayinevi.com.tr\/index.php\/urun\/gemsaz\/","title":{"rendered":"Gemsaz"},"content":{"rendered":"<p>\u201c&#8230;alt katta, denize kar\u015f\u0131 duran \u015f\u00f6minemin sa\u011f taraf\u0131na anneannemi, sol taraf\u0131na da dedemi \u00e7er\u00e7eveledim. Sanki art\u0131k sonsuza dek, Gemsaz\u2019\u0131n kaptan k\u00f6\u015fk\u00fcnde, sonsuz denize benimle beraber bak\u0131yorlard\u0131. Bir an i\u00e7in, senelerdir g\u00f6rmedi\u011fim, art\u0131k de\u011fil g\u00fcl\u00fc\u015f\u00fcn\u00fc, kokusunu bile tan\u0131yamayaca\u011f\u0131m kadar yabanc\u0131la\u015ft\u0131\u011f\u0131m annemin de tablosunu yapmak istedim fakat buruk bir ac\u0131 sard\u0131 i\u00e7imi, burnumun dire\u011fini s\u0131zlatarak&#8230; Hat\u0131rlam\u0131yordum. Annem, g\u00fcl\u00fcnce g\u00f6zleri k\u0131s\u0131lanlardan m\u0131yd\u0131, tebess\u00fcm\u00fcnde gamzesi belirginle\u015fir miydi, gamzesi var m\u0131yd\u0131 y\u00fcz\u00fcnde?\u201d Annemle yapt\u0131\u011f\u0131m\u0131z kahve sohbetlerimizde kendimi hep Gemsaz\u2019da buldum. Deniz kenar\u0131nda b\u00fcy\u00fcyen Milda\u2019n\u0131n hayat\u0131, kaleme al\u0131nmas\u0131 gereken an\u0131larla dolup ta\u015fmaya ba\u015flam\u0131\u015ft\u0131. Her an\u0131, paha bi\u00e7ilemez de\u011ferdeydi. Yazmaya ba\u015flad\u0131\u011f\u0131m o g\u00fcn, bug\u00fcn\u00fcn gelece\u011fini biliyordum. Yaz an\u0131lar\u0131 ile dolu bu kitapta, k\u00fc\u00e7\u00fck bir k\u0131z\u0131n mutlu, heyecanl\u0131 ve h\u00fcz\u00fcnl\u00fc g\u00fcnlerine e\u015flik edece\u011fiz. Merhaba Gemsaz! <\/p>\n","protected":false},"excerpt":{"rendered":"<p>\u201c&#8230;alt katta, denize kar\u015f\u0131 duran \u015f\u00f6minemin sa\u011f taraf\u0131na anneannemi, sol taraf\u0131na da dedemi \u00e7er\u00e7eveledim. Sanki art\u0131k sonsuza dek, Gemsaz\u2019\u0131n kaptan k\u00f6\u015fk\u00fcnde, sonsuz denize benimle beraber bak\u0131yorlard\u0131.<span class=\"excerpt-hellip\"> [\u2026]<\/span><\/p>\n","protected":false},"featured_media":0,"template":"","meta":{"_monsterinsights_skip_tracking":false,"_monsterinsights_sitenote_active":false,"_monsterinsights_sitenote_note":"","_monsterinsights_sitenote_category":0},"product_brand":[],"product_cat":[12291,12711],"product_tag":[],"class_list":{"0":"post-736859","1":"product","2":"type-product","3":"status-publish","5":"product_cat-edebiyat","6":"product_cat-roman-oyku","7":"pa_cilt-ciltsiz","8":"pa_tur-kitap","9":"pa_yayinevi-luna-yayinlari","10":"pa_yazar-ipek-akyildiz","12":"first","13":"instock","14":"sale","15":"shipping-taxable","16":"purchasable","17":"product-type-simple"},"_links":{"self":[{"href":"https:\/\/roveyayinevi.com.tr\/index.php\/wp-json\/wp\/v2\/product\/736859","targetHints":{"allow":["GET"]}}],"collection":[{"href":"https:\/\/roveyayinevi.com.tr\/index.php\/wp-json\/wp\/v2\/product"}],"about":[{"href":"https:\/\/roveyayinevi.com.tr\/index.php\/wp-json\/wp\/v2\/types\/product"}],"wp:attachment":[{"href":"https:\/\/roveyayinevi.com.tr\/index.php\/wp-json\/wp\/v2\/media?parent=736859"}],"wp:term":[{"taxonomy":"product_brand","embeddable":true,"href":"https:\/\/roveyayinevi.com.tr\/index.php\/wp-json\/wp\/v2\/product_brand?post=736859"},{"taxonomy":"product_cat","embeddable":true,"href":"https:\/\/roveyayinevi.com.tr\/index.php\/wp-json\/wp\/v2\/product_cat?post=736859"},{"taxonomy":"product_tag","embeddable":true,"href":"https:\/\/roveyayinevi.com.tr\/index.php\/wp-json\/wp\/v2\/product_tag?post=736859"}],"curies":[{"name":"wp","href":"https:\/\/api.w.org\/{rel}","templated":true}]}}