{"id":736852,"date":"2025-08-27T23:16:40","date_gmt":"2025-08-27T20:16:40","guid":{"rendered":"https:\/\/roveyayinevi.com.tr\/index.php\/urun\/buyuk-macera-hayretix-uzayda\/"},"modified":"2026-04-11T02:54:27","modified_gmt":"2026-04-10T23:54:27","slug":"buyuk-macera-hayretix-uzayda","status":"publish","type":"product","link":"https:\/\/roveyayinevi.com.tr\/index.php\/urun\/buyuk-macera-hayretix-uzayda\/","title":{"rendered":"B\u00fcy\u00fck Macera &#8211; Hayretix Uzayda"},"content":{"rendered":"<p>Merhaba Arkada\u015flar, Ben Hayretix. Birlikte \u00f6yle bir u\u00e7u\u015fa ge\u00e7ece\u011fiz ki! Akl\u0131n\u0131z hayaliniz duracak. Biliyor musunuz? \u2022 Uzay\u0131n derinliklerinde \u00e7ok acayip \u015feyler var. Mesel\u00e2 D\u00fcnya\u2019n\u0131n iki kat\u0131 b\u00fcy\u00fckl\u00fc\u011f\u00fcnde bir elmas, dev bir patates cipsi, kare \u015feklinde koca bir m\u00fccevher kutusu. Daha neler neler! \u2022 Veeeeee i\u015fte \u00e7ok esrarengiz bir konu! KARADEL\u0130KLER.  \u00d6lmekte olan y\u0131ld\u0131z\u0131n k\u00fctlesi G\u00fcne\u015finkinin 3 kat\u0131ndan fazlaysa, karadeli\u011fe d\u00f6n\u00fc\u015f\u00fcyor. Yak\u0131n\u0131ndaki uzay cisimlerini, elektrik s\u00fcp\u00fcrgesi gibi i\u00e7ine \u00e7ekiyor. I\u015f\u0131\u011f\u0131 bile yutuyor. \u2022 Uzayda ne f\u0131rt\u0131nalar kopuyor! Sat\u00fcrn\u2019de, cetvelle \u00e7izilmi\u015f gibi dev bir alt\u0131gen f\u0131rt\u0131na bulunuyor. Hem de bir kenar\u0131n\u0131n uzunlu\u011fu, d\u00fcnyan\u0131n \u00e7ap\u0131ndan b\u00fcy\u00fck. Nept\u00fcn\u2019\u00fcn f\u0131rt\u0131nalar\u0131 ise, ses h\u0131z\u0131n\u0131n iki kat\u0131ndan fazla esiyor. \u2022 Pulsarlar, belli aral\u0131klarla uzaya radyo dalgalar\u0131 g\u00f6nderen n\u00f6tron y\u0131ld\u0131zlar\u0131. En \u00f6nemli \u00f6zellikleri, kendi etraf\u0131nda \u00e7ok h\u0131zl\u0131 d\u00f6nmeleri&#8230; Ama nas\u0131l d\u00f6nmek? Saniyede 3000 devir. Nefes kesen uzay, b\u00f6yle inan\u0131lmaz olaylara sahne oluyor. Her ge\u00e7en g\u00fcn, yepyeni s\u0131rlar\u0131n\u0131 f\u0131s\u0131ld\u0131yorlar bizlere. Seslerini duyuyor musunuz? UZAYIN SIRLARINI KE\u015eFETMEYE NE DERS\u0130N\u0130Z? \u00d6YLEYSE MEK\u0130\u011e\u0130M\u0130Z FIRLASIIIIIIN! 3, 2, 1, 0! <\/p>\n","protected":false},"excerpt":{"rendered":"<p>Merhaba Arkada\u015flar, Ben Hayretix. Birlikte \u00f6yle bir u\u00e7u\u015fa ge\u00e7ece\u011fiz ki! Akl\u0131n\u0131z hayaliniz duracak. Biliyor musunuz? \u2022 Uzay\u0131n derinliklerinde \u00e7ok acayip \u015feyler var. Mesel\u00e2 D\u00fcnya\u2019n\u0131n iki kat\u0131<span class=\"excerpt-hellip\"> [\u2026]<\/span><\/p>\n","protected":false},"featured_media":0,"template":"","meta":{"_monsterinsights_skip_tracking":false,"_monsterinsights_sitenote_active":false,"_monsterinsights_sitenote_note":"","_monsterinsights_sitenote_category":0},"product_brand":[],"product_cat":[12274,12284],"product_tag":[],"class_list":{"0":"post-736852","1":"product","2":"type-product","3":"status-publish","5":"product_cat-cocuk-ve-genclik-kitaplari","6":"product_cat-hikayeler","7":"pa_cilt-ciltsiz","8":"pa_tur-kitap","9":"pa_yayinevi-nar-agaci-cocuk-yayinlari","10":"pa_yazar-elif-lale","12":"first","13":"instock","14":"sale","15":"shipping-taxable","16":"purchasable","17":"product-type-simple"},"_links":{"self":[{"href":"https:\/\/roveyayinevi.com.tr\/index.php\/wp-json\/wp\/v2\/product\/736852","targetHints":{"allow":["GET"]}}],"collection":[{"href":"https:\/\/roveyayinevi.com.tr\/index.php\/wp-json\/wp\/v2\/product"}],"about":[{"href":"https:\/\/roveyayinevi.com.tr\/index.php\/wp-json\/wp\/v2\/types\/product"}],"wp:attachment":[{"href":"https:\/\/roveyayinevi.com.tr\/index.php\/wp-json\/wp\/v2\/media?parent=736852"}],"wp:term":[{"taxonomy":"product_brand","embeddable":true,"href":"https:\/\/roveyayinevi.com.tr\/index.php\/wp-json\/wp\/v2\/product_brand?post=736852"},{"taxonomy":"product_cat","embeddable":true,"href":"https:\/\/roveyayinevi.com.tr\/index.php\/wp-json\/wp\/v2\/product_cat?post=736852"},{"taxonomy":"product_tag","embeddable":true,"href":"https:\/\/roveyayinevi.com.tr\/index.php\/wp-json\/wp\/v2\/product_tag?post=736852"}],"curies":[{"name":"wp","href":"https:\/\/api.w.org\/{rel}","templated":true}]}}