{"id":736850,"date":"2025-08-27T23:16:38","date_gmt":"2025-08-27T20:16:38","guid":{"rendered":"https:\/\/roveyayinevi.com.tr\/index.php\/urun\/gezegenin-tamahkar-cocuklari\/"},"modified":"2026-04-16T02:45:53","modified_gmt":"2026-04-15T23:45:53","slug":"gezegenin-tamahkar-cocuklari","status":"publish","type":"product","link":"https:\/\/roveyayinevi.com.tr\/index.php\/urun\/gezegenin-tamahkar-cocuklari\/","title":{"rendered":"Gezegenin Tamahkar \u00c7ocuklar\u0131"},"content":{"rendered":"<p>Konfeksiyoncu k\u0131z\u0131 Aysel, Ne\u015fet Erta\u015f\u0327, k\u0131\u015fk\u0131rt\u0131c\u0131 sloganlar, indirilen tabelalar, hutbeye \u015fiirsiz ba\u015flayamayan imamlar, Karadeniz ve Led Zeppelin, kurulan ve kapat\u0131lan te\u015fkilatlar, kapat\u0131lan te\u015fkilatlar, kapat\u0131lan te\u015fkilatlar&#8230;Gezegenin Tamahk\u00e2r \u00c7ocuklar\u0131, ac\u0327 karn\u0131na k\u00f6y k\u00f6y gezen gen\u00e7leri, sanayideki d\u00fckk\u00e2n\u0131n \u00e7ekme kat\u0131nda gizlice yap\u0131lan tabelalar\u0131, kavu\u015famad\u0131\u011f\u0131n fakat art\u0131k pek de \u00f6zlemedi\u011fin o k\u0131z\u0131n hayat\u0131n\u0131 anlat\u0131yor.Mustafa Akar, arada herkes gibi umutsuzlu\u011fa kap\u0131lsalar da asla vazge\u00e7meyen, hic\u0327 g\u00f6remeyecekleri \u00e7i\u00e7eklerin adlar\u0131n\u0131 ezberleyen tamahk\u00e2r \u00e7ocuklar\u0131n f\u0131s\u0131lt\u0131lar\u0131na kulak veriyor: gardenya, karac\u0327al\u0131, zambak, aks\u0327amsefas\u0131, yediveren, camgu\u0308zeli, kas\u0131mpat\u0131, mu\u0308s\u0327ku\u0308lu\u0308m, zu\u0308lfu\u0308arus&#8230; <\/p>\n","protected":false},"excerpt":{"rendered":"<p>Konfeksiyoncu k\u0131z\u0131 Aysel, Ne\u015fet Erta\u015f\u0327, k\u0131\u015fk\u0131rt\u0131c\u0131 sloganlar, indirilen tabelalar, hutbeye \u015fiirsiz ba\u015flayamayan imamlar, Karadeniz ve Led Zeppelin, kurulan ve kapat\u0131lan te\u015fkilatlar, kapat\u0131lan te\u015fkilatlar, kapat\u0131lan te\u015fkilatlar&#8230;Gezegenin Tamahk\u00e2r<span class=\"excerpt-hellip\"> [\u2026]<\/span><\/p>\n","protected":false},"featured_media":0,"template":"","meta":{"_monsterinsights_skip_tracking":false,"_monsterinsights_sitenote_active":false,"_monsterinsights_sitenote_note":"","_monsterinsights_sitenote_category":0},"product_brand":[],"product_cat":[12291,12711],"product_tag":[],"class_list":{"0":"post-736850","1":"product","2":"type-product","3":"status-publish","5":"product_cat-edebiyat","6":"product_cat-roman-oyku","7":"pa_cilt-ciltsiz","8":"pa_tur-kitap","9":"pa_yayinevi-turkuvaz-kitap","10":"pa_yazar-mustafa-akar","12":"first","13":"instock","14":"sale","15":"shipping-taxable","16":"purchasable","17":"product-type-simple"},"_links":{"self":[{"href":"https:\/\/roveyayinevi.com.tr\/index.php\/wp-json\/wp\/v2\/product\/736850","targetHints":{"allow":["GET"]}}],"collection":[{"href":"https:\/\/roveyayinevi.com.tr\/index.php\/wp-json\/wp\/v2\/product"}],"about":[{"href":"https:\/\/roveyayinevi.com.tr\/index.php\/wp-json\/wp\/v2\/types\/product"}],"wp:attachment":[{"href":"https:\/\/roveyayinevi.com.tr\/index.php\/wp-json\/wp\/v2\/media?parent=736850"}],"wp:term":[{"taxonomy":"product_brand","embeddable":true,"href":"https:\/\/roveyayinevi.com.tr\/index.php\/wp-json\/wp\/v2\/product_brand?post=736850"},{"taxonomy":"product_cat","embeddable":true,"href":"https:\/\/roveyayinevi.com.tr\/index.php\/wp-json\/wp\/v2\/product_cat?post=736850"},{"taxonomy":"product_tag","embeddable":true,"href":"https:\/\/roveyayinevi.com.tr\/index.php\/wp-json\/wp\/v2\/product_tag?post=736850"}],"curies":[{"name":"wp","href":"https:\/\/api.w.org\/{rel}","templated":true}]}}