{"id":736849,"date":"2025-08-27T23:16:37","date_gmt":"2025-08-27T20:16:37","guid":{"rendered":"https:\/\/roveyayinevi.com.tr\/index.php\/urun\/donusum-28\/"},"modified":"2026-04-12T02:51:33","modified_gmt":"2026-04-11T23:51:33","slug":"donusum-28","status":"publish","type":"product","link":"https:\/\/roveyayinevi.com.tr\/index.php\/urun\/donusum-28\/","title":{"rendered":"D\u00f6n\u00fc\u015f\u00fcm"},"content":{"rendered":"<p>Bitmemi\u015f romanlar\u0131n yazar\u0131 Franz Kafka&#8217;dan daha ilk c\u00fcmlesiyle sadece ana karakterinin de\u011fil, okurunun da d\u00fcnyas\u0131n\u0131 alt\u00fcst eden bir ba\u015fyap\u0131t.<\/p>\n","protected":false},"excerpt":{"rendered":"<p>Bitmemi\u015f romanlar\u0131n yazar\u0131 Franz Kafka&#8217;dan daha ilk c\u00fcmlesiyle sadece ana karakterinin de\u011fil, okurunun da d\u00fcnyas\u0131n\u0131 alt\u00fcst eden bir ba\u015fyap\u0131t.<\/p>\n","protected":false},"featured_media":0,"template":"","meta":{"_monsterinsights_skip_tracking":false,"_monsterinsights_sitenote_active":false,"_monsterinsights_sitenote_note":"","_monsterinsights_sitenote_category":0},"product_brand":[],"product_cat":[12291,12711],"product_tag":[],"class_list":{"0":"post-736849","1":"product","2":"type-product","3":"status-publish","5":"product_cat-edebiyat","6":"product_cat-roman-oyku","7":"pa_cilt-ciltsiz","8":"pa_tur-kitap","9":"pa_yayinevi-turkuvaz-kitap","10":"pa_yazar-franz-kafka","12":"first","13":"instock","14":"sale","15":"shipping-taxable","16":"purchasable","17":"product-type-simple"},"_links":{"self":[{"href":"https:\/\/roveyayinevi.com.tr\/index.php\/wp-json\/wp\/v2\/product\/736849","targetHints":{"allow":["GET"]}}],"collection":[{"href":"https:\/\/roveyayinevi.com.tr\/index.php\/wp-json\/wp\/v2\/product"}],"about":[{"href":"https:\/\/roveyayinevi.com.tr\/index.php\/wp-json\/wp\/v2\/types\/product"}],"wp:attachment":[{"href":"https:\/\/roveyayinevi.com.tr\/index.php\/wp-json\/wp\/v2\/media?parent=736849"}],"wp:term":[{"taxonomy":"product_brand","embeddable":true,"href":"https:\/\/roveyayinevi.com.tr\/index.php\/wp-json\/wp\/v2\/product_brand?post=736849"},{"taxonomy":"product_cat","embeddable":true,"href":"https:\/\/roveyayinevi.com.tr\/index.php\/wp-json\/wp\/v2\/product_cat?post=736849"},{"taxonomy":"product_tag","embeddable":true,"href":"https:\/\/roveyayinevi.com.tr\/index.php\/wp-json\/wp\/v2\/product_tag?post=736849"}],"curies":[{"name":"wp","href":"https:\/\/api.w.org\/{rel}","templated":true}]}}