{"id":736848,"date":"2025-08-27T23:16:35","date_gmt":"2025-08-27T20:16:35","guid":{"rendered":"https:\/\/roveyayinevi.com.tr\/index.php\/urun\/buyuk-macera-hayretix-derin-sularda\/"},"modified":"2026-04-16T02:45:53","modified_gmt":"2026-04-15T23:45:53","slug":"buyuk-macera-hayretix-derin-sularda","status":"publish","type":"product","link":"https:\/\/roveyayinevi.com.tr\/index.php\/urun\/buyuk-macera-hayretix-derin-sularda\/","title":{"rendered":"B\u00fcy\u00fck Macera &#8211; Hayretix Derin Sularda"},"content":{"rendered":"<p>Merhaba Arkada\u015flar, Ben Hayretix. Birlikte \u00f6yle \u00e7\u0131lg\u0131n bir macera ya\u015fayaca\u011f\u0131z ki! Duyduklar\u0131n\u0131za inanamayacaks\u0131n\u0131z. Biliyor musunuz? \u2022 Sular\u0131n derinliklerinde \u00e7ok acayip \u015feyler oluyor. Mesel\u00e2 bir bal\u0131\u011f\u0131n g\u00f6z\u00fc yer de\u011fi\u015ftiriyor! Do\u011fdu\u011funda g\u00f6zleri iki yan\u0131nda olan bu bal\u0131k birka\u00e7 haftal\u0131kken, bir mucize oluyor. G\u00f6z\u00fcn\u00fcn biri kaymaya ba\u015flay\u0131p di\u011fer g\u00f6z\u00fcn yan\u0131na ge\u00e7iyor. \u2022 Darac\u0131k bir ge\u00e7itten ge\u00e7erken neredeyse s\u0131v\u0131ya d\u00f6n\u00fc\u015fen bir hayvan var. Denizh\u0131yar\u0131, kendisine verilen muhte\u015fem n\u00f6rolojik kontrol mekanizmas\u0131 ile kat\u0131 doku yap\u0131s\u0131n\u0131 s\u0131v\u0131ms\u0131 hale d\u00f6n\u00fc\u015ft\u00fcrebiliyor. \u2022 Siyah Ejder Bal\u0131\u011f\u0131n\u0131n g\u00f6zlerinin yanlar\u0131nda el fenerleri gibi \u0131\u015f\u0131k sa\u00e7an b\u00f6lgeleri, karn\u0131 boyunca dizilmi\u015f \u0131\u015f\u0131k organlar\u0131 ve y\u00fczge\u00e7 b\u00f6lgesinde ise \u0131\u015f\u0131k sa\u00e7an bir h\u0131rs\u0131z alarm sistemi bulunuyor. \u2022 37 metre uzunlu\u011fundaki deniz canl\u0131s\u0131ndan, d\u00fc\u015fman\u0131na \u0131\u015f\u0131k bulutu p\u00fcsk\u00fcrten karidese ve \u0131\u015f\u0131klar\u0131yla denizleri k\u0131pk\u0131rm\u0131z\u0131 parlatan bitkilere kadar, s\u0131ra d\u0131\u015f\u0131 canl\u0131lar var. Nefes kesen derin sular, b\u00f6yle ilgin\u00e7 olaylara sahne oluyor. Her ge\u00e7en g\u00fcn, yepyeni s\u0131rlar\u0131n\u0131 f\u0131s\u0131ld\u0131yorlar bizlere. Seslerini duyuyor musunuz? SUALTI D\u00dcNYASININ HAR\u0130KA HAZ\u0130NELER\u0130N\u0130 KE\u015eFETMEYE NE DERS\u0130N\u0130Z? \u00d6YLEYSE HAYD\u0130 DALI\u015e SER\u00dcVEN\u0130M\u0130Z BA\u015eLIYOOOOR. <\/p>\n","protected":false},"excerpt":{"rendered":"<p>Merhaba Arkada\u015flar, Ben Hayretix. Birlikte \u00f6yle \u00e7\u0131lg\u0131n bir macera ya\u015fayaca\u011f\u0131z ki! Duyduklar\u0131n\u0131za inanamayacaks\u0131n\u0131z. Biliyor musunuz? \u2022 Sular\u0131n derinliklerinde \u00e7ok acayip \u015feyler oluyor. Mesel\u00e2 bir bal\u0131\u011f\u0131n g\u00f6z\u00fc<span class=\"excerpt-hellip\"> [\u2026]<\/span><\/p>\n","protected":false},"featured_media":0,"template":"","meta":{"_monsterinsights_skip_tracking":false,"_monsterinsights_sitenote_active":false,"_monsterinsights_sitenote_note":"","_monsterinsights_sitenote_category":0},"product_brand":[],"product_cat":[12274,12284],"product_tag":[],"class_list":{"0":"post-736848","1":"product","2":"type-product","3":"status-publish","5":"product_cat-cocuk-ve-genclik-kitaplari","6":"product_cat-hikayeler","7":"pa_cilt-ciltsiz","8":"pa_tur-kitap","9":"pa_yayinevi-nar-agaci-cocuk-yayinlari","10":"pa_yazar-elif-lale","12":"first","13":"instock","14":"sale","15":"shipping-taxable","16":"purchasable","17":"product-type-simple"},"_links":{"self":[{"href":"https:\/\/roveyayinevi.com.tr\/index.php\/wp-json\/wp\/v2\/product\/736848","targetHints":{"allow":["GET"]}}],"collection":[{"href":"https:\/\/roveyayinevi.com.tr\/index.php\/wp-json\/wp\/v2\/product"}],"about":[{"href":"https:\/\/roveyayinevi.com.tr\/index.php\/wp-json\/wp\/v2\/types\/product"}],"wp:attachment":[{"href":"https:\/\/roveyayinevi.com.tr\/index.php\/wp-json\/wp\/v2\/media?parent=736848"}],"wp:term":[{"taxonomy":"product_brand","embeddable":true,"href":"https:\/\/roveyayinevi.com.tr\/index.php\/wp-json\/wp\/v2\/product_brand?post=736848"},{"taxonomy":"product_cat","embeddable":true,"href":"https:\/\/roveyayinevi.com.tr\/index.php\/wp-json\/wp\/v2\/product_cat?post=736848"},{"taxonomy":"product_tag","embeddable":true,"href":"https:\/\/roveyayinevi.com.tr\/index.php\/wp-json\/wp\/v2\/product_tag?post=736848"}],"curies":[{"name":"wp","href":"https:\/\/api.w.org\/{rel}","templated":true}]}}