{"id":736845,"date":"2025-08-27T23:16:32","date_gmt":"2025-08-27T20:16:32","guid":{"rendered":"https:\/\/roveyayinevi.com.tr\/index.php\/urun\/efil-ekonomi-arastirmalari-dergisi-cilt-3-sayi-9\/"},"modified":"2026-04-16T02:45:53","modified_gmt":"2026-04-15T23:45:53","slug":"efil-ekonomi-arastirmalari-dergisi-cilt-3-sayi-9","status":"publish","type":"product","link":"https:\/\/roveyayinevi.com.tr\/index.php\/urun\/efil-ekonomi-arastirmalari-dergisi-cilt-3-sayi-9\/","title":{"rendered":"Efil Ekonomi Ara\u015ft\u0131rmalar\u0131 Dergisi Cilt 3 Say\u0131 9"},"content":{"rendered":"<p>Be\u015feri Sermaye \u2013 \u00dccret veya Maa\u015f Kar\u015f\u0131l\u0131\u011f\u0131nda \u00c7al\u0131\u015fma \u0130li\u015fkisi, 2005-2018 \u2013 \u0130nsan Tunal\u0131K\u00fcresel Is\u0131nma-\u0130klim De\u011fi\u015fikli\u011fi ve T\u00fcrkiye \u2013 Ahmet \u015eahin\u00f6zAyn\u0131 \u0130ktisat, Farkl\u0131 Rasyonellik: \u0130ktisadi Okullar \u0130\u00e7in Bir Kar\u015f\u0131la\u015ft\u0131rma \u2013 Sibel Can Kamber, Bora S\u00fcsl\u00fcLippmann\u2019dan Thaler\u2019e, Neo-Liberal D\u00fc\u015f\u00fcncede Kitleleri Y\u00f6nlendirenler ve Ama\u00e7lar\u0131 \u2013 Burak G\u00fcrb\u00fczCyrus Hamlin, Pragmatizm ve Robert Kolej\u2019in T\u00fcrkiye Modernle\u015fmesindeki Rol\u00fc \u2013 Kardelen Kaya, Altu\u011f Yal\u00e7\u0131nta\u015fWeberyan Subjektif Rasyonalite: Osmanl\u0131 \u0130ktisadi Zihniyeti \u2013 Cumali Bozpinar<\/p>\n","protected":false},"excerpt":{"rendered":"<p>Be\u015feri Sermaye \u2013 \u00dccret veya Maa\u015f Kar\u015f\u0131l\u0131\u011f\u0131nda \u00c7al\u0131\u015fma \u0130li\u015fkisi, 2005-2018 \u2013 \u0130nsan Tunal\u0131K\u00fcresel Is\u0131nma-\u0130klim De\u011fi\u015fikli\u011fi ve T\u00fcrkiye \u2013 Ahmet \u015eahin\u00f6zAyn\u0131 \u0130ktisat, Farkl\u0131 Rasyonellik: \u0130ktisadi Okullar \u0130\u00e7in<span class=\"excerpt-hellip\"> [\u2026]<\/span><\/p>\n","protected":false},"featured_media":0,"template":"","meta":{"_monsterinsights_skip_tracking":false,"_monsterinsights_sitenote_active":false,"_monsterinsights_sitenote_note":"","_monsterinsights_sitenote_category":0},"product_brand":[],"product_cat":[13527],"product_tag":[],"class_list":{"0":"post-736845","1":"product","2":"type-product","3":"status-publish","5":"product_cat-sureli-yayinlar","6":"pa_cilt-ciltsiz","7":"pa_tur-dergi","8":"pa_yayinevi-efil-yayinevi-dergi","9":"pa_yazar-efil-yayinevi-kolektif","11":"first","12":"instock","13":"sale","14":"shipping-taxable","15":"purchasable","16":"product-type-simple"},"_links":{"self":[{"href":"https:\/\/roveyayinevi.com.tr\/index.php\/wp-json\/wp\/v2\/product\/736845","targetHints":{"allow":["GET"]}}],"collection":[{"href":"https:\/\/roveyayinevi.com.tr\/index.php\/wp-json\/wp\/v2\/product"}],"about":[{"href":"https:\/\/roveyayinevi.com.tr\/index.php\/wp-json\/wp\/v2\/types\/product"}],"wp:attachment":[{"href":"https:\/\/roveyayinevi.com.tr\/index.php\/wp-json\/wp\/v2\/media?parent=736845"}],"wp:term":[{"taxonomy":"product_brand","embeddable":true,"href":"https:\/\/roveyayinevi.com.tr\/index.php\/wp-json\/wp\/v2\/product_brand?post=736845"},{"taxonomy":"product_cat","embeddable":true,"href":"https:\/\/roveyayinevi.com.tr\/index.php\/wp-json\/wp\/v2\/product_cat?post=736845"},{"taxonomy":"product_tag","embeddable":true,"href":"https:\/\/roveyayinevi.com.tr\/index.php\/wp-json\/wp\/v2\/product_tag?post=736845"}],"curies":[{"name":"wp","href":"https:\/\/api.w.org\/{rel}","templated":true}]}}