{"id":736841,"date":"2025-08-27T23:16:28","date_gmt":"2025-08-27T20:16:28","guid":{"rendered":"https:\/\/roveyayinevi.com.tr\/index.php\/urun\/iffet\/"},"modified":"2026-04-16T02:45:52","modified_gmt":"2026-04-15T23:45:52","slug":"iffet","status":"publish","type":"product","link":"https:\/\/roveyayinevi.com.tr\/index.php\/urun\/iffet\/","title":{"rendered":"\u0130ffet"},"content":{"rendered":"<p>Bu g\u00fczellik tanr\u0131\u00e7as\u0131 sanki bu y\u0131k\u0131k konutu dola\u015fmaya gelmi\u015f bir hayaldi. Ya da tanr\u0131sal ressam, g\u00fczelli\u011finin eksiksiz olmas\u0131na o denli emek vermi\u015f oldu\u011funu sonradan \u00e7ekemeyerek, bu Ven\u00fcs\u2019\u00fc cehenneme atm\u0131\u015ft\u0131. Fele\u011fe k\u00fcsk\u00fcn bakan g\u00f6zlerinde a\u011flama izi k\u0131rm\u0131z\u0131l\u0131klar\u0131 vard\u0131. Bayg\u0131n g\u00f6zlerinin alt\u0131nda umutsuzlu\u011fun, bezginli\u011fin izi olan mavimt\u0131rak hafif siyahl\u0131klar g\u00f6r\u00fcl\u00fcyordu. Bunlar dolunaydaki lekelere benzer bir durum g\u00f6stermekteydi. \u00c7ehresindeki \u015fu h\u00fcz\u00fcnl\u00fc tazelik, zenginlik g\u00f6steri\u015fleri i\u00e7inde parlayan g\u00fczel y\u00fczlerden bin kat daha fazla ruhu ok\u015famaktayd\u0131. H\u00fcseyin Rahmi G\u00fcrp\u0131nar\u2019\u0131n insan ve toplum tasvirleriyle bezedi\u011fi \u0130ffet, h\u00e2li vakti yerinde bir ailenin \u00e7\u00f6k\u00fc\u015f hik\u00e2yesini anlat\u0131yor. Namus ve onur konular\u0131n\u0131 irdelerken, \u0130stanbul\u2019un fakir semtlerindeki ya\u015fay\u0131\u015f\u0131 ve insan manzaralar\u0131n\u0131 da g\u00f6zler \u00f6n\u00fcne seriyor. <\/p>\n","protected":false},"excerpt":{"rendered":"<p>Bu g\u00fczellik tanr\u0131\u00e7as\u0131 sanki bu y\u0131k\u0131k konutu dola\u015fmaya gelmi\u015f bir hayaldi. Ya da tanr\u0131sal ressam, g\u00fczelli\u011finin eksiksiz olmas\u0131na o denli emek vermi\u015f oldu\u011funu sonradan \u00e7ekemeyerek, bu<span class=\"excerpt-hellip\"> [\u2026]<\/span><\/p>\n","protected":false},"featured_media":0,"template":"","meta":{"_monsterinsights_skip_tracking":false,"_monsterinsights_sitenote_active":false,"_monsterinsights_sitenote_note":"","_monsterinsights_sitenote_category":0},"product_brand":[],"product_cat":[12291,12711],"product_tag":[],"class_list":{"0":"post-736841","1":"product","2":"type-product","3":"status-publish","5":"product_cat-edebiyat","6":"product_cat-roman-oyku","7":"pa_cilt-ciltsiz","8":"pa_tur-kitap","9":"pa_yayinevi-sms-yayinlari","10":"pa_yazar-huseyin-rahmi-gurpinar","12":"first","13":"instock","14":"sale","15":"shipping-taxable","16":"purchasable","17":"product-type-simple"},"_links":{"self":[{"href":"https:\/\/roveyayinevi.com.tr\/index.php\/wp-json\/wp\/v2\/product\/736841","targetHints":{"allow":["GET"]}}],"collection":[{"href":"https:\/\/roveyayinevi.com.tr\/index.php\/wp-json\/wp\/v2\/product"}],"about":[{"href":"https:\/\/roveyayinevi.com.tr\/index.php\/wp-json\/wp\/v2\/types\/product"}],"wp:attachment":[{"href":"https:\/\/roveyayinevi.com.tr\/index.php\/wp-json\/wp\/v2\/media?parent=736841"}],"wp:term":[{"taxonomy":"product_brand","embeddable":true,"href":"https:\/\/roveyayinevi.com.tr\/index.php\/wp-json\/wp\/v2\/product_brand?post=736841"},{"taxonomy":"product_cat","embeddable":true,"href":"https:\/\/roveyayinevi.com.tr\/index.php\/wp-json\/wp\/v2\/product_cat?post=736841"},{"taxonomy":"product_tag","embeddable":true,"href":"https:\/\/roveyayinevi.com.tr\/index.php\/wp-json\/wp\/v2\/product_tag?post=736841"}],"curies":[{"name":"wp","href":"https:\/\/api.w.org\/{rel}","templated":true}]}}