{"id":736840,"date":"2025-08-27T23:16:28","date_gmt":"2025-08-27T20:16:28","guid":{"rendered":"https:\/\/roveyayinevi.com.tr\/index.php\/urun\/efil-ekonomi-arastirmalari-dergisi-cilt-4-sayi-14\/"},"modified":"2026-04-16T02:45:52","modified_gmt":"2026-04-15T23:45:52","slug":"efil-ekonomi-arastirmalari-dergisi-cilt-4-sayi-14","status":"publish","type":"product","link":"https:\/\/roveyayinevi.com.tr\/index.php\/urun\/efil-ekonomi-arastirmalari-dergisi-cilt-4-sayi-14\/","title":{"rendered":"Efil Ekonomi Ara\u015ft\u0131rmalar\u0131 Dergisi Cilt 4 Say\u0131 14"},"content":{"rendered":"<p>Kar Oran\u0131n\u0131n D\u00fc\u015fme E\u011filimi \u2013 Bir De\u011ferlendirme \u2013 Volkan Demir, Turan Suba\u015fatAr-Ge Faaliyetleri ile Ekonomik B\u00fcy\u00fcme ve B\u00f6l\u00fc\u015f\u00fcm \u0130li\u015fkileri Aras\u0131ndaki \u0130li\u015fki: T\u00fcrkiye \u00d6rne\u011fi \u2013 Semih \u00c7a\u011fan, Osman Aydo\u011fu\u015fAdam Smith\u2019in \u0130ktisad\u0131ndaki Kurumsal \u00d6geleri Mitchell\u2019le Okumak \u2013 \u0130lker BulutA New Approach in Determining Social Performance: Sustainable Development Principles and Turkey\u2019s Outlook \u2013 Ay\u00e7a Fettaho\u011flu<\/p>\n","protected":false},"excerpt":{"rendered":"<p>Kar Oran\u0131n\u0131n D\u00fc\u015fme E\u011filimi \u2013 Bir De\u011ferlendirme \u2013 Volkan Demir, Turan Suba\u015fatAr-Ge Faaliyetleri ile Ekonomik B\u00fcy\u00fcme ve B\u00f6l\u00fc\u015f\u00fcm \u0130li\u015fkileri Aras\u0131ndaki \u0130li\u015fki: T\u00fcrkiye \u00d6rne\u011fi \u2013 Semih \u00c7a\u011fan,<span class=\"excerpt-hellip\"> [\u2026]<\/span><\/p>\n","protected":false},"featured_media":0,"template":"","meta":{"_monsterinsights_skip_tracking":false,"_monsterinsights_sitenote_active":false,"_monsterinsights_sitenote_note":"","_monsterinsights_sitenote_category":0},"product_brand":[],"product_cat":[13527],"product_tag":[],"class_list":{"0":"post-736840","1":"product","2":"type-product","3":"status-publish","5":"product_cat-sureli-yayinlar","6":"pa_cilt-ciltsiz","7":"pa_tur-kitap","8":"pa_yayinevi-efil-yayinevi-dergi","9":"pa_yazar-efil-yayinevi-kolektif","11":"first","12":"instock","13":"sale","14":"shipping-taxable","15":"purchasable","16":"product-type-simple"},"_links":{"self":[{"href":"https:\/\/roveyayinevi.com.tr\/index.php\/wp-json\/wp\/v2\/product\/736840","targetHints":{"allow":["GET"]}}],"collection":[{"href":"https:\/\/roveyayinevi.com.tr\/index.php\/wp-json\/wp\/v2\/product"}],"about":[{"href":"https:\/\/roveyayinevi.com.tr\/index.php\/wp-json\/wp\/v2\/types\/product"}],"wp:attachment":[{"href":"https:\/\/roveyayinevi.com.tr\/index.php\/wp-json\/wp\/v2\/media?parent=736840"}],"wp:term":[{"taxonomy":"product_brand","embeddable":true,"href":"https:\/\/roveyayinevi.com.tr\/index.php\/wp-json\/wp\/v2\/product_brand?post=736840"},{"taxonomy":"product_cat","embeddable":true,"href":"https:\/\/roveyayinevi.com.tr\/index.php\/wp-json\/wp\/v2\/product_cat?post=736840"},{"taxonomy":"product_tag","embeddable":true,"href":"https:\/\/roveyayinevi.com.tr\/index.php\/wp-json\/wp\/v2\/product_tag?post=736840"}],"curies":[{"name":"wp","href":"https:\/\/api.w.org\/{rel}","templated":true}]}}