{"id":736838,"date":"2025-08-27T23:16:25","date_gmt":"2025-08-27T20:16:25","guid":{"rendered":"https:\/\/roveyayinevi.com.tr\/index.php\/urun\/asilzadeler-2\/"},"modified":"2026-04-16T02:45:52","modified_gmt":"2026-04-15T23:45:52","slug":"asilzadeler-2","status":"publish","type":"product","link":"https:\/\/roveyayinevi.com.tr\/index.php\/urun\/asilzadeler-2\/","title":{"rendered":"Asilzadeler"},"content":{"rendered":"<p>Konusunu tarihten alan hik\u00e2yeleriyle ironiyi ustal\u0131kla bulu\u015fturan \u00d6mer Seyfettin\u2019in yaz\u0131nsal \u00fcretiminin panoramas\u0131n\u0131 sunan d\u00f6rt ayr\u0131 metin Asilzadeler\u2019de bir araya geliyor.<\/p>\n","protected":false},"excerpt":{"rendered":"<p>Konusunu tarihten alan hik\u00e2yeleriyle ironiyi ustal\u0131kla bulu\u015fturan \u00d6mer Seyfettin\u2019in yaz\u0131nsal \u00fcretiminin panoramas\u0131n\u0131 sunan d\u00f6rt ayr\u0131 metin Asilzadeler\u2019de bir araya geliyor.<\/p>\n","protected":false},"featured_media":0,"template":"","meta":{"_monsterinsights_skip_tracking":false,"_monsterinsights_sitenote_active":false,"_monsterinsights_sitenote_note":"","_monsterinsights_sitenote_category":0},"product_brand":[],"product_cat":[12291,12292],"product_tag":[],"class_list":{"0":"post-736838","1":"product","2":"type-product","3":"status-publish","5":"product_cat-edebiyat","6":"product_cat-turk-edebiyati","7":"pa_cilt-ciltsiz","8":"pa_tur-kitap","9":"pa_yayinevi-turkuvaz-kitap","10":"pa_yazar-omer-seyfettin","12":"first","13":"instock","14":"sale","15":"shipping-taxable","16":"purchasable","17":"product-type-simple"},"_links":{"self":[{"href":"https:\/\/roveyayinevi.com.tr\/index.php\/wp-json\/wp\/v2\/product\/736838","targetHints":{"allow":["GET"]}}],"collection":[{"href":"https:\/\/roveyayinevi.com.tr\/index.php\/wp-json\/wp\/v2\/product"}],"about":[{"href":"https:\/\/roveyayinevi.com.tr\/index.php\/wp-json\/wp\/v2\/types\/product"}],"wp:attachment":[{"href":"https:\/\/roveyayinevi.com.tr\/index.php\/wp-json\/wp\/v2\/media?parent=736838"}],"wp:term":[{"taxonomy":"product_brand","embeddable":true,"href":"https:\/\/roveyayinevi.com.tr\/index.php\/wp-json\/wp\/v2\/product_brand?post=736838"},{"taxonomy":"product_cat","embeddable":true,"href":"https:\/\/roveyayinevi.com.tr\/index.php\/wp-json\/wp\/v2\/product_cat?post=736838"},{"taxonomy":"product_tag","embeddable":true,"href":"https:\/\/roveyayinevi.com.tr\/index.php\/wp-json\/wp\/v2\/product_tag?post=736838"}],"curies":[{"name":"wp","href":"https:\/\/api.w.org\/{rel}","templated":true}]}}