{"id":736837,"date":"2025-08-27T23:16:24","date_gmt":"2025-08-27T20:16:24","guid":{"rendered":"https:\/\/roveyayinevi.com.tr\/index.php\/urun\/once-ask-vardi\/"},"modified":"2026-04-16T02:45:52","modified_gmt":"2026-04-15T23:45:52","slug":"once-ask-vardi","status":"publish","type":"product","link":"https:\/\/roveyayinevi.com.tr\/index.php\/urun\/once-ask-vardi\/","title":{"rendered":"\u00d6nce A\u015fk Vard\u0131"},"content":{"rendered":"<p>Divan \u015fiirine iki \u015fekilde n\u00fcfuz edilebilir: Birincisi, divanlar\u0131n d\u00fcnyas\u0131na girmekle; ikincisi, divanlardan \u00e7\u0131k\u0131p hayata bakmakla. Elinizdeki kitapta her ikisi birden kar\u015f\u0131m\u0131za \u00e7\u0131k\u0131yor. Yazar; Ahmed-i Dai\u2019den Fuzuli\u2019ye, \u015eeyh\u00fclislam Yahya Efendi\u2019den Senih-i Mevlevi\u2019ye \u00e2deta bir kaz\u0131ya giri\u015fiyor ve \u015fiirden hayata, hayattan \u015fiire a\u00e7\u0131lan pencereleri g\u00f6zler \u00f6n\u00fcne seriyor. Bu zamana kadar bu \u015fiirin hayattan uzakl\u0131\u011f\u0131na dair dile getirilen b\u00fct\u00fcn t\u00f6hmetleri her yaz\u0131da ayr\u0131 bir cevapla ge\u00e7ersiz k\u0131l\u0131yor. Kitap; ba\u015ftan b\u00f6yle bir ilkeyle yaz\u0131lmad\u0131 elbette, buna l\u00fczum da yoktur. \u015eiirin i\u00e7indeki hayat\u0131 ve hayat\u0131n i\u00e7indeki \u015fiiri g\u00f6rebilen her g\u00f6z, ortadaki inceli\u011fe ve b\u00fct\u00fcnl\u00fc\u011fe fazlas\u0131yla a\u015fina olur. Sufiler, bula\u015f\u0131c\u0131 hastal\u0131klar, etkileyici hayatlar, kahve, dilenciler, sahte \u015feyhler, t\u0131p, m\u00fczik, mitoloji, r\u00fcya ve elbette a\u015fk. Hangi birisi yok ki hayat\u0131m\u0131zda? \u00dcstelik b\u00fct\u00fcn bu hayat heng\u00e2mesinde a\u015fk ve \u015fiir daima g\u0131ptayla izlenecek iki b\u00fcy\u00fck \u00e7ekim g\u00fcc\u00fcd\u00fcr. Onlar ta\u015f\u0131rlar, hayat\u0131n y\u00fck\u00fcn\u00fc; d\u00fcn oldu\u011fu gibi bug\u00fcn de. B\u00fcy\u00fck k\u00fclt\u00fcr \u0131rma\u011f\u0131ndan tatmaya, Osmanl\u0131 co\u011frafyas\u0131nda ad\u0131m ad\u0131m dola\u015fmaya, bazen bulutlar \u00fczerinde u\u00e7maya bazen yery\u00fcz\u00fcnde ko\u015fmaya ve nihayet ustas\u0131yla birlikte Divan \u015fiirinin derinliklerine dalmaya ne dersiniz? <\/p>\n","protected":false},"excerpt":{"rendered":"<p>Divan \u015fiirine iki \u015fekilde n\u00fcfuz edilebilir: Birincisi, divanlar\u0131n d\u00fcnyas\u0131na girmekle; ikincisi, divanlardan \u00e7\u0131k\u0131p hayata bakmakla. Elinizdeki kitapta her ikisi birden kar\u015f\u0131m\u0131za \u00e7\u0131k\u0131yor. Yazar; Ahmed-i Dai\u2019den Fuzuli\u2019ye,<span class=\"excerpt-hellip\"> [\u2026]<\/span><\/p>\n","protected":false},"featured_media":0,"template":"","meta":{"_monsterinsights_skip_tracking":false,"_monsterinsights_sitenote_active":false,"_monsterinsights_sitenote_note":"","_monsterinsights_sitenote_category":0},"product_brand":[],"product_cat":[13072,12291],"product_tag":[],"class_list":{"0":"post-736837","1":"product","2":"type-product","3":"status-publish","5":"product_cat-arastirma-inceleme-referans","6":"product_cat-edebiyat","7":"pa_cilt-ciltsiz","8":"pa_tur-kitap","9":"pa_yayinevi-muhit-kitap","10":"pa_yazar-omur-ceylan","12":"first","13":"instock","14":"sale","15":"shipping-taxable","16":"purchasable","17":"product-type-simple"},"_links":{"self":[{"href":"https:\/\/roveyayinevi.com.tr\/index.php\/wp-json\/wp\/v2\/product\/736837","targetHints":{"allow":["GET"]}}],"collection":[{"href":"https:\/\/roveyayinevi.com.tr\/index.php\/wp-json\/wp\/v2\/product"}],"about":[{"href":"https:\/\/roveyayinevi.com.tr\/index.php\/wp-json\/wp\/v2\/types\/product"}],"wp:attachment":[{"href":"https:\/\/roveyayinevi.com.tr\/index.php\/wp-json\/wp\/v2\/media?parent=736837"}],"wp:term":[{"taxonomy":"product_brand","embeddable":true,"href":"https:\/\/roveyayinevi.com.tr\/index.php\/wp-json\/wp\/v2\/product_brand?post=736837"},{"taxonomy":"product_cat","embeddable":true,"href":"https:\/\/roveyayinevi.com.tr\/index.php\/wp-json\/wp\/v2\/product_cat?post=736837"},{"taxonomy":"product_tag","embeddable":true,"href":"https:\/\/roveyayinevi.com.tr\/index.php\/wp-json\/wp\/v2\/product_tag?post=736837"}],"curies":[{"name":"wp","href":"https:\/\/api.w.org\/{rel}","templated":true}]}}